{"id":6474,"date":"2021-07-12T16:19:03","date_gmt":"2021-07-12T14:19:03","guid":{"rendered":"https:\/\/powdercab.com\/re-max-lacoutete\/"},"modified":"2021-07-12T16:24:09","modified_gmt":"2021-07-12T14:24:09","slug":"lacoutete","status":"publish","type":"page","link":"https:\/\/powdercab.com\/fr\/lacoutete\/","title":{"rendered":"RE\/MAX Lacoutete"},"content":{"rendered":"[vc_row][vc_column width=\u00a0\u00bb3\/4&Prime; css=\u00a0\u00bb.vc_custom_1565952468479{padding-top: 50px !important;padding-bottom: 0px !important;}\u00a0\u00bb][vc_column_text css=\u00a0\u00bb.vc_custom_1626099641563{margin-bottom: 0px !important;}\u00a0\u00bb]\n<h2 style=\"text-align: left;\"><strong>En Partenariat Avec RE\/MAX Lacoutete\u00a0<\/strong><\/h2>\n[\/vc_column_text][mk_divider style=\u00a0\u00bbthick_solid\u00a0\u00bb][\/vc_column][vc_column width=\u00a0\u00bb1\/4&Prime;][mk_padding_divider size=\u00a0\u00bb50&Prime;][vc_single_image image=\u00a0\u00bb6462&Prime; img_size=\u00a0\u00bbfull\u00a0\u00bb alignment=\u00a0\u00bbcenter\u00a0\u00bb][\/vc_column][\/vc_row][vc_row css=\u00a0\u00bb.vc_custom_1565953807124{padding-top: 0px !important;padding-bottom: 30px !important;}\u00a0\u00bb][vc_column][vc_column_text css=\u00a0\u00bb.vc_custom_1626098037605{margin-bottom: 0px !important;}\u00a0\u00bb]Bienvenue sur la page de r\u00e9servation de transfert client de RE\/MAX Lacoutete.<\/p>\n<p>Veuillez utiliser notre g\u00e9n\u00e9rateur de devis \u00e0 droite et entrez le code promo <strong>LACOUTETE <\/strong>pour avoir acc\u00e8s \u00e0 vos tarifs de transfert exclusifs.[\/vc_column_text][vc_column_text css=\u00a0\u00bb.vc_custom_1626098722214{margin-bottom: 0px !important;}\u00a0\u00bb]\n<h4><strong>RE\/MAX Lacoutete &#8211; Pourquoi nous avons choisi PowderCab<\/strong><\/h4>\n<p>\u00ab\u00a0Lorsque nous avons d\u00e9cid\u00e9 de changer de partenaire de transfert et apr\u00e8s avoir vu des v\u00e9hicules de PowderCab dans les rues de Morzine pendant de nombreuses ann\u00e9es, nous avons d\u00e9cid\u00e9 de rencontrer les propri\u00e9taires Adam et Steve. Nous avons besoin d&rsquo;un processus simple, fiable et sans stress pour nos clients et apr\u00e8s avoir parl\u00e9 avec eux PowderCab \u00e9tait le choix \u00e9vident pour devenir notre partenaire de transfert<em>.<\/em>\u00a0\u00bb &#8211; Virginie (propri\u00e9taire de RE\/MAX Lacoutete)[\/vc_column_text][mk_padding_divider size=\u00a0\u00bb10&Prime;][\/vc_column][vc_column css=\u00a0\u00bb.vc_custom_1565953944372{padding-top: 15px !important;padding-bottom: 15px !important;}\u00a0\u00bb][vc_column_text css=\u00a0\u00bb.vc_custom_1565954498530{margin-bottom: 0px !important;}\u00a0\u00bb]\n<h4 style=\"text-align: left;\">Pourquoi R\u00e9server\u00a0Votre Voyage Avec PowderCab ?<\/h4>\n[\/vc_column_text][\/vc_column][\/vc_row][vc_row css=\u00a0\u00bb.vc_custom_1565954605264{padding-bottom: 30px !important;}\u00a0\u00bb][vc_column width=\u00a0\u00bb1\/2&Prime;][mk_icon_box icon=\u00a0\u00bbmk-icon-phone\u00a0\u00bb title=\u00a0\u00bbCommunication Facile\u00a0\u00bb font_weight=\u00a0\u00bbbold\u00a0\u00bb circled=\u00a0\u00bbtrue\u00a0\u00bb icon_color=\u00a0\u00bb#000000&Prime;]Une \u00e9quipe francophone et anglophone accueillante et fiable, joignable 24h\/24, 7j\/7.[\/mk_icon_box][mk_icon_box icon=\u00a0\u00bbmk-moon-man\u00a0\u00bb title=\u00a0\u00bbLa s\u00e9curit\u00e9 comme priorit\u00e9\u00a0\u00bb font_weight=\u00a0\u00bbbold\u00a0\u00bb circled=\u00a0\u00bbtrue\u00a0\u00bb icon_color=\u00a0\u00bb#000000&Prime;]Chauffeurs soigneusement s\u00e9lectionn\u00e9s et entrain\u00e9s \u00e0 la conduite en montagne.<\/p>\n[\/mk_icon_box][mk_icon_box icon=\u00a0\u00bbmk-icon-thumbs-o-up\u00a0\u00bb title=\u00a0\u00bbDes Prix Abordables\u00a0\u00bb font_weight=\u00a0\u00bbbold\u00a0\u00bb circled=\u00a0\u00bbtrue\u00a0\u00bb icon_color=\u00a0\u00bb#000000&Prime;]Des transferts accessibles, un rapport qualit\u00e9-prix garanti.[\/mk_icon_box][\/vc_column][vc_column width=\u00a0\u00bb1\/2&Prime;][mk_icon_box icon=\u00a0\u00bbmk-icon-euro\u00a0\u00bb title=\u00a0\u00bbUn Service Tout Compris, Sans Surtaxes\u00a0\u00bb font_weight=\u00a0\u00bbbold\u00a0\u00bb circled=\u00a0\u00bbtrue\u00a0\u00bb icon_color=\u00a0\u00bb#000000&Prime;]Transport gratuits de vos skis, snowboards ou v\u00e9los. Pr\u00eat gratuit de rehausseurs et si\u00e8ges b\u00e9b\u00e9.[\/mk_icon_box][mk_icon_box icon=\u00a0\u00bbmk-icon-bus\u00a0\u00bb title=\u00a0\u00bbMinibus Tout Confort\u00a0\u00bb font_weight=\u00a0\u00bbbold\u00a0\u00bb circled=\u00a0\u00bbtrue\u00a0\u00bb icon_color=\u00a0\u00bb#000000&Prime;]Nos v\u00e9hicules sont tous spacieux, \u00e9quip\u00e9 de l\u2019air conditionn\u00e9, de barres de protection et de cha\u00eenes \u00e0 neige.[\/mk_icon_box][mk_icon_box icon=\u00a0\u00bbmk-icon-credit-card\u00a0\u00bb title=\u00a0\u00bbUn Payement En Ligne S\u00e9curis\u00e9\u00a0\u00bb font_weight=\u00a0\u00bbbold\u00a0\u00bb circled=\u00a0\u00bbtrue\u00a0\u00bb icon_color=\u00a0\u00bb#000000&Prime;]Paiements en ligne s\u00e9curis\u00e9s sans frais de carte de cr\u00e9dit et toutes taxes comprises.[\/mk_icon_box][\/vc_column][\/vc_row][vc_row][vc_column][vc_single_image image=\u00a0\u00bb4633&Prime; img_size=\u00a0\u00bbfull\u00a0\u00bb alignment=\u00a0\u00bbcenter\u00a0\u00bb][\/vc_column][\/vc_row]\n","protected":false},"excerpt":{"rendered":"<p>[vc_row][vc_column width=\u00a0\u00bb3\/4&Prime; css=\u00a0\u00bb.vc_custom_1565952468479{padding-top: 50px !important;padding-bottom: 0px !important;}\u00a0\u00bb][vc_column_text css=\u00a0\u00bb.vc_custom_1626099641563{margin-bottom: 0px !important;}\u00a0\u00bb] En Partenariat Avec RE\/MAX Lacoutete\u00a0 [\/vc_column_text][mk_divider style=\u00a0\u00bbthick_solid\u00a0\u00bb][\/vc_column][vc_column width=\u00a0\u00bb1\/4&Prime;][mk_padding_divider size=\u00a0\u00bb50&Prime;][vc_single_image image=\u00a0\u00bb6462&Prime; img_size=\u00a0\u00bbfull\u00a0\u00bb alignment=\u00a0\u00bbcenter\u00a0\u00bb][\/vc_column][\/vc_row][vc_row css=\u00a0\u00bb.vc_custom_1565953807124{padding-top: 0px !important;padding-bottom: 30px !important;}\u00a0\u00bb][vc_column][vc_column_text css=\u00a0\u00bb.vc_custom_1626098037605{margin-bottom: 0px !important;}\u00a0\u00bb]Bienvenue sur la page de r\u00e9servation de transfert client de RE\/MAX Lacoutete. Veuillez utiliser notre g\u00e9n\u00e9rateur de devis \u00e0 droite et entrez le code promo LACOUTETE [&hellip;]<\/p>\n","protected":false},"author":5,"featured_media":0,"parent":0,"menu_order":0,"comment_status":"closed","ping_status":"closed","template":"","meta":{"footnotes":""},"class_list":["post-6474","page","type-page","status-publish","hentry"],"yoast_head":"<!-- This site is optimized with the Yoast SEO plugin v26.8 - https:\/\/yoast.com\/product\/yoast-seo-wordpress\/ -->\n<title>RE\/MAX Lacoutete - PowderCab<\/title>\n<meta name=\"robots\" content=\"noindex, follow\" \/>\n<meta property=\"og:locale\" content=\"fr_FR\" \/>\n<meta property=\"og:type\" content=\"article\" \/>\n<meta property=\"og:title\" content=\"RE\/MAX Lacoutete - PowderCab\" \/>\n<meta property=\"og:description\" content=\"[vc_row][vc_column width=\u00a0\u00bb3\/4&Prime; css=\u00a0\u00bb.vc_custom_1565952468479{padding-top: 50px !important;padding-bottom: 0px !important;}\u00a0\u00bb][vc_column_text css=\u00a0\u00bb.vc_custom_1626099641563{margin-bottom: 0px !important;}\u00a0\u00bb] En Partenariat Avec RE\/MAX Lacoutete\u00a0 [\/vc_column_text][mk_divider style=\u00a0\u00bbthick_solid\u00a0\u00bb][\/vc_column][vc_column width=\u00a0\u00bb1\/4&Prime;][mk_padding_divider size=\u00a0\u00bb50&Prime;][vc_single_image image=\u00a0\u00bb6462&Prime; img_size=\u00a0\u00bbfull\u00a0\u00bb alignment=\u00a0\u00bbcenter\u00a0\u00bb][\/vc_column][\/vc_row][vc_row css=\u00a0\u00bb.vc_custom_1565953807124{padding-top: 0px !important;padding-bottom: 30px !important;}\u00a0\u00bb][vc_column][vc_column_text css=\u00a0\u00bb.vc_custom_1626098037605{margin-bottom: 0px !important;}\u00a0\u00bb]Bienvenue sur la page de r\u00e9servation de transfert client de RE\/MAX Lacoutete. Veuillez utiliser notre g\u00e9n\u00e9rateur de devis \u00e0 droite et entrez le code promo LACOUTETE [&hellip;]\" \/>\n<meta property=\"og:url\" content=\"https:\/\/powdercab.com\/fr\/lacoutete\/\" \/>\n<meta property=\"og:site_name\" content=\"PowderCab\" \/>\n<meta property=\"article:modified_time\" content=\"2021-07-12T14:24:09+00:00\" \/>\n<meta name=\"twitter:card\" content=\"summary_large_image\" \/>\n<meta name=\"twitter:label1\" content=\"Dur\u00e9e de lecture estim\u00e9e\" \/>\n\t<meta name=\"twitter:data1\" content=\"3 minutes\" \/>\n<script type=\"application\/ld+json\" class=\"yoast-schema-graph\">{\"@context\":\"https:\/\/schema.org\",\"@graph\":[{\"@type\":\"WebPage\",\"@id\":\"https:\/\/powdercab.com\/fr\/lacoutete\/\",\"url\":\"https:\/\/powdercab.com\/fr\/lacoutete\/\",\"name\":\"RE\/MAX Lacoutete - PowderCab\",\"isPartOf\":{\"@id\":\"https:\/\/powdercab.com\/fr\/#website\"},\"datePublished\":\"2021-07-12T14:19:03+00:00\",\"dateModified\":\"2021-07-12T14:24:09+00:00\",\"breadcrumb\":{\"@id\":\"https:\/\/powdercab.com\/fr\/lacoutete\/#breadcrumb\"},\"inLanguage\":\"fr-FR\",\"potentialAction\":[{\"@type\":\"ReadAction\",\"target\":[\"https:\/\/powdercab.com\/fr\/lacoutete\/\"]}]},{\"@type\":\"BreadcrumbList\",\"@id\":\"https:\/\/powdercab.com\/fr\/lacoutete\/#breadcrumb\",\"itemListElement\":[{\"@type\":\"ListItem\",\"position\":1,\"name\":\"Home\",\"item\":\"https:\/\/powdercab.com\/fr\/\"},{\"@type\":\"ListItem\",\"position\":2,\"name\":\"RE\/MAX Lacoutete\"}]},{\"@type\":\"WebSite\",\"@id\":\"https:\/\/powdercab.com\/fr\/#website\",\"url\":\"https:\/\/powdercab.com\/fr\/\",\"name\":\"PowderCab\",\"description\":\"Alpine Resort Transfers\",\"potentialAction\":[{\"@type\":\"SearchAction\",\"target\":{\"@type\":\"EntryPoint\",\"urlTemplate\":\"https:\/\/powdercab.com\/fr\/?s={search_term_string}\"},\"query-input\":{\"@type\":\"PropertyValueSpecification\",\"valueRequired\":true,\"valueName\":\"search_term_string\"}}],\"inLanguage\":\"fr-FR\"}]}<\/script>\n<!-- \/ Yoast SEO plugin. -->","yoast_head_json":{"title":"RE\/MAX Lacoutete - PowderCab","robots":{"index":"noindex","follow":"follow"},"og_locale":"fr_FR","og_type":"article","og_title":"RE\/MAX Lacoutete - PowderCab","og_description":"[vc_row][vc_column width=\u00a0\u00bb3\/4&Prime; css=\u00a0\u00bb.vc_custom_1565952468479{padding-top: 50px !important;padding-bottom: 0px !important;}\u00a0\u00bb][vc_column_text css=\u00a0\u00bb.vc_custom_1626099641563{margin-bottom: 0px !important;}\u00a0\u00bb] En Partenariat Avec RE\/MAX Lacoutete\u00a0 [\/vc_column_text][mk_divider style=\u00a0\u00bbthick_solid\u00a0\u00bb][\/vc_column][vc_column width=\u00a0\u00bb1\/4&Prime;][mk_padding_divider size=\u00a0\u00bb50&Prime;][vc_single_image image=\u00a0\u00bb6462&Prime; img_size=\u00a0\u00bbfull\u00a0\u00bb alignment=\u00a0\u00bbcenter\u00a0\u00bb][\/vc_column][\/vc_row][vc_row css=\u00a0\u00bb.vc_custom_1565953807124{padding-top: 0px !important;padding-bottom: 30px !important;}\u00a0\u00bb][vc_column][vc_column_text css=\u00a0\u00bb.vc_custom_1626098037605{margin-bottom: 0px !important;}\u00a0\u00bb]Bienvenue sur la page de r\u00e9servation de transfert client de RE\/MAX Lacoutete. Veuillez utiliser notre g\u00e9n\u00e9rateur de devis \u00e0 droite et entrez le code promo LACOUTETE [&hellip;]","og_url":"https:\/\/powdercab.com\/fr\/lacoutete\/","og_site_name":"PowderCab","article_modified_time":"2021-07-12T14:24:09+00:00","twitter_card":"summary_large_image","twitter_misc":{"Dur\u00e9e de lecture estim\u00e9e":"3 minutes"},"schema":{"@context":"https:\/\/schema.org","@graph":[{"@type":"WebPage","@id":"https:\/\/powdercab.com\/fr\/lacoutete\/","url":"https:\/\/powdercab.com\/fr\/lacoutete\/","name":"RE\/MAX Lacoutete - PowderCab","isPartOf":{"@id":"https:\/\/powdercab.com\/fr\/#website"},"datePublished":"2021-07-12T14:19:03+00:00","dateModified":"2021-07-12T14:24:09+00:00","breadcrumb":{"@id":"https:\/\/powdercab.com\/fr\/lacoutete\/#breadcrumb"},"inLanguage":"fr-FR","potentialAction":[{"@type":"ReadAction","target":["https:\/\/powdercab.com\/fr\/lacoutete\/"]}]},{"@type":"BreadcrumbList","@id":"https:\/\/powdercab.com\/fr\/lacoutete\/#breadcrumb","itemListElement":[{"@type":"ListItem","position":1,"name":"Home","item":"https:\/\/powdercab.com\/fr\/"},{"@type":"ListItem","position":2,"name":"RE\/MAX Lacoutete"}]},{"@type":"WebSite","@id":"https:\/\/powdercab.com\/fr\/#website","url":"https:\/\/powdercab.com\/fr\/","name":"PowderCab","description":"Alpine Resort Transfers","potentialAction":[{"@type":"SearchAction","target":{"@type":"EntryPoint","urlTemplate":"https:\/\/powdercab.com\/fr\/?s={search_term_string}"},"query-input":{"@type":"PropertyValueSpecification","valueRequired":true,"valueName":"search_term_string"}}],"inLanguage":"fr-FR"}]}},"_links":{"self":[{"href":"https:\/\/powdercab.com\/fr\/wp-json\/wp\/v2\/pages\/6474","targetHints":{"allow":["GET"]}}],"collection":[{"href":"https:\/\/powdercab.com\/fr\/wp-json\/wp\/v2\/pages"}],"about":[{"href":"https:\/\/powdercab.com\/fr\/wp-json\/wp\/v2\/types\/page"}],"author":[{"embeddable":true,"href":"https:\/\/powdercab.com\/fr\/wp-json\/wp\/v2\/users\/5"}],"replies":[{"embeddable":true,"href":"https:\/\/powdercab.com\/fr\/wp-json\/wp\/v2\/comments?post=6474"}],"version-history":[{"count":5,"href":"https:\/\/powdercab.com\/fr\/wp-json\/wp\/v2\/pages\/6474\/revisions"}],"predecessor-version":[{"id":6477,"href":"https:\/\/powdercab.com\/fr\/wp-json\/wp\/v2\/pages\/6474\/revisions\/6477"}],"wp:attachment":[{"href":"https:\/\/powdercab.com\/fr\/wp-json\/wp\/v2\/media?parent=6474"}],"curies":[{"name":"wp","href":"https:\/\/api.w.org\/{rel}","templated":true}]}}