{"id":6369,"date":"2020-08-21T17:20:21","date_gmt":"2020-08-21T15:20:21","guid":{"rendered":"https:\/\/powdercab.com\/merci\/"},"modified":"2020-08-21T17:20:21","modified_gmt":"2020-08-21T15:20:21","slug":"merci","status":"publish","type":"page","link":"https:\/\/powdercab.com\/fr\/merci\/","title":{"rendered":"Merci"},"content":{"rendered":"<p>Nous vous remercions de votre demande et de l&rsquo;int\u00e9r\u00eat \u00e0 PowderCab ! Nous vous contacterons dans les plus brefs d\u00e9lais.<\/p>\n<p>L&rsquo;\u00e9quipe de PowderCab<\/p>\n","protected":false},"excerpt":{"rendered":"<p>Nous vous remercions de votre demande et de l&rsquo;int\u00e9r\u00eat \u00e0 PowderCab ! Nous vous contacterons dans les plus brefs d\u00e9lais. L&rsquo;\u00e9quipe de PowderCab<\/p>\n","protected":false},"author":1,"featured_media":0,"parent":0,"menu_order":0,"comment_status":"closed","ping_status":"closed","template":"","meta":{"footnotes":""},"class_list":["post-6369","page","type-page","status-publish","hentry"],"yoast_head":"<!-- This site is optimized with the Yoast SEO plugin v26.8 - https:\/\/yoast.com\/product\/yoast-seo-wordpress\/ -->\n<title>Merci - PowderCab<\/title>\n<meta name=\"robots\" content=\"index, follow, max-snippet:-1, max-image-preview:large, max-video-preview:-1\" \/>\n<link rel=\"canonical\" href=\"https:\/\/powdercab.com\/fr\/merci\/\" \/>\n<meta property=\"og:locale\" content=\"fr_FR\" \/>\n<meta property=\"og:type\" content=\"article\" \/>\n<meta property=\"og:title\" content=\"Merci - PowderCab\" \/>\n<meta property=\"og:description\" content=\"Nous vous remercions de votre demande et de l&rsquo;int\u00e9r\u00eat \u00e0 PowderCab ! Nous vous contacterons dans les plus brefs d\u00e9lais. L&rsquo;\u00e9quipe de PowderCab\" \/>\n<meta property=\"og:url\" content=\"https:\/\/powdercab.com\/fr\/merci\/\" \/>\n<meta property=\"og:site_name\" content=\"PowderCab\" \/>\n<meta name=\"twitter:card\" content=\"summary_large_image\" \/>\n<script type=\"application\/ld+json\" class=\"yoast-schema-graph\">{\"@context\":\"https:\/\/schema.org\",\"@graph\":[{\"@type\":\"WebPage\",\"@id\":\"https:\/\/powdercab.com\/fr\/merci\/\",\"url\":\"https:\/\/powdercab.com\/fr\/merci\/\",\"name\":\"Merci - PowderCab\",\"isPartOf\":{\"@id\":\"https:\/\/powdercab.com\/fr\/#website\"},\"datePublished\":\"2020-08-21T15:20:21+00:00\",\"breadcrumb\":{\"@id\":\"https:\/\/powdercab.com\/fr\/merci\/#breadcrumb\"},\"inLanguage\":\"fr-FR\",\"potentialAction\":[{\"@type\":\"ReadAction\",\"target\":[\"https:\/\/powdercab.com\/fr\/merci\/\"]}]},{\"@type\":\"BreadcrumbList\",\"@id\":\"https:\/\/powdercab.com\/fr\/merci\/#breadcrumb\",\"itemListElement\":[{\"@type\":\"ListItem\",\"position\":1,\"name\":\"Home\",\"item\":\"https:\/\/powdercab.com\/fr\/\"},{\"@type\":\"ListItem\",\"position\":2,\"name\":\"Merci\"}]},{\"@type\":\"WebSite\",\"@id\":\"https:\/\/powdercab.com\/fr\/#website\",\"url\":\"https:\/\/powdercab.com\/fr\/\",\"name\":\"PowderCab\",\"description\":\"Alpine Resort Transfers\",\"potentialAction\":[{\"@type\":\"SearchAction\",\"target\":{\"@type\":\"EntryPoint\",\"urlTemplate\":\"https:\/\/powdercab.com\/fr\/?s={search_term_string}\"},\"query-input\":{\"@type\":\"PropertyValueSpecification\",\"valueRequired\":true,\"valueName\":\"search_term_string\"}}],\"inLanguage\":\"fr-FR\"}]}<\/script>\n<!-- \/ Yoast SEO plugin. -->","yoast_head_json":{"title":"Merci - PowderCab","robots":{"index":"index","follow":"follow","max-snippet":"max-snippet:-1","max-image-preview":"max-image-preview:large","max-video-preview":"max-video-preview:-1"},"canonical":"https:\/\/powdercab.com\/fr\/merci\/","og_locale":"fr_FR","og_type":"article","og_title":"Merci - PowderCab","og_description":"Nous vous remercions de votre demande et de l&rsquo;int\u00e9r\u00eat \u00e0 PowderCab ! Nous vous contacterons dans les plus brefs d\u00e9lais. L&rsquo;\u00e9quipe de PowderCab","og_url":"https:\/\/powdercab.com\/fr\/merci\/","og_site_name":"PowderCab","twitter_card":"summary_large_image","schema":{"@context":"https:\/\/schema.org","@graph":[{"@type":"WebPage","@id":"https:\/\/powdercab.com\/fr\/merci\/","url":"https:\/\/powdercab.com\/fr\/merci\/","name":"Merci - PowderCab","isPartOf":{"@id":"https:\/\/powdercab.com\/fr\/#website"},"datePublished":"2020-08-21T15:20:21+00:00","breadcrumb":{"@id":"https:\/\/powdercab.com\/fr\/merci\/#breadcrumb"},"inLanguage":"fr-FR","potentialAction":[{"@type":"ReadAction","target":["https:\/\/powdercab.com\/fr\/merci\/"]}]},{"@type":"BreadcrumbList","@id":"https:\/\/powdercab.com\/fr\/merci\/#breadcrumb","itemListElement":[{"@type":"ListItem","position":1,"name":"Home","item":"https:\/\/powdercab.com\/fr\/"},{"@type":"ListItem","position":2,"name":"Merci"}]},{"@type":"WebSite","@id":"https:\/\/powdercab.com\/fr\/#website","url":"https:\/\/powdercab.com\/fr\/","name":"PowderCab","description":"Alpine Resort Transfers","potentialAction":[{"@type":"SearchAction","target":{"@type":"EntryPoint","urlTemplate":"https:\/\/powdercab.com\/fr\/?s={search_term_string}"},"query-input":{"@type":"PropertyValueSpecification","valueRequired":true,"valueName":"search_term_string"}}],"inLanguage":"fr-FR"}]}},"_links":{"self":[{"href":"https:\/\/powdercab.com\/fr\/wp-json\/wp\/v2\/pages\/6369","targetHints":{"allow":["GET"]}}],"collection":[{"href":"https:\/\/powdercab.com\/fr\/wp-json\/wp\/v2\/pages"}],"about":[{"href":"https:\/\/powdercab.com\/fr\/wp-json\/wp\/v2\/types\/page"}],"author":[{"embeddable":true,"href":"https:\/\/powdercab.com\/fr\/wp-json\/wp\/v2\/users\/1"}],"replies":[{"embeddable":true,"href":"https:\/\/powdercab.com\/fr\/wp-json\/wp\/v2\/comments?post=6369"}],"version-history":[{"count":0,"href":"https:\/\/powdercab.com\/fr\/wp-json\/wp\/v2\/pages\/6369\/revisions"}],"wp:attachment":[{"href":"https:\/\/powdercab.com\/fr\/wp-json\/wp\/v2\/media?parent=6369"}],"curies":[{"name":"wp","href":"https:\/\/api.w.org\/{rel}","templated":true}]}}