{"id":6209,"date":"2020-08-14T15:14:41","date_gmt":"2020-08-14T13:14:41","guid":{"rendered":"https:\/\/powdercab.com\/autres\/"},"modified":"2020-08-15T15:02:21","modified_gmt":"2020-08-15T13:02:21","slug":"autres","status":"publish","type":"page","link":"https:\/\/powdercab.com\/fr\/autres\/","title":{"rendered":"Autres"},"content":{"rendered":"[vc_row][vc_column][vc_column_text]\n<p style=\"text-align: justify;\">Voici quelques extras de nos amis locaux, notamment des restaurants, une masseuse mobile, une garderie, etc.<\/p>\n[\/vc_column_text][mk_padding_divider][vc_row_inner][vc_column_inner width=\u00a0\u00bb1\/4&Prime;][vc_single_image image=\u00a0\u00bb4644&Prime; img_size=\u00a0\u00bbfull\u00a0\u00bb alignment=\u00a0\u00bbcenter\u00a0\u00bb style=\u00a0\u00bbvc_box_rounded\u00a0\u00bb onclick=\u00a0\u00bbcustom_link\u00a0\u00bb img_link_target=\u00a0\u00bb_blank\u00a0\u00bb link=\u00a0\u00bbhttps:\/\/www.facebook.com\/lafermelindarets\/\u00a0\u00bb][\/vc_column_inner][vc_column_inner width=\u00a0\u00bb3\/4&Prime;][vc_column_text css=\u00a0\u00bb.vc_custom_1539787083062{margin-bottom: 0px !important;}\u00a0\u00bb]<a href=\"https:\/\/www.facebook.com\/lafermelindarets\/\"><strong><span style=\"text-decoration: underline;\"><span style=\"color: #000000; text-decoration: underline;\">Restaurant La Ferme<\/span><\/span><\/strong><\/a> &#8211; Situ\u00e9 dans le hameau des Lindarets juste en dessous du t\u00e9l\u00e9cabine d&rsquo;Ardent, vous trouverez un excellent restaurant proposant une carte de d\u00e9licieuses sp\u00e9cialit\u00e9s locales, les vraies recettes, des plats maisons et l\u00e0 encore, des prix imbattables ! Profitez de l\u2019incroyable terrasse au milieu des pistes pour reprendre des forces, l\u2019\u00e9t\u00e9 vous vous trouvez au centre du village des ch\u00e8vres, alpage ador\u00e9 des familles et point de d\u00e9part de magnifiques ballades. Pour les r\u00e9servations, veuillez appeler le +33 4 50 74 09 60.[\/vc_column_text][\/vc_column_inner][\/vc_row_inner][vc_separator][vc_row_inner][vc_column_inner width=\u00a0\u00bb1\/4&Prime;][vc_single_image image=\u00a0\u00bb4067&Prime; img_size=\u00a0\u00bblarge\u00a0\u00bb alignment=\u00a0\u00bbcenter\u00a0\u00bb style=\u00a0\u00bbvc_box_rounded\u00a0\u00bb onclick=\u00a0\u00bbcustom_link\u00a0\u00bb img_link_target=\u00a0\u00bb_blank\u00a0\u00bb link=\u00a0\u00bbhttp:\/\/www.mobilemountainmassage.com\/\u00a0\u00bb][\/vc_column_inner][vc_column_inner width=\u00a0\u00bb3\/4&Prime;][vc_column_text css=\u00a0\u00bb.vc_custom_1539787128350{margin-bottom: 0px !important;}\u00a0\u00bb]<strong><a href=\"http:\/\/www.mobilemountainmassage.com\/\">Mobile Mountain Massage<\/a><\/strong> &#8211; Une entreprise de massage mobile sympathique et professionnelle \u00e0 Morzine, Les Gets et St Jean D\u2019Aulps, proposant une gamme de soins rajeunissants et relaxants dans le confort de votre h\u00e9bergement. Pour les r\u00e9servations, veuillez appeler le +33 (0) 6 04 49 42 32.[\/vc_column_text][\/vc_column_inner][\/vc_row_inner][vc_separator][vc_row_inner][vc_column_inner width=\u00a0\u00bb1\/4&Prime;][vc_single_image image=\u00a0\u00bb4362&Prime; img_size=\u00a0\u00bbfull\u00a0\u00bb alignment=\u00a0\u00bbcenter\u00a0\u00bb style=\u00a0\u00bbvc_box_rounded\u00a0\u00bb onclick=\u00a0\u00bbcustom_link\u00a0\u00bb img_link_target=\u00a0\u00bb_blank\u00a0\u00bb link=\u00a0\u00bbhttps:\/\/www.mountain-rehab.com\u00a0\u00bb][\/vc_column_inner][vc_column_inner width=\u00a0\u00bb3\/4&Prime;][vc_column_text margin_bottom=\u00a0\u00bb20&Prime; css=\u00a0\u00bb.vc_custom_1539786948615{margin-bottom: 20px !important;}\u00a0\u00bb]<a href=\"https:\/\/www.mountain-rehab.com\"><span style=\"text-decoration: underline;\"><strong>Mountain Rehab<\/strong><\/span><\/a> &#8211; est une entreprise familiale bas\u00e9e \u00e0 Morzine qui a grandi gr\u00e2ce \u00e0 sa r\u00e9putation depuis 2007. Leur installation r\u00e9cemment r\u00e9nov\u00e9e dans le centre de Morzine comprend une salle de sport enti\u00e8rement \u00e9quip\u00e9e, un studio de classe spacieux et 4 salles de soins. Ils offrent une gamme compl\u00e8te de massage \/ spa \/ Services de physioth\u00e9rapie et cours de fitness \/ Pilates.[\/vc_column_text][\/vc_column_inner][\/vc_row_inner][vc_separator][vc_row_inner][vc_column_inner width=\u00a0\u00bb1\/4&Prime;][vc_single_image image=\u00a0\u00bb3958&Prime; img_size=\u00a0\u00bbfull\u00a0\u00bb alignment=\u00a0\u00bbcenter\u00a0\u00bb style=\u00a0\u00bbvc_box_rounded\u00a0\u00bb onclick=\u00a0\u00bbcustom_link\u00a0\u00bb img_link_target=\u00a0\u00bb_blank\u00a0\u00bb link=\u00a0\u00bbhttp:\/\/www.cheekymonkeysmorzine.com\/\u00a0\u00bb][\/vc_column_inner][vc_column_inner width=\u00a0\u00bb3\/4&Prime;][vc_column_text]<strong><span style=\"color: #000000;\"><a style=\"color: #000000;\" title=\"Morzine Child Care and Babysitting With Cheeky Monkeys\" href=\"http:\/\/www.cheekymonkeysmorzine.com\/\" target=\"_blank\" rel=\"noopener noreferrer\">Cheeky Monkeys Morzine<\/a><\/span><\/strong>\u00a0&#8211; Services de garde d\u2019enfants et de garde d\u2019enfants fournis par des gardiens d\u2019enfants qualifi\u00e9s et exp\u00e9riment\u00e9s bas\u00e9s \u00e0 Morzine. Cheeky Monkeys vise \u00e0 fournir un service de qualit\u00e9 adapt\u00e9 \u00e0 vous et aux besoins de vos enfants, pour vous assurer une exp\u00e9rience de vacances de ski agr\u00e9able et sans stress.[\/vc_column_text][\/vc_column_inner][\/vc_row_inner][vc_separator][vc_row_inner][vc_column_inner width=\u00a0\u00bb1\/4&Prime;][vc_single_image image=\u00a0\u00bb3172&Prime; img_size=\u00a0\u00bbfull\u00a0\u00bb alignment=\u00a0\u00bbcenter\u00a0\u00bb style=\u00a0\u00bbvc_box_rounded\u00a0\u00bb onclick=\u00a0\u00bbcustom_link\u00a0\u00bb img_link_target=\u00a0\u00bb_blank\u00a0\u00bb link=\u00a0\u00bbhttp:\/\/www.cheztoi.biz\/francais\/\u00a0\u00bb][\/vc_column_inner][vc_column_inner width=\u00a0\u00bb3\/4&Prime;][vc_column_text]<strong><span style=\"color: #000000;\"><a style=\"color: #000000;\" href=\"https:\/\/cheztoi.biz\/francais\/\" target=\"_blank\" rel=\"noopener noreferrer\">Chez Toi<\/a><\/span> <\/strong>&#8211; Une entreprise de restauration proposant des semaines enti\u00e8rement pr\u00e9par\u00e9es, des repas du soir uniques et m\u00eame des barbecues, en hiver et en \u00e9t\u00e9 \u00e0 Morzine et dans la Vall\u00e9e d\u2019Aulps.[\/vc_column_text][\/vc_column_inner][\/vc_row_inner][vc_separator][vc_row_inner][vc_column_inner width=\u00a0\u00bb1\/4&Prime;][vc_single_image image=\u00a0\u00bb4643&Prime; img_size=\u00a0\u00bbfull\u00a0\u00bb alignment=\u00a0\u00bbcenter\u00a0\u00bb style=\u00a0\u00bbvc_box_rounded\u00a0\u00bb onclick=\u00a0\u00bbcustom_link\u00a0\u00bb img_link_target=\u00a0\u00bb_blank\u00a0\u00bb link=\u00a0\u00bbhttps:\/\/www.alps2atlantic.com\/\u00a0\u00bb][\/vc_column_inner][vc_column_inner width=\u00a0\u00bb3\/4&Prime;][vc_column_text css=\u00a0\u00bb.vc_custom_1539786667794{margin-bottom: 0px !important;}\u00a0\u00bb]<a href=\"https:\/\/www.alps2atlantic.com\/\" target=\"_blank\" rel=\"noopener noreferrer\"><span style=\"text-decoration: underline;\"><strong>Alps2atlantic<\/strong><\/span><\/a> &#8211; offre une gamme compl\u00e8te de services traiteurs pour vous dans votre chalet ou appartement de ski. Des classiques de la famille cuisin\u00e9s \u00e0 la maison \u00e0 quelque chose d\u2019un peu plus sp\u00e9cial, tout est inclu (y compris la vaisselle !!). Service super sympa et facile \u00e0 r\u00e9server.[\/vc_column_text][\/vc_column_inner][\/vc_row_inner][vc_separator][\/vc_column][\/vc_row][vc_row][vc_column][mk_padding_divider][vc_message]Si vous avez une propri\u00e9t\u00e9 ou une entreprise que vous souhaitez annoncer (avec un \u00e9change de liens) et pensez que cela profiterait aux clients de PowderCab, veuillez <a href=\"mailto:info@powdercab.com\" target=\"_blank\" rel=\"noopener noreferrer\">contacter directement l&rsquo;\u00e9quipe PowderCab<\/a>.[\/vc_message][\/vc_column][\/vc_row]\n","protected":false},"excerpt":{"rendered":"<p>[vc_row][vc_column][vc_column_text] Voici quelques extras de nos amis locaux, notamment des restaurants, une masseuse mobile, une garderie, etc. [\/vc_column_text][mk_padding_divider][vc_row_inner][vc_column_inner width=\u00a0\u00bb1\/4&Prime;][vc_single_image image=\u00a0\u00bb4644&Prime; img_size=\u00a0\u00bbfull\u00a0\u00bb alignment=\u00a0\u00bbcenter\u00a0\u00bb style=\u00a0\u00bbvc_box_rounded\u00a0\u00bb onclick=\u00a0\u00bbcustom_link\u00a0\u00bb img_link_target=\u00a0\u00bb_blank\u00a0\u00bb link=\u00a0\u00bbhttps:\/\/www.facebook.com\/lafermelindarets\/\u00a0\u00bb][\/vc_column_inner][vc_column_inner width=\u00a0\u00bb3\/4&Prime;][vc_column_text css=\u00a0\u00bb.vc_custom_1539787083062{margin-bottom: 0px !important;}\u00a0\u00bb]Restaurant La Ferme &#8211; Situ\u00e9 dans le hameau des Lindarets juste en dessous du t\u00e9l\u00e9cabine d&rsquo;Ardent, vous trouverez un excellent restaurant proposant une carte de d\u00e9licieuses [&hellip;]<\/p>\n","protected":false},"author":5,"featured_media":0,"parent":0,"menu_order":0,"comment_status":"closed","ping_status":"closed","template":"","meta":{"footnotes":""},"class_list":["post-6209","page","type-page","status-publish","hentry"],"yoast_head":"<!-- This site is optimized with the Yoast SEO plugin v26.8 - https:\/\/yoast.com\/product\/yoast-seo-wordpress\/ -->\n<title>Autres - PowderCab<\/title>\n<meta name=\"robots\" content=\"index, follow, max-snippet:-1, max-image-preview:large, max-video-preview:-1\" \/>\n<link rel=\"canonical\" href=\"https:\/\/powdercab.com\/fr\/autres\/\" \/>\n<meta property=\"og:locale\" content=\"fr_FR\" \/>\n<meta property=\"og:type\" content=\"article\" \/>\n<meta property=\"og:title\" content=\"Autres - PowderCab\" \/>\n<meta property=\"og:description\" content=\"[vc_row][vc_column][vc_column_text] Voici quelques extras de nos amis locaux, notamment des restaurants, une masseuse mobile, une garderie, etc. [\/vc_column_text][mk_padding_divider][vc_row_inner][vc_column_inner width=\u00a0\u00bb1\/4&Prime;][vc_single_image image=\u00a0\u00bb4644&Prime; img_size=\u00a0\u00bbfull\u00a0\u00bb alignment=\u00a0\u00bbcenter\u00a0\u00bb style=\u00a0\u00bbvc_box_rounded\u00a0\u00bb onclick=\u00a0\u00bbcustom_link\u00a0\u00bb img_link_target=\u00a0\u00bb_blank\u00a0\u00bb link=\u00a0\u00bbhttps:\/\/www.facebook.com\/lafermelindarets\/\u00a0\u00bb][\/vc_column_inner][vc_column_inner width=\u00a0\u00bb3\/4&Prime;][vc_column_text css=\u00a0\u00bb.vc_custom_1539787083062{margin-bottom: 0px !important;}\u00a0\u00bb]Restaurant La Ferme &#8211; Situ\u00e9 dans le hameau des Lindarets juste en dessous du t\u00e9l\u00e9cabine d&rsquo;Ardent, vous trouverez un excellent restaurant proposant une carte de d\u00e9licieuses [&hellip;]\" \/>\n<meta property=\"og:url\" content=\"https:\/\/powdercab.com\/fr\/autres\/\" \/>\n<meta property=\"og:site_name\" content=\"PowderCab\" \/>\n<meta property=\"article:modified_time\" content=\"2020-08-15T13:02:21+00:00\" \/>\n<meta name=\"twitter:card\" content=\"summary_large_image\" \/>\n<meta name=\"twitter:label1\" content=\"Dur\u00e9e de lecture estim\u00e9e\" \/>\n\t<meta name=\"twitter:data1\" content=\"4 minutes\" \/>\n<script type=\"application\/ld+json\" class=\"yoast-schema-graph\">{\"@context\":\"https:\/\/schema.org\",\"@graph\":[{\"@type\":\"WebPage\",\"@id\":\"https:\/\/powdercab.com\/fr\/autres\/\",\"url\":\"https:\/\/powdercab.com\/fr\/autres\/\",\"name\":\"Autres - PowderCab\",\"isPartOf\":{\"@id\":\"https:\/\/powdercab.com\/fr\/#website\"},\"datePublished\":\"2020-08-14T13:14:41+00:00\",\"dateModified\":\"2020-08-15T13:02:21+00:00\",\"breadcrumb\":{\"@id\":\"https:\/\/powdercab.com\/fr\/autres\/#breadcrumb\"},\"inLanguage\":\"fr-FR\",\"potentialAction\":[{\"@type\":\"ReadAction\",\"target\":[\"https:\/\/powdercab.com\/fr\/autres\/\"]}]},{\"@type\":\"BreadcrumbList\",\"@id\":\"https:\/\/powdercab.com\/fr\/autres\/#breadcrumb\",\"itemListElement\":[{\"@type\":\"ListItem\",\"position\":1,\"name\":\"Home\",\"item\":\"https:\/\/powdercab.com\/fr\/\"},{\"@type\":\"ListItem\",\"position\":2,\"name\":\"Autres\"}]},{\"@type\":\"WebSite\",\"@id\":\"https:\/\/powdercab.com\/fr\/#website\",\"url\":\"https:\/\/powdercab.com\/fr\/\",\"name\":\"PowderCab\",\"description\":\"Alpine Resort Transfers\",\"potentialAction\":[{\"@type\":\"SearchAction\",\"target\":{\"@type\":\"EntryPoint\",\"urlTemplate\":\"https:\/\/powdercab.com\/fr\/?s={search_term_string}\"},\"query-input\":{\"@type\":\"PropertyValueSpecification\",\"valueRequired\":true,\"valueName\":\"search_term_string\"}}],\"inLanguage\":\"fr-FR\"}]}<\/script>\n<!-- \/ Yoast SEO plugin. -->","yoast_head_json":{"title":"Autres - PowderCab","robots":{"index":"index","follow":"follow","max-snippet":"max-snippet:-1","max-image-preview":"max-image-preview:large","max-video-preview":"max-video-preview:-1"},"canonical":"https:\/\/powdercab.com\/fr\/autres\/","og_locale":"fr_FR","og_type":"article","og_title":"Autres - PowderCab","og_description":"[vc_row][vc_column][vc_column_text] Voici quelques extras de nos amis locaux, notamment des restaurants, une masseuse mobile, une garderie, etc. [\/vc_column_text][mk_padding_divider][vc_row_inner][vc_column_inner width=\u00a0\u00bb1\/4&Prime;][vc_single_image image=\u00a0\u00bb4644&Prime; img_size=\u00a0\u00bbfull\u00a0\u00bb alignment=\u00a0\u00bbcenter\u00a0\u00bb style=\u00a0\u00bbvc_box_rounded\u00a0\u00bb onclick=\u00a0\u00bbcustom_link\u00a0\u00bb img_link_target=\u00a0\u00bb_blank\u00a0\u00bb link=\u00a0\u00bbhttps:\/\/www.facebook.com\/lafermelindarets\/\u00a0\u00bb][\/vc_column_inner][vc_column_inner width=\u00a0\u00bb3\/4&Prime;][vc_column_text css=\u00a0\u00bb.vc_custom_1539787083062{margin-bottom: 0px !important;}\u00a0\u00bb]Restaurant La Ferme &#8211; Situ\u00e9 dans le hameau des Lindarets juste en dessous du t\u00e9l\u00e9cabine d&rsquo;Ardent, vous trouverez un excellent restaurant proposant une carte de d\u00e9licieuses [&hellip;]","og_url":"https:\/\/powdercab.com\/fr\/autres\/","og_site_name":"PowderCab","article_modified_time":"2020-08-15T13:02:21+00:00","twitter_card":"summary_large_image","twitter_misc":{"Dur\u00e9e de lecture estim\u00e9e":"4 minutes"},"schema":{"@context":"https:\/\/schema.org","@graph":[{"@type":"WebPage","@id":"https:\/\/powdercab.com\/fr\/autres\/","url":"https:\/\/powdercab.com\/fr\/autres\/","name":"Autres - PowderCab","isPartOf":{"@id":"https:\/\/powdercab.com\/fr\/#website"},"datePublished":"2020-08-14T13:14:41+00:00","dateModified":"2020-08-15T13:02:21+00:00","breadcrumb":{"@id":"https:\/\/powdercab.com\/fr\/autres\/#breadcrumb"},"inLanguage":"fr-FR","potentialAction":[{"@type":"ReadAction","target":["https:\/\/powdercab.com\/fr\/autres\/"]}]},{"@type":"BreadcrumbList","@id":"https:\/\/powdercab.com\/fr\/autres\/#breadcrumb","itemListElement":[{"@type":"ListItem","position":1,"name":"Home","item":"https:\/\/powdercab.com\/fr\/"},{"@type":"ListItem","position":2,"name":"Autres"}]},{"@type":"WebSite","@id":"https:\/\/powdercab.com\/fr\/#website","url":"https:\/\/powdercab.com\/fr\/","name":"PowderCab","description":"Alpine Resort Transfers","potentialAction":[{"@type":"SearchAction","target":{"@type":"EntryPoint","urlTemplate":"https:\/\/powdercab.com\/fr\/?s={search_term_string}"},"query-input":{"@type":"PropertyValueSpecification","valueRequired":true,"valueName":"search_term_string"}}],"inLanguage":"fr-FR"}]}},"_links":{"self":[{"href":"https:\/\/powdercab.com\/fr\/wp-json\/wp\/v2\/pages\/6209","targetHints":{"allow":["GET"]}}],"collection":[{"href":"https:\/\/powdercab.com\/fr\/wp-json\/wp\/v2\/pages"}],"about":[{"href":"https:\/\/powdercab.com\/fr\/wp-json\/wp\/v2\/types\/page"}],"author":[{"embeddable":true,"href":"https:\/\/powdercab.com\/fr\/wp-json\/wp\/v2\/users\/5"}],"replies":[{"embeddable":true,"href":"https:\/\/powdercab.com\/fr\/wp-json\/wp\/v2\/comments?post=6209"}],"version-history":[{"count":3,"href":"https:\/\/powdercab.com\/fr\/wp-json\/wp\/v2\/pages\/6209\/revisions"}],"predecessor-version":[{"id":6294,"href":"https:\/\/powdercab.com\/fr\/wp-json\/wp\/v2\/pages\/6209\/revisions\/6294"}],"wp:attachment":[{"href":"https:\/\/powdercab.com\/fr\/wp-json\/wp\/v2\/media?parent=6209"}],"curies":[{"name":"wp","href":"https:\/\/api.w.org\/{rel}","templated":true}]}}