{"id":6206,"date":"2020-08-14T15:11:22","date_gmt":"2020-08-14T13:11:22","guid":{"rendered":"https:\/\/powdercab.com\/forfaits-de-ski\/"},"modified":"2020-08-15T15:00:04","modified_gmt":"2020-08-15T13:00:04","slug":"forfaits-de-ski","status":"publish","type":"page","link":"https:\/\/powdercab.com\/fr\/forfaits-de-ski\/","title":{"rendered":"Forfaits de Ski"},"content":{"rendered":"[vc_row][vc_column][vc_column_text]\n<p>Besoin de r\u00e9server votre forfait pour vos vacances? Eh bien maintenant, vous pouvez r\u00e9server \u00e0 l&rsquo;avance en utilisant les liens ci-dessous:<\/p>\n[\/vc_column_text][mk_padding_divider][vc_row_inner][vc_column_inner width=\u00a0\u00bb1\/4&Prime;][vc_single_image image=\u00a0\u00bb2805&Prime; img_size=\u00a0\u00bbfull\u00a0\u00bb alignment=\u00a0\u00bbcenter\u00a0\u00bb style=\u00a0\u00bbvc_box_rounded\u00a0\u00bb onclick=\u00a0\u00bbcustom_link\u00a0\u00bb img_link_target=\u00a0\u00bb_blank\u00a0\u00bb link=\u00a0\u00bbhttps:\/\/www.morzine-avoriaz.com\/ski.html\u00a0\u00bb][\/vc_column_inner][vc_column_inner width=\u00a0\u00bb3\/4&Prime;][vc_column_text margin_bottom=\u00a0\u00bb20&Prime;]\n<p>Pour conna\u00eetre les tarifs et r\u00e9servez en ligne votre forfait de ski pour <strong>Morzine<\/strong>, <strong>Les Gets<\/strong>, <strong>Avoriaz<\/strong> ou l\u2019une des autres stations des <strong>Portes du Soleil (PDS)<\/strong>, visitez le site de <a href=\"https:\/\/www.morzine-avoriaz.com\/ski.html\" target=\"_blank\" rel=\"noopener noreferrer\">l\u2019office de tourisme de Morzine-Avoriaz<\/a>.<\/p>\n<p>Vous pouvez r\u00e9server des forfaits quotidiens, week-end, hebdomadaires ou saisonniers pour des stations sp\u00e9cifiques, des stations locales et le domaine skiable complet.<\/p>\n[\/vc_column_text][\/vc_column_inner][\/vc_row_inner][vc_separator][vc_row_inner][vc_column_inner width=\u00a0\u00bb1\/4&Prime;][vc_single_image image=\u00a0\u00bb2804&Prime; img_size=\u00a0\u00bbfull\u00a0\u00bb alignment=\u00a0\u00bbcenter\u00a0\u00bb style=\u00a0\u00bbvc_box_rounded\u00a0\u00bb onclick=\u00a0\u00bbcustom_link\u00a0\u00bb img_link_target=\u00a0\u00bb_blank\u00a0\u00bb link=\u00a0\u00bbhttps:\/\/www.grand-massif.com\/votre-sejour\/forfait-de-ski\/\u00a0\u00bb][\/vc_column_inner][vc_column_inner width=\u00a0\u00bb3\/4&Prime;][vc_column_text]\n<p>Pour conna\u00eetre les tarifs et r\u00e9server votre forfait en ligne pour Samo\u00ebns, Morillon et le domaine skiable du Grand Massif, visitez le site du <a href=\"https:\/\/www.grand-massif.com\/votre-sejour\/forfait-de-ski\/\" target=\"_blank\" rel=\"noopener noreferrer\">Grand Massif website<\/a>.<\/p>\n<p>Vous pouvez r\u00e9server des forfaits quotidiens, week-end, hebdomadaires ou saisonniers pour des stations sp\u00e9cifiques, des stations locales et le domaine skiable complet.<\/p>\n[\/vc_column_text][\/vc_column_inner][\/vc_row_inner][vc_separator][\/vc_column][\/vc_row]\n","protected":false},"excerpt":{"rendered":"<p>[vc_row][vc_column][vc_column_text] Besoin de r\u00e9server votre forfait pour vos vacances? Eh bien maintenant, vous pouvez r\u00e9server \u00e0 l&rsquo;avance en utilisant les liens ci-dessous: [\/vc_column_text][mk_padding_divider][vc_row_inner][vc_column_inner width=\u00a0\u00bb1\/4&Prime;][vc_single_image image=\u00a0\u00bb2805&Prime; img_size=\u00a0\u00bbfull\u00a0\u00bb alignment=\u00a0\u00bbcenter\u00a0\u00bb style=\u00a0\u00bbvc_box_rounded\u00a0\u00bb onclick=\u00a0\u00bbcustom_link\u00a0\u00bb img_link_target=\u00a0\u00bb_blank\u00a0\u00bb link=\u00a0\u00bbhttps:\/\/www.morzine-avoriaz.com\/ski.html\u00a0\u00bb][\/vc_column_inner][vc_column_inner width=\u00a0\u00bb3\/4&Prime;][vc_column_text margin_bottom=\u00a0\u00bb20&Prime;] Pour conna\u00eetre les tarifs et r\u00e9servez en ligne votre forfait de ski pour Morzine, Les Gets, Avoriaz ou l\u2019une des autres stations [&hellip;]<\/p>\n","protected":false},"author":5,"featured_media":0,"parent":0,"menu_order":0,"comment_status":"closed","ping_status":"closed","template":"","meta":{"footnotes":""},"class_list":["post-6206","page","type-page","status-publish","hentry"],"yoast_head":"<!-- This site is optimized with the Yoast SEO plugin v26.8 - https:\/\/yoast.com\/product\/yoast-seo-wordpress\/ -->\n<title>Forfaits de Ski - PowderCab<\/title>\n<meta name=\"robots\" content=\"index, follow, max-snippet:-1, max-image-preview:large, max-video-preview:-1\" \/>\n<link rel=\"canonical\" href=\"https:\/\/powdercab.com\/fr\/forfaits-de-ski\/\" \/>\n<meta property=\"og:locale\" content=\"fr_FR\" \/>\n<meta property=\"og:type\" content=\"article\" \/>\n<meta property=\"og:title\" content=\"Forfaits de Ski - PowderCab\" \/>\n<meta property=\"og:description\" content=\"[vc_row][vc_column][vc_column_text] Besoin de r\u00e9server votre forfait pour vos vacances? Eh bien maintenant, vous pouvez r\u00e9server \u00e0 l&rsquo;avance en utilisant les liens ci-dessous: [\/vc_column_text][mk_padding_divider][vc_row_inner][vc_column_inner width=\u00a0\u00bb1\/4&Prime;][vc_single_image image=\u00a0\u00bb2805&Prime; img_size=\u00a0\u00bbfull\u00a0\u00bb alignment=\u00a0\u00bbcenter\u00a0\u00bb style=\u00a0\u00bbvc_box_rounded\u00a0\u00bb onclick=\u00a0\u00bbcustom_link\u00a0\u00bb img_link_target=\u00a0\u00bb_blank\u00a0\u00bb link=\u00a0\u00bbhttps:\/\/www.morzine-avoriaz.com\/ski.html\u00a0\u00bb][\/vc_column_inner][vc_column_inner width=\u00a0\u00bb3\/4&Prime;][vc_column_text margin_bottom=\u00a0\u00bb20&Prime;] Pour conna\u00eetre les tarifs et r\u00e9servez en ligne votre forfait de ski pour Morzine, Les Gets, Avoriaz ou l\u2019une des autres stations [&hellip;]\" \/>\n<meta property=\"og:url\" content=\"https:\/\/powdercab.com\/fr\/forfaits-de-ski\/\" \/>\n<meta property=\"og:site_name\" content=\"PowderCab\" \/>\n<meta property=\"article:modified_time\" content=\"2020-08-15T13:00:04+00:00\" \/>\n<meta name=\"twitter:card\" content=\"summary_large_image\" \/>\n<meta name=\"twitter:label1\" content=\"Dur\u00e9e de lecture estim\u00e9e\" \/>\n\t<meta name=\"twitter:data1\" content=\"1 minute\" \/>\n<script type=\"application\/ld+json\" class=\"yoast-schema-graph\">{\"@context\":\"https:\/\/schema.org\",\"@graph\":[{\"@type\":\"WebPage\",\"@id\":\"https:\/\/powdercab.com\/fr\/forfaits-de-ski\/\",\"url\":\"https:\/\/powdercab.com\/fr\/forfaits-de-ski\/\",\"name\":\"Forfaits de Ski - PowderCab\",\"isPartOf\":{\"@id\":\"https:\/\/powdercab.com\/fr\/#website\"},\"datePublished\":\"2020-08-14T13:11:22+00:00\",\"dateModified\":\"2020-08-15T13:00:04+00:00\",\"breadcrumb\":{\"@id\":\"https:\/\/powdercab.com\/fr\/forfaits-de-ski\/#breadcrumb\"},\"inLanguage\":\"fr-FR\",\"potentialAction\":[{\"@type\":\"ReadAction\",\"target\":[\"https:\/\/powdercab.com\/fr\/forfaits-de-ski\/\"]}]},{\"@type\":\"BreadcrumbList\",\"@id\":\"https:\/\/powdercab.com\/fr\/forfaits-de-ski\/#breadcrumb\",\"itemListElement\":[{\"@type\":\"ListItem\",\"position\":1,\"name\":\"Home\",\"item\":\"https:\/\/powdercab.com\/fr\/\"},{\"@type\":\"ListItem\",\"position\":2,\"name\":\"Forfaits de Ski\"}]},{\"@type\":\"WebSite\",\"@id\":\"https:\/\/powdercab.com\/fr\/#website\",\"url\":\"https:\/\/powdercab.com\/fr\/\",\"name\":\"PowderCab\",\"description\":\"Alpine Resort Transfers\",\"potentialAction\":[{\"@type\":\"SearchAction\",\"target\":{\"@type\":\"EntryPoint\",\"urlTemplate\":\"https:\/\/powdercab.com\/fr\/?s={search_term_string}\"},\"query-input\":{\"@type\":\"PropertyValueSpecification\",\"valueRequired\":true,\"valueName\":\"search_term_string\"}}],\"inLanguage\":\"fr-FR\"}]}<\/script>\n<!-- \/ Yoast SEO plugin. -->","yoast_head_json":{"title":"Forfaits de Ski - PowderCab","robots":{"index":"index","follow":"follow","max-snippet":"max-snippet:-1","max-image-preview":"max-image-preview:large","max-video-preview":"max-video-preview:-1"},"canonical":"https:\/\/powdercab.com\/fr\/forfaits-de-ski\/","og_locale":"fr_FR","og_type":"article","og_title":"Forfaits de Ski - PowderCab","og_description":"[vc_row][vc_column][vc_column_text] Besoin de r\u00e9server votre forfait pour vos vacances? Eh bien maintenant, vous pouvez r\u00e9server \u00e0 l&rsquo;avance en utilisant les liens ci-dessous: [\/vc_column_text][mk_padding_divider][vc_row_inner][vc_column_inner width=\u00a0\u00bb1\/4&Prime;][vc_single_image image=\u00a0\u00bb2805&Prime; img_size=\u00a0\u00bbfull\u00a0\u00bb alignment=\u00a0\u00bbcenter\u00a0\u00bb style=\u00a0\u00bbvc_box_rounded\u00a0\u00bb onclick=\u00a0\u00bbcustom_link\u00a0\u00bb img_link_target=\u00a0\u00bb_blank\u00a0\u00bb link=\u00a0\u00bbhttps:\/\/www.morzine-avoriaz.com\/ski.html\u00a0\u00bb][\/vc_column_inner][vc_column_inner width=\u00a0\u00bb3\/4&Prime;][vc_column_text margin_bottom=\u00a0\u00bb20&Prime;] Pour conna\u00eetre les tarifs et r\u00e9servez en ligne votre forfait de ski pour Morzine, Les Gets, Avoriaz ou l\u2019une des autres stations [&hellip;]","og_url":"https:\/\/powdercab.com\/fr\/forfaits-de-ski\/","og_site_name":"PowderCab","article_modified_time":"2020-08-15T13:00:04+00:00","twitter_card":"summary_large_image","twitter_misc":{"Dur\u00e9e de lecture estim\u00e9e":"1 minute"},"schema":{"@context":"https:\/\/schema.org","@graph":[{"@type":"WebPage","@id":"https:\/\/powdercab.com\/fr\/forfaits-de-ski\/","url":"https:\/\/powdercab.com\/fr\/forfaits-de-ski\/","name":"Forfaits de Ski - PowderCab","isPartOf":{"@id":"https:\/\/powdercab.com\/fr\/#website"},"datePublished":"2020-08-14T13:11:22+00:00","dateModified":"2020-08-15T13:00:04+00:00","breadcrumb":{"@id":"https:\/\/powdercab.com\/fr\/forfaits-de-ski\/#breadcrumb"},"inLanguage":"fr-FR","potentialAction":[{"@type":"ReadAction","target":["https:\/\/powdercab.com\/fr\/forfaits-de-ski\/"]}]},{"@type":"BreadcrumbList","@id":"https:\/\/powdercab.com\/fr\/forfaits-de-ski\/#breadcrumb","itemListElement":[{"@type":"ListItem","position":1,"name":"Home","item":"https:\/\/powdercab.com\/fr\/"},{"@type":"ListItem","position":2,"name":"Forfaits de Ski"}]},{"@type":"WebSite","@id":"https:\/\/powdercab.com\/fr\/#website","url":"https:\/\/powdercab.com\/fr\/","name":"PowderCab","description":"Alpine Resort Transfers","potentialAction":[{"@type":"SearchAction","target":{"@type":"EntryPoint","urlTemplate":"https:\/\/powdercab.com\/fr\/?s={search_term_string}"},"query-input":{"@type":"PropertyValueSpecification","valueRequired":true,"valueName":"search_term_string"}}],"inLanguage":"fr-FR"}]}},"_links":{"self":[{"href":"https:\/\/powdercab.com\/fr\/wp-json\/wp\/v2\/pages\/6206","targetHints":{"allow":["GET"]}}],"collection":[{"href":"https:\/\/powdercab.com\/fr\/wp-json\/wp\/v2\/pages"}],"about":[{"href":"https:\/\/powdercab.com\/fr\/wp-json\/wp\/v2\/types\/page"}],"author":[{"embeddable":true,"href":"https:\/\/powdercab.com\/fr\/wp-json\/wp\/v2\/users\/5"}],"replies":[{"embeddable":true,"href":"https:\/\/powdercab.com\/fr\/wp-json\/wp\/v2\/comments?post=6206"}],"version-history":[{"count":4,"href":"https:\/\/powdercab.com\/fr\/wp-json\/wp\/v2\/pages\/6206\/revisions"}],"predecessor-version":[{"id":6293,"href":"https:\/\/powdercab.com\/fr\/wp-json\/wp\/v2\/pages\/6206\/revisions\/6293"}],"wp:attachment":[{"href":"https:\/\/powdercab.com\/fr\/wp-json\/wp\/v2\/media?parent=6206"}],"curies":[{"name":"wp","href":"https:\/\/api.w.org\/{rel}","templated":true}]}}