{"id":6203,"date":"2020-08-14T15:06:18","date_gmt":"2020-08-14T13:06:18","guid":{"rendered":"https:\/\/powdercab.com\/location-de-ski-et-snowboard\/"},"modified":"2020-08-15T15:00:28","modified_gmt":"2020-08-15T13:00:28","slug":"location-de-ski-et-snowboard","status":"publish","type":"page","link":"https:\/\/powdercab.com\/fr\/location-de-ski-et-snowboard\/","title":{"rendered":"Location de Ski et Snowboard"},"content":{"rendered":"[vc_row][vc_column][vc_column_text]\n<p>Vous cherchez un endroit pour louer vos skis ou vos snowboards? Ne cherchez plus pour des r\u00e9ductions exclusives:<\/p>\n[\/vc_column_text][mk_padding_divider][vc_row_inner][vc_column_inner width=\u00a0\u00bb1\/4&Prime;][vc_single_image image=\u00a0\u00bb4646&Prime; img_size=\u00a0\u00bbfull\u00a0\u00bb alignment=\u00a0\u00bbcenter\u00a0\u00bb style=\u00a0\u00bbvc_box_rounded\u00a0\u00bb onclick=\u00a0\u00bbcustom_link\u00a0\u00bb img_link_target=\u00a0\u00bb_blank\u00a0\u00bb link=\u00a0\u00bbhttp:\/\/www.doorstepskis.com\/fr\/book\/a\/powder-cab\u00a0\u00bb][\/vc_column_inner][vc_column_inner width=\u00a0\u00bb3\/4&Prime;][vc_column_text css=\u00a0\u00bb.vc_custom_1539785941380{margin-bottom: 0px !important;}\u00a0\u00bb]<strong><a href=\"http:\/\/www.doorstepskis.com\/fr\/book\/a\/powder-cab\" target=\"_blank\" rel=\"noopener noreferrer\" data-saferedirecturl=\"https:\/\/www.google.com\/url?hl=en-GB&amp;q=http:\/\/www.doorstepskis.com\/book\/a\/powder-cab&amp;source=gmail&amp;ust=1508437981635000&amp;usg=AFQjCNHewYqfxre4xY79A5rIIL6YQtUCAA\">Doorstep Skis<\/a><\/strong> \u2013 Obtenez une r\u00e9duction de 20% \u00e0 40% du service de livraison de ski et de snowboard Premier de Morzine\u00a0<strong><a title=\"Please click here to visit the DoorStepSkis website\" href=\"http:\/\/www.doorstepskis.com\/fr\/book\/a\/powder-cab\" target=\"_blank\" rel=\"noopener noreferrer\" data-saferedirecturl=\"https:\/\/www.google.com\/url?hl=en-GB&amp;q=http:\/\/www.doorstepskis.com\/book\/a\/powder-cab&amp;source=gmail&amp;ust=1508437981635000&amp;usg=AFQjCNHewYqfxre4xY79A5rIIL6YQtUCAA\">ici<\/a><\/strong>! D\u00e9tendez-vous et laissez-les apporter votre \u00e9quipement de location pour l\u2019installation et le r\u00e9glage dans le confort de votre logement. Le moyen simple, facile et sans tracas de commencer vos vacances! \u00c9quipement de location haut de gamme d\u2019une valeur exceptionnelle, livr\u00e9 <strong>GRATUITEMENT<\/strong> et parfaitement \u00e9quip\u00e9![\/vc_column_text][\/vc_column_inner][\/vc_row_inner][vc_separator][\/vc_column][\/vc_row][vc_row][vc_column][mk_padding_divider][vc_message]Si vous avez une propri\u00e9t\u00e9 ou une entreprise que vous souhaitez annoncer (avec un \u00e9change de liens) et pensez que cela profiterait aux clients de PowderCab, veuillez <a href=\"mailto:info@powdercab.com\" target=\"_blank\" rel=\"noopener noreferrer\">contacter directement l&rsquo;\u00e9quipe PowderCab<\/a>.[\/vc_message][\/vc_column][\/vc_row]\n","protected":false},"excerpt":{"rendered":"<p>[vc_row][vc_column][vc_column_text] Vous cherchez un endroit pour louer vos skis ou vos snowboards? Ne cherchez plus pour des r\u00e9ductions exclusives: [\/vc_column_text][mk_padding_divider][vc_row_inner][vc_column_inner width=\u00a0\u00bb1\/4&Prime;][vc_single_image image=\u00a0\u00bb4646&Prime; img_size=\u00a0\u00bbfull\u00a0\u00bb alignment=\u00a0\u00bbcenter\u00a0\u00bb style=\u00a0\u00bbvc_box_rounded\u00a0\u00bb onclick=\u00a0\u00bbcustom_link\u00a0\u00bb img_link_target=\u00a0\u00bb_blank\u00a0\u00bb link=\u00a0\u00bbhttp:\/\/www.doorstepskis.com\/fr\/book\/a\/powder-cab\u00a0\u00bb][\/vc_column_inner][vc_column_inner width=\u00a0\u00bb3\/4&Prime;][vc_column_text css=\u00a0\u00bb.vc_custom_1539785941380{margin-bottom: 0px !important;}\u00a0\u00bb]Doorstep Skis \u2013 Obtenez une r\u00e9duction de 20% \u00e0 40% du service de livraison de ski et de snowboard Premier de Morzine\u00a0ici! D\u00e9tendez-vous et [&hellip;]<\/p>\n","protected":false},"author":5,"featured_media":0,"parent":0,"menu_order":0,"comment_status":"closed","ping_status":"closed","template":"","meta":{"footnotes":""},"class_list":["post-6203","page","type-page","status-publish","hentry"],"yoast_head":"<!-- This site is optimized with the Yoast SEO plugin v26.8 - https:\/\/yoast.com\/product\/yoast-seo-wordpress\/ -->\n<title>Location de Ski et Snowboard - PowderCab<\/title>\n<meta name=\"robots\" content=\"index, follow, max-snippet:-1, max-image-preview:large, max-video-preview:-1\" \/>\n<link rel=\"canonical\" href=\"https:\/\/powdercab.com\/fr\/location-de-ski-et-snowboard\/\" \/>\n<meta property=\"og:locale\" content=\"fr_FR\" \/>\n<meta property=\"og:type\" content=\"article\" \/>\n<meta property=\"og:title\" content=\"Location de Ski et Snowboard - PowderCab\" \/>\n<meta property=\"og:description\" content=\"[vc_row][vc_column][vc_column_text] Vous cherchez un endroit pour louer vos skis ou vos snowboards? Ne cherchez plus pour des r\u00e9ductions exclusives: [\/vc_column_text][mk_padding_divider][vc_row_inner][vc_column_inner width=\u00a0\u00bb1\/4&Prime;][vc_single_image image=\u00a0\u00bb4646&Prime; img_size=\u00a0\u00bbfull\u00a0\u00bb alignment=\u00a0\u00bbcenter\u00a0\u00bb style=\u00a0\u00bbvc_box_rounded\u00a0\u00bb onclick=\u00a0\u00bbcustom_link\u00a0\u00bb img_link_target=\u00a0\u00bb_blank\u00a0\u00bb link=\u00a0\u00bbhttp:\/\/www.doorstepskis.com\/fr\/book\/a\/powder-cab\u00a0\u00bb][\/vc_column_inner][vc_column_inner width=\u00a0\u00bb3\/4&Prime;][vc_column_text css=\u00a0\u00bb.vc_custom_1539785941380{margin-bottom: 0px !important;}\u00a0\u00bb]Doorstep Skis \u2013 Obtenez une r\u00e9duction de 20% \u00e0 40% du service de livraison de ski et de snowboard Premier de Morzine\u00a0ici! D\u00e9tendez-vous et [&hellip;]\" \/>\n<meta property=\"og:url\" content=\"https:\/\/powdercab.com\/fr\/location-de-ski-et-snowboard\/\" \/>\n<meta property=\"og:site_name\" content=\"PowderCab\" \/>\n<meta property=\"article:modified_time\" content=\"2020-08-15T13:00:28+00:00\" \/>\n<meta name=\"twitter:card\" content=\"summary_large_image\" \/>\n<meta name=\"twitter:label1\" content=\"Dur\u00e9e de lecture estim\u00e9e\" \/>\n\t<meta name=\"twitter:data1\" content=\"1 minute\" \/>\n<script type=\"application\/ld+json\" class=\"yoast-schema-graph\">{\"@context\":\"https:\/\/schema.org\",\"@graph\":[{\"@type\":\"WebPage\",\"@id\":\"https:\/\/powdercab.com\/fr\/location-de-ski-et-snowboard\/\",\"url\":\"https:\/\/powdercab.com\/fr\/location-de-ski-et-snowboard\/\",\"name\":\"Location de Ski et Snowboard - PowderCab\",\"isPartOf\":{\"@id\":\"https:\/\/powdercab.com\/fr\/#website\"},\"datePublished\":\"2020-08-14T13:06:18+00:00\",\"dateModified\":\"2020-08-15T13:00:28+00:00\",\"breadcrumb\":{\"@id\":\"https:\/\/powdercab.com\/fr\/location-de-ski-et-snowboard\/#breadcrumb\"},\"inLanguage\":\"fr-FR\",\"potentialAction\":[{\"@type\":\"ReadAction\",\"target\":[\"https:\/\/powdercab.com\/fr\/location-de-ski-et-snowboard\/\"]}]},{\"@type\":\"BreadcrumbList\",\"@id\":\"https:\/\/powdercab.com\/fr\/location-de-ski-et-snowboard\/#breadcrumb\",\"itemListElement\":[{\"@type\":\"ListItem\",\"position\":1,\"name\":\"Home\",\"item\":\"https:\/\/powdercab.com\/fr\/\"},{\"@type\":\"ListItem\",\"position\":2,\"name\":\"Location de Ski et Snowboard\"}]},{\"@type\":\"WebSite\",\"@id\":\"https:\/\/powdercab.com\/fr\/#website\",\"url\":\"https:\/\/powdercab.com\/fr\/\",\"name\":\"PowderCab\",\"description\":\"Alpine Resort Transfers\",\"potentialAction\":[{\"@type\":\"SearchAction\",\"target\":{\"@type\":\"EntryPoint\",\"urlTemplate\":\"https:\/\/powdercab.com\/fr\/?s={search_term_string}\"},\"query-input\":{\"@type\":\"PropertyValueSpecification\",\"valueRequired\":true,\"valueName\":\"search_term_string\"}}],\"inLanguage\":\"fr-FR\"}]}<\/script>\n<!-- \/ Yoast SEO plugin. -->","yoast_head_json":{"title":"Location de Ski et Snowboard - PowderCab","robots":{"index":"index","follow":"follow","max-snippet":"max-snippet:-1","max-image-preview":"max-image-preview:large","max-video-preview":"max-video-preview:-1"},"canonical":"https:\/\/powdercab.com\/fr\/location-de-ski-et-snowboard\/","og_locale":"fr_FR","og_type":"article","og_title":"Location de Ski et Snowboard - PowderCab","og_description":"[vc_row][vc_column][vc_column_text] Vous cherchez un endroit pour louer vos skis ou vos snowboards? Ne cherchez plus pour des r\u00e9ductions exclusives: [\/vc_column_text][mk_padding_divider][vc_row_inner][vc_column_inner width=\u00a0\u00bb1\/4&Prime;][vc_single_image image=\u00a0\u00bb4646&Prime; img_size=\u00a0\u00bbfull\u00a0\u00bb alignment=\u00a0\u00bbcenter\u00a0\u00bb style=\u00a0\u00bbvc_box_rounded\u00a0\u00bb onclick=\u00a0\u00bbcustom_link\u00a0\u00bb img_link_target=\u00a0\u00bb_blank\u00a0\u00bb link=\u00a0\u00bbhttp:\/\/www.doorstepskis.com\/fr\/book\/a\/powder-cab\u00a0\u00bb][\/vc_column_inner][vc_column_inner width=\u00a0\u00bb3\/4&Prime;][vc_column_text css=\u00a0\u00bb.vc_custom_1539785941380{margin-bottom: 0px !important;}\u00a0\u00bb]Doorstep Skis \u2013 Obtenez une r\u00e9duction de 20% \u00e0 40% du service de livraison de ski et de snowboard Premier de Morzine\u00a0ici! D\u00e9tendez-vous et [&hellip;]","og_url":"https:\/\/powdercab.com\/fr\/location-de-ski-et-snowboard\/","og_site_name":"PowderCab","article_modified_time":"2020-08-15T13:00:28+00:00","twitter_card":"summary_large_image","twitter_misc":{"Dur\u00e9e de lecture estim\u00e9e":"1 minute"},"schema":{"@context":"https:\/\/schema.org","@graph":[{"@type":"WebPage","@id":"https:\/\/powdercab.com\/fr\/location-de-ski-et-snowboard\/","url":"https:\/\/powdercab.com\/fr\/location-de-ski-et-snowboard\/","name":"Location de Ski et Snowboard - PowderCab","isPartOf":{"@id":"https:\/\/powdercab.com\/fr\/#website"},"datePublished":"2020-08-14T13:06:18+00:00","dateModified":"2020-08-15T13:00:28+00:00","breadcrumb":{"@id":"https:\/\/powdercab.com\/fr\/location-de-ski-et-snowboard\/#breadcrumb"},"inLanguage":"fr-FR","potentialAction":[{"@type":"ReadAction","target":["https:\/\/powdercab.com\/fr\/location-de-ski-et-snowboard\/"]}]},{"@type":"BreadcrumbList","@id":"https:\/\/powdercab.com\/fr\/location-de-ski-et-snowboard\/#breadcrumb","itemListElement":[{"@type":"ListItem","position":1,"name":"Home","item":"https:\/\/powdercab.com\/fr\/"},{"@type":"ListItem","position":2,"name":"Location de Ski et Snowboard"}]},{"@type":"WebSite","@id":"https:\/\/powdercab.com\/fr\/#website","url":"https:\/\/powdercab.com\/fr\/","name":"PowderCab","description":"Alpine Resort Transfers","potentialAction":[{"@type":"SearchAction","target":{"@type":"EntryPoint","urlTemplate":"https:\/\/powdercab.com\/fr\/?s={search_term_string}"},"query-input":{"@type":"PropertyValueSpecification","valueRequired":true,"valueName":"search_term_string"}}],"inLanguage":"fr-FR"}]}},"_links":{"self":[{"href":"https:\/\/powdercab.com\/fr\/wp-json\/wp\/v2\/pages\/6203","targetHints":{"allow":["GET"]}}],"collection":[{"href":"https:\/\/powdercab.com\/fr\/wp-json\/wp\/v2\/pages"}],"about":[{"href":"https:\/\/powdercab.com\/fr\/wp-json\/wp\/v2\/types\/page"}],"author":[{"embeddable":true,"href":"https:\/\/powdercab.com\/fr\/wp-json\/wp\/v2\/users\/5"}],"replies":[{"embeddable":true,"href":"https:\/\/powdercab.com\/fr\/wp-json\/wp\/v2\/comments?post=6203"}],"version-history":[{"count":4,"href":"https:\/\/powdercab.com\/fr\/wp-json\/wp\/v2\/pages\/6203\/revisions"}],"predecessor-version":[{"id":6289,"href":"https:\/\/powdercab.com\/fr\/wp-json\/wp\/v2\/pages\/6203\/revisions\/6289"}],"wp:attachment":[{"href":"https:\/\/powdercab.com\/fr\/wp-json\/wp\/v2\/media?parent=6203"}],"curies":[{"name":"wp","href":"https:\/\/api.w.org\/{rel}","templated":true}]}}