{"id":6200,"date":"2020-08-14T15:03:23","date_gmt":"2020-08-14T13:03:23","guid":{"rendered":"https:\/\/powdercab.com\/ecoles-de-ski-et-snowboard-a-morzine\/"},"modified":"2020-08-21T16:42:05","modified_gmt":"2020-08-21T14:42:05","slug":"ecoles-de-ski-et-snowboard-a-morzine","status":"publish","type":"page","link":"https:\/\/powdercab.com\/fr\/ecoles-de-ski-et-snowboard-a-morzine\/","title":{"rendered":"Ecoles de Ski et Snowboard \u00e0 Morzine"},"content":{"rendered":"[vc_row][vc_column][vc_column_text css=\u00a0\u00bb.vc_custom_1598020923158{margin-bottom: 0px !important;}\u00a0\u00bb]\n<p style=\"text-align: left;\">Vous trouverez ici une s\u00e9lection de nos moniteurs de ski et de snowboard locaux pr\u00e9f\u00e9r\u00e9s:<\/p>\n[\/vc_column_text][mk_padding_divider][vc_row_inner][vc_column_inner width=\u00a0\u00bb1\/4&Prime;][vc_single_image image=\u00a0\u00bb2822&Prime; img_size=\u00a0\u00bbfull\u00a0\u00bb alignment=\u00a0\u00bbcenter\u00a0\u00bb style=\u00a0\u00bbvc_box_rounded\u00a0\u00bb onclick=\u00a0\u00bbcustom_link\u00a0\u00bb img_link_target=\u00a0\u00bb_blank\u00a0\u00bb link=\u00a0\u00bbhttp:\/\/www.billski.co.uk\/\u00a0\u00bb][\/vc_column_inner][vc_column_inner width=\u00a0\u00bb3\/4&Prime;][vc_column_text margin_bottom=\u00a0\u00bb20&Prime; css=\u00a0\u00bb.vc_custom_1539787194425{margin-bottom: 20px !important;}\u00a0\u00bb]<span style=\"color: #000000;\"><a style=\"color: #000000;\" title=\"Please click here to visit the BillSki website\" href=\"http:\/\/www.billski.co.uk\/\" target=\"_blank\" rel=\"noopener noreferrer\"><strong>BillSki<\/strong><\/a><\/span> &#8211; est une petite entreprise travaillant \u00e0 Morzine dans les Portes du Soleil, en France. BillSki a \u00e9t\u00e9 cr\u00e9\u00e9 dans le but de fournir des cours de haute qualit\u00e9 et personnalis\u00e9s gr\u00e2ce \u00e0 une passion pour le ski. BillSki n\u2019utilise que des moniteurs de ski internationaux pleinement qualifi\u00e9s. Tous leurs moniteurs sont sympathiques, exp\u00e9riment\u00e9s et ont une connaissance approfondie du domaine skiable des Portes du Soleil.[\/vc_column_text][\/vc_column_inner][\/vc_row_inner][vc_separator][vc_row_inner][vc_column_inner width=\u00a0\u00bb1\/4&Prime;][vc_single_image image=\u00a0\u00bb4234&Prime; img_size=\u00a0\u00bbfull\u00a0\u00bb alignment=\u00a0\u00bbcenter\u00a0\u00bb style=\u00a0\u00bbvc_box_rounded\u00a0\u00bb onclick=\u00a0\u00bbcustom_link\u00a0\u00bb img_link_target=\u00a0\u00bb_blank\u00a0\u00bb link=\u00a0\u00bbhttp:\/\/www.britishskischool.com\/\u00a0\u00bb][\/vc_column_inner][vc_column_inner width=\u00a0\u00bb3\/4&Prime;][vc_column_text css=\u00a0\u00bb.vc_custom_1539787216018{margin-bottom: 0px !important;}\u00a0\u00bb]The <a href=\"http:\/\/www.britishskischool.com\/\" target=\"_blank\" rel=\"noopener noreferrer\"><span style=\"color: #000000;\"><strong>B<\/strong>ritish <strong>A<\/strong>lpine <strong>S<\/strong>ki <strong>S<\/strong>chool (<strong>BASS<\/strong>)<\/span><\/a> &#8211; Morzine et Les Gets est une petite \u00e9quipe de professeurs sp\u00e9cialis\u00e9s qui propose un enseignement de pointe en anglais avec des petits groupes de 6 \u00e9l\u00e8ves maximum. Leurs clients nous disent que c\u2019est leur service qui les fait revenir \u00e0 Morzine ann\u00e9e apr\u00e8s ann\u00e9e.[\/vc_column_text][\/vc_column_inner][\/vc_row_inner][vc_separator][vc_row_inner][vc_column_inner width=\u00a0\u00bb1\/4&Prime;][vc_single_image image=\u00a0\u00bb2827&Prime; img_size=\u00a0\u00bbfull\u00a0\u00bb alignment=\u00a0\u00bbcenter\u00a0\u00bb style=\u00a0\u00bbvc_box_rounded\u00a0\u00bb onclick=\u00a0\u00bbcustom_link\u00a0\u00bb img_link_target=\u00a0\u00bb_blank\u00a0\u00bb link=\u00a0\u00bbhttp:\/\/www.popsnowboarding.com\/\u00a0\u00bb][\/vc_column_inner][vc_column_inner width=\u00a0\u00bb3\/4&Prime;][vc_column_text css=\u00a0\u00bb.vc_custom_1539787228992{margin-bottom: 0px !important;}\u00a0\u00bb]<strong><span style=\"color: #000000;\"><a style=\"color: #000000;\" title=\"Please click here to visit the Pop3 Snowboarding school website\" href=\"http:\/\/www.popsnowboarding.com\/\" target=\"_blank\" rel=\"noopener noreferrer\">POP Snowboard School<\/a><\/span><\/strong> &#8211; est une \u00e9cole de snowboard ind\u00e9pendante avec des moniteurs de snowboard hautement qualifi\u00e9s et exp\u00e9riment\u00e9s, op\u00e9rant dans les stations de ski des Portes du Soleil des Gets, Morzine et Avoriaz. Leur objectif est de vous aider \u00e0 tirer le meilleur parti de vos vacances d\u2019hiver, avec des cours de snowboard pour tous les niveaux, des d\u00e9butants aux aspirants moniteurs de snowboard.[\/vc_column_text][\/vc_column_inner][\/vc_row_inner][vc_separator][vc_row_inner][vc_column_inner width=\u00a0\u00bb1\/4&Prime;][vc_single_image image=\u00a0\u00bb4648&Prime; img_size=\u00a0\u00bbfull\u00a0\u00bb alignment=\u00a0\u00bbcenter\u00a0\u00bb style=\u00a0\u00bbvc_box_rounded\u00a0\u00bb onclick=\u00a0\u00bbcustom_link\u00a0\u00bb img_link_target=\u00a0\u00bb_blank\u00a0\u00bb link=\u00a0\u00bbhttp:\/\/onyxsnowboarding.com\/\u00a0\u00bb][\/vc_column_inner][vc_column_inner width=\u00a0\u00bb3\/4&Prime;][vc_column_text css=\u00a0\u00bb.vc_custom_1539787236446{margin-bottom: 0px !important;}\u00a0\u00bb]<strong><span style=\"color: #000000;\"><a style=\"color: #000000;\" title=\"Please click here to visit the Onyx snowboard school website\" href=\"http:\/\/onyxsnowboarding.com\/\" target=\"_blank\" rel=\"noopener noreferrer\">Onyx Snowboard School<\/a><\/span>\u00a0<\/strong>&#8211; Amusez-vous davantage debout sur le c\u00f4t\u00e9 pendant vos vacances avec notre gamme de cours de snowboard \u00e0 Morzine, Avoriaz et Les Gets. Cours collectifs et priv\u00e9s disponibles pour tout le monde, des d\u00e9butants aux freestylers, en passant par les les explorateurs hors piste, le tout livr\u00e9 avec passion et personnalit\u00e9 par notre \u00e9quipe hautement qualifi\u00e9e.[\/vc_column_text][\/vc_column_inner][\/vc_row_inner][vc_separator][vc_row_inner][vc_column_inner width=\u00a0\u00bb1\/4&Prime;][vc_single_image image=\u00a0\u00bb4356&Prime; img_size=\u00a0\u00bbfull\u00a0\u00bb alignment=\u00a0\u00bbcenter\u00a0\u00bb style=\u00a0\u00bbvc_box_rounded\u00a0\u00bb onclick=\u00a0\u00bbcustom_link\u00a0\u00bb img_link_target=\u00a0\u00bb_blank\u00a0\u00bb link=\u00a0\u00bbhttps:\/\/gypsysnowboarding.com\/\u00a0\u00bb][\/vc_column_inner][vc_column_inner width=\u00a0\u00bb3\/4&Prime;][vc_column_text css=\u00a0\u00bb.vc_custom_1539786385416{margin-bottom: 0px !important;}\u00a0\u00bb]<a href=\"https:\/\/gypsysnowboarding.com\/\"><strong>Gypsy Snowboarding<\/strong><\/a> &#8211; est un partenariat entre Laura Berry et Sarah Fish, deux des meilleures monitrices de snowboard au Royaume-Uni. Leur passion pour l\u2019enseignement et leur nature amusante sont ce qui distingue Gypsy Snowboarding des autres. Si vous voulez une session amusante et informative, ce sont vos filles.[\/vc_column_text][\/vc_column_inner][\/vc_row_inner][vc_separator][\/vc_column][\/vc_row][vc_row][vc_column][mk_padding_divider][vc_message]Si vous avez une propri\u00e9t\u00e9 ou une entreprise que vous souhaitez annoncer (avec un \u00e9change de liens) et pensez que cela profiterait aux clients de PowderCab, veuillez <a href=\"mailto:info@powdercab.com\" target=\"_blank\" rel=\"noopener noreferrer\">contacter directement l&rsquo;\u00e9quipe PowderCab<\/a>.[\/vc_message][\/vc_column][\/vc_row]\n","protected":false},"excerpt":{"rendered":"<p>[vc_row][vc_column][vc_column_text css=\u00a0\u00bb.vc_custom_1598020923158{margin-bottom: 0px !important;}\u00a0\u00bb] Vous trouverez ici une s\u00e9lection de nos moniteurs de ski et de snowboard locaux pr\u00e9f\u00e9r\u00e9s: [\/vc_column_text][mk_padding_divider][vc_row_inner][vc_column_inner width=\u00a0\u00bb1\/4&Prime;][vc_single_image image=\u00a0\u00bb2822&Prime; img_size=\u00a0\u00bbfull\u00a0\u00bb alignment=\u00a0\u00bbcenter\u00a0\u00bb style=\u00a0\u00bbvc_box_rounded\u00a0\u00bb onclick=\u00a0\u00bbcustom_link\u00a0\u00bb img_link_target=\u00a0\u00bb_blank\u00a0\u00bb link=\u00a0\u00bbhttp:\/\/www.billski.co.uk\/\u00a0\u00bb][\/vc_column_inner][vc_column_inner width=\u00a0\u00bb3\/4&Prime;][vc_column_text margin_bottom=\u00a0\u00bb20&Prime; css=\u00a0\u00bb.vc_custom_1539787194425{margin-bottom: 20px !important;}\u00a0\u00bb]BillSki &#8211; est une petite entreprise travaillant \u00e0 Morzine dans les Portes du Soleil, en France. BillSki a \u00e9t\u00e9 cr\u00e9\u00e9 dans le but [&hellip;]<\/p>\n","protected":false},"author":5,"featured_media":0,"parent":0,"menu_order":0,"comment_status":"closed","ping_status":"closed","template":"","meta":{"footnotes":""},"class_list":["post-6200","page","type-page","status-publish","hentry"],"yoast_head":"<!-- This site is optimized with the Yoast SEO plugin v26.8 - https:\/\/yoast.com\/product\/yoast-seo-wordpress\/ -->\n<title>Ecoles de Ski et Snowboard \u00e0 Morzine - PowderCab<\/title>\n<meta name=\"robots\" content=\"index, follow, max-snippet:-1, max-image-preview:large, max-video-preview:-1\" \/>\n<link rel=\"canonical\" href=\"https:\/\/powdercab.com\/fr\/ecoles-de-ski-et-snowboard-a-morzine\/\" \/>\n<meta property=\"og:locale\" content=\"fr_FR\" \/>\n<meta property=\"og:type\" content=\"article\" \/>\n<meta property=\"og:title\" content=\"Ecoles de Ski et Snowboard \u00e0 Morzine - PowderCab\" \/>\n<meta property=\"og:description\" content=\"[vc_row][vc_column][vc_column_text css=\u00a0\u00bb.vc_custom_1598020923158{margin-bottom: 0px !important;}\u00a0\u00bb] Vous trouverez ici une s\u00e9lection de nos moniteurs de ski et de snowboard locaux pr\u00e9f\u00e9r\u00e9s: [\/vc_column_text][mk_padding_divider][vc_row_inner][vc_column_inner width=\u00a0\u00bb1\/4&Prime;][vc_single_image image=\u00a0\u00bb2822&Prime; img_size=\u00a0\u00bbfull\u00a0\u00bb alignment=\u00a0\u00bbcenter\u00a0\u00bb style=\u00a0\u00bbvc_box_rounded\u00a0\u00bb onclick=\u00a0\u00bbcustom_link\u00a0\u00bb img_link_target=\u00a0\u00bb_blank\u00a0\u00bb link=\u00a0\u00bbhttp:\/\/www.billski.co.uk\/\u00a0\u00bb][\/vc_column_inner][vc_column_inner width=\u00a0\u00bb3\/4&Prime;][vc_column_text margin_bottom=\u00a0\u00bb20&Prime; css=\u00a0\u00bb.vc_custom_1539787194425{margin-bottom: 20px !important;}\u00a0\u00bb]BillSki &#8211; est une petite entreprise travaillant \u00e0 Morzine dans les Portes du Soleil, en France. BillSki a \u00e9t\u00e9 cr\u00e9\u00e9 dans le but [&hellip;]\" \/>\n<meta property=\"og:url\" content=\"https:\/\/powdercab.com\/fr\/ecoles-de-ski-et-snowboard-a-morzine\/\" \/>\n<meta property=\"og:site_name\" content=\"PowderCab\" \/>\n<meta property=\"article:modified_time\" content=\"2020-08-21T14:42:05+00:00\" \/>\n<meta name=\"twitter:card\" content=\"summary_large_image\" \/>\n<meta name=\"twitter:label1\" content=\"Dur\u00e9e de lecture estim\u00e9e\" \/>\n\t<meta name=\"twitter:data1\" content=\"3 minutes\" \/>\n<script type=\"application\/ld+json\" class=\"yoast-schema-graph\">{\"@context\":\"https:\/\/schema.org\",\"@graph\":[{\"@type\":\"WebPage\",\"@id\":\"https:\/\/powdercab.com\/fr\/ecoles-de-ski-et-snowboard-a-morzine\/\",\"url\":\"https:\/\/powdercab.com\/fr\/ecoles-de-ski-et-snowboard-a-morzine\/\",\"name\":\"Ecoles de Ski et Snowboard \u00e0 Morzine - PowderCab\",\"isPartOf\":{\"@id\":\"https:\/\/powdercab.com\/fr\/#website\"},\"datePublished\":\"2020-08-14T13:03:23+00:00\",\"dateModified\":\"2020-08-21T14:42:05+00:00\",\"breadcrumb\":{\"@id\":\"https:\/\/powdercab.com\/fr\/ecoles-de-ski-et-snowboard-a-morzine\/#breadcrumb\"},\"inLanguage\":\"fr-FR\",\"potentialAction\":[{\"@type\":\"ReadAction\",\"target\":[\"https:\/\/powdercab.com\/fr\/ecoles-de-ski-et-snowboard-a-morzine\/\"]}]},{\"@type\":\"BreadcrumbList\",\"@id\":\"https:\/\/powdercab.com\/fr\/ecoles-de-ski-et-snowboard-a-morzine\/#breadcrumb\",\"itemListElement\":[{\"@type\":\"ListItem\",\"position\":1,\"name\":\"Home\",\"item\":\"https:\/\/powdercab.com\/fr\/\"},{\"@type\":\"ListItem\",\"position\":2,\"name\":\"Ecoles de Ski et Snowboard \u00e0 Morzine\"}]},{\"@type\":\"WebSite\",\"@id\":\"https:\/\/powdercab.com\/fr\/#website\",\"url\":\"https:\/\/powdercab.com\/fr\/\",\"name\":\"PowderCab\",\"description\":\"Alpine Resort Transfers\",\"potentialAction\":[{\"@type\":\"SearchAction\",\"target\":{\"@type\":\"EntryPoint\",\"urlTemplate\":\"https:\/\/powdercab.com\/fr\/?s={search_term_string}\"},\"query-input\":{\"@type\":\"PropertyValueSpecification\",\"valueRequired\":true,\"valueName\":\"search_term_string\"}}],\"inLanguage\":\"fr-FR\"}]}<\/script>\n<!-- \/ Yoast SEO plugin. -->","yoast_head_json":{"title":"Ecoles de Ski et Snowboard \u00e0 Morzine - PowderCab","robots":{"index":"index","follow":"follow","max-snippet":"max-snippet:-1","max-image-preview":"max-image-preview:large","max-video-preview":"max-video-preview:-1"},"canonical":"https:\/\/powdercab.com\/fr\/ecoles-de-ski-et-snowboard-a-morzine\/","og_locale":"fr_FR","og_type":"article","og_title":"Ecoles de Ski et Snowboard \u00e0 Morzine - PowderCab","og_description":"[vc_row][vc_column][vc_column_text css=\u00a0\u00bb.vc_custom_1598020923158{margin-bottom: 0px !important;}\u00a0\u00bb] Vous trouverez ici une s\u00e9lection de nos moniteurs de ski et de snowboard locaux pr\u00e9f\u00e9r\u00e9s: [\/vc_column_text][mk_padding_divider][vc_row_inner][vc_column_inner width=\u00a0\u00bb1\/4&Prime;][vc_single_image image=\u00a0\u00bb2822&Prime; img_size=\u00a0\u00bbfull\u00a0\u00bb alignment=\u00a0\u00bbcenter\u00a0\u00bb style=\u00a0\u00bbvc_box_rounded\u00a0\u00bb onclick=\u00a0\u00bbcustom_link\u00a0\u00bb img_link_target=\u00a0\u00bb_blank\u00a0\u00bb link=\u00a0\u00bbhttp:\/\/www.billski.co.uk\/\u00a0\u00bb][\/vc_column_inner][vc_column_inner width=\u00a0\u00bb3\/4&Prime;][vc_column_text margin_bottom=\u00a0\u00bb20&Prime; css=\u00a0\u00bb.vc_custom_1539787194425{margin-bottom: 20px !important;}\u00a0\u00bb]BillSki &#8211; est une petite entreprise travaillant \u00e0 Morzine dans les Portes du Soleil, en France. BillSki a \u00e9t\u00e9 cr\u00e9\u00e9 dans le but [&hellip;]","og_url":"https:\/\/powdercab.com\/fr\/ecoles-de-ski-et-snowboard-a-morzine\/","og_site_name":"PowderCab","article_modified_time":"2020-08-21T14:42:05+00:00","twitter_card":"summary_large_image","twitter_misc":{"Dur\u00e9e de lecture estim\u00e9e":"3 minutes"},"schema":{"@context":"https:\/\/schema.org","@graph":[{"@type":"WebPage","@id":"https:\/\/powdercab.com\/fr\/ecoles-de-ski-et-snowboard-a-morzine\/","url":"https:\/\/powdercab.com\/fr\/ecoles-de-ski-et-snowboard-a-morzine\/","name":"Ecoles de Ski et Snowboard \u00e0 Morzine - PowderCab","isPartOf":{"@id":"https:\/\/powdercab.com\/fr\/#website"},"datePublished":"2020-08-14T13:03:23+00:00","dateModified":"2020-08-21T14:42:05+00:00","breadcrumb":{"@id":"https:\/\/powdercab.com\/fr\/ecoles-de-ski-et-snowboard-a-morzine\/#breadcrumb"},"inLanguage":"fr-FR","potentialAction":[{"@type":"ReadAction","target":["https:\/\/powdercab.com\/fr\/ecoles-de-ski-et-snowboard-a-morzine\/"]}]},{"@type":"BreadcrumbList","@id":"https:\/\/powdercab.com\/fr\/ecoles-de-ski-et-snowboard-a-morzine\/#breadcrumb","itemListElement":[{"@type":"ListItem","position":1,"name":"Home","item":"https:\/\/powdercab.com\/fr\/"},{"@type":"ListItem","position":2,"name":"Ecoles de Ski et Snowboard \u00e0 Morzine"}]},{"@type":"WebSite","@id":"https:\/\/powdercab.com\/fr\/#website","url":"https:\/\/powdercab.com\/fr\/","name":"PowderCab","description":"Alpine Resort Transfers","potentialAction":[{"@type":"SearchAction","target":{"@type":"EntryPoint","urlTemplate":"https:\/\/powdercab.com\/fr\/?s={search_term_string}"},"query-input":{"@type":"PropertyValueSpecification","valueRequired":true,"valueName":"search_term_string"}}],"inLanguage":"fr-FR"}]}},"_links":{"self":[{"href":"https:\/\/powdercab.com\/fr\/wp-json\/wp\/v2\/pages\/6200","targetHints":{"allow":["GET"]}}],"collection":[{"href":"https:\/\/powdercab.com\/fr\/wp-json\/wp\/v2\/pages"}],"about":[{"href":"https:\/\/powdercab.com\/fr\/wp-json\/wp\/v2\/types\/page"}],"author":[{"embeddable":true,"href":"https:\/\/powdercab.com\/fr\/wp-json\/wp\/v2\/users\/5"}],"replies":[{"embeddable":true,"href":"https:\/\/powdercab.com\/fr\/wp-json\/wp\/v2\/comments?post=6200"}],"version-history":[{"count":5,"href":"https:\/\/powdercab.com\/fr\/wp-json\/wp\/v2\/pages\/6200\/revisions"}],"predecessor-version":[{"id":6355,"href":"https:\/\/powdercab.com\/fr\/wp-json\/wp\/v2\/pages\/6200\/revisions\/6355"}],"wp:attachment":[{"href":"https:\/\/powdercab.com\/fr\/wp-json\/wp\/v2\/media?parent=6200"}],"curies":[{"name":"wp","href":"https:\/\/api.w.org\/{rel}","templated":true}]}}