{"id":6197,"date":"2020-08-14T14:59:17","date_gmt":"2020-08-14T12:59:17","guid":{"rendered":"https:\/\/powdercab.com\/hebergement\/"},"modified":"2022-02-01T11:06:03","modified_gmt":"2022-02-01T10:06:03","slug":"hebergement","status":"publish","type":"page","link":"https:\/\/powdercab.com\/fr\/hebergement\/","title":{"rendered":"H\u00e9bergement"},"content":{"rendered":"[vc_row][vc_column][vc_column_text]\n<p>Vous trouverez ici une s\u00e9lection de prestataires d&rsquo;h\u00e9bergement.<\/p>\n[\/vc_column_text][mk_padding_divider][vc_row_inner][vc_column_inner width=\u00a0\u00bb1\/4&Prime;][vc_single_image image=\u00a0\u00bb2718&Prime; img_size=\u00a0\u00bbfull\u00a0\u00bb alignment=\u00a0\u00bbcenter\u00a0\u00bb style=\u00a0\u00bbvc_box_rounded\u00a0\u00bb onclick=\u00a0\u00bbcustom_link\u00a0\u00bb img_link_target=\u00a0\u00bb_blank\u00a0\u00bb link=\u00a0\u00bbhttp:\/\/morzinestudio.co.uk\/skiapartmentfrance\/Welcome.html\u00a0\u00bb][\/vc_column_inner][vc_column_inner width=\u00a0\u00bb3\/4&Prime;][vc_column_text margin_bottom=\u00a0\u00bb20&Prime;]Pour un studio agr\u00e9able, confortable et ensoleill\u00e9 \u00e0 Morzine, ne cherchez pas plus loin. <strong><a title=\"Please click here to see more of Morzine Studios photos on their website\" href=\"http:\/\/morzinestudio.co.uk\/skiapartmentfrance\/Photos.html\">MorzineStudio.co.uk<\/a><\/strong> est parfaitement situ\u00e9, bien \u00e9quip\u00e9 et id\u00e9al pour une famille de 4 ou petits groupes. Il suffit de regarder cette vue imprenable sur Morzine depuis son balcon ensoleill\u00e9&#8230;[\/vc_column_text][\/vc_column_inner][\/vc_row_inner][vc_separator][vc_row_inner][vc_column_inner width=\u00a0\u00bb1\/4&Prime;][vc_single_image image=\u00a0\u00bb5079&Prime; img_size=\u00a0\u00bbfull\u00a0\u00bb alignment=\u00a0\u00bbcenter\u00a0\u00bb style=\u00a0\u00bbvc_box_rounded\u00a0\u00bb onclick=\u00a0\u00bbcustom_link\u00a0\u00bb img_link_target=\u00a0\u00bb_blank\u00a0\u00bb link=\u00a0\u00bbhttp:\/\/www.puremorzine.com\/\u00a0\u00bb][\/vc_column_inner][vc_column_inner width=\u00a0\u00bb3\/4&Prime;][vc_column_text margin_bottom=\u00a0\u00bb20&Prime; css=\u00a0\u00bb.vc_custom_1566898349593{margin-bottom: 20px !important;}\u00a0\u00bb]Transform\u00e9 d&rsquo;une ancienne \u00e9table en un espace incroyable, <strong><a href=\"https:\/\/lestroissieges.com\/\">Les Trois Sieges<\/a><\/strong> comprend 5 chambres avec salle de bains privative, une salle de cin\u00e9ma, un bar et un bain \u00e0 remous et plus encore. La salle \u00e0 manger et le salon offrent une vue imprenable sur la piste, sans oublier de pouvoir skier vers et depuis votre porte d&rsquo;entr\u00e9e![\/vc_column_text][\/vc_column_inner][\/vc_row_inner][vc_separator][vc_row_inner][vc_column_inner width=\u00a0\u00bb1\/4&Prime;][vc_single_image image=\u00a0\u00bb2724&Prime; img_size=\u00a0\u00bbfull\u00a0\u00bb alignment=\u00a0\u00bbcenter\u00a0\u00bb style=\u00a0\u00bbvc_box_rounded\u00a0\u00bb onclick=\u00a0\u00bbcustom_link\u00a0\u00bb img_link_target=\u00a0\u00bb_blank\u00a0\u00bb link=\u00a0\u00bbhttp:\/\/www.puremountainholidays.com\/\u00a0\u00bb][\/vc_column_inner][vc_column_inner width=\u00a0\u00bb3\/4&Prime;][vc_column_text]<strong><a href=\"http:\/\/www.puremountainholidays.com\/\" target=\"_blank\" rel=\"noopener noreferrer\">Pure Mountain Holidays<\/a><\/strong>\u00a0\u2013 Chalets avec traiteur aux Gets et g\u00e9r\u00e9es par le propri\u00e9taire depuis la station.[\/vc_column_text][\/vc_column_inner][\/vc_row_inner][vc_separator][vc_row_inner][vc_column_inner width=\u00a0\u00bb1\/4&Prime;][vc_single_image image=\u00a0\u00bb4352&Prime; img_size=\u00a0\u00bbfull\u00a0\u00bb alignment=\u00a0\u00bbcenter\u00a0\u00bb style=\u00a0\u00bbvc_box_rounded\u00a0\u00bb onclick=\u00a0\u00bbcustom_link\u00a0\u00bb img_link_target=\u00a0\u00bb_blank\u00a0\u00bb link=\u00a0\u00bbhttp:\/\/www.buqa.com\/index.aspx\u00a0\u00bb][\/vc_column_inner][vc_column_inner width=\u00a0\u00bb3\/4&Prime;][vc_column_text css=\u00a0\u00bb.vc_custom_1598020877786{margin-bottom: 0px !important;}\u00a0\u00bb]Connectez-vous et d\u00e9tendez-vous dans un environnement de qualit\u00e9 toute l\u2019ann\u00e9e \u00e0 l\u2019<strong><a href=\"http:\/\/www.buqa.com\/index.aspx\" target=\"_blank\" rel=\"noopener noreferrer\">Apartment Buqa<\/a><\/strong>. Contemporain, luxueux, familial et respectueux de l\u2019environnement, l\u2019Apartment Buqa est au c\u0153ur de Samo\u00ebns et est enti\u00e8rement \u00e9quip\u00e9 de gadgets high-tech. Ind\u00e9pendant ou traiteur, hiver et \u00e9t\u00e9 et peut accueillir jusqu\u2019\u00e0 8 personnes.[\/vc_column_text][\/vc_column_inner][\/vc_row_inner][vc_separator][vc_row_inner][vc_column_inner width=\u00a0\u00bb1\/4&Prime;][vc_single_image image=\u00a0\u00bb2723&Prime; img_size=\u00a0\u00bbfull\u00a0\u00bb alignment=\u00a0\u00bbcenter\u00a0\u00bb style=\u00a0\u00bbvc_box_rounded\u00a0\u00bb onclick=\u00a0\u00bbcustom_link\u00a0\u00bb img_link_target=\u00a0\u00bb_blank\u00a0\u00bb link=\u00a0\u00bbhttp:\/\/chalets-lesgets.com\/index.php\u00a0\u00bb][\/vc_column_inner][vc_column_inner width=\u00a0\u00bb3\/4&Prime;][vc_column_text]Pour les meilleures vacances en chalet aux Gets, contactez\u00a0<strong><a href=\"http:\/\/chalets-lesgets.com\/index.php\" target=\"_blank\" rel=\"noopener noreferrer\">Mountain &amp; Tradition<\/a><\/strong>; une entreprise ind\u00e9pendante bas\u00e9e aux Gets sp\u00e9cialis\u00e9e dans de beaux et uniques chalets de ski avec traiteur.[\/vc_column_text][\/vc_column_inner][\/vc_row_inner][vc_separator][vc_row_inner][vc_column_inner width=\u00a0\u00bb1\/4&Prime;][vc_single_image image=\u00a0\u00bb3624&Prime; img_size=\u00a0\u00bbfull\u00a0\u00bb alignment=\u00a0\u00bbcenter\u00a0\u00bb style=\u00a0\u00bbvc_box_rounded\u00a0\u00bb onclick=\u00a0\u00bbcustom_link\u00a0\u00bb img_link_target=\u00a0\u00bb_blank\u00a0\u00bb link=\u00a0\u00bbhttp:\/\/thechaletexperience.com\/\u00a0\u00bb][\/vc_column_inner][vc_column_inner width=\u00a0\u00bb3\/4&Prime;][vc_column_text css=\u00a0\u00bb.vc_custom_1539785841281{margin-bottom: 0px !important;}\u00a0\u00bb]<a href=\"http:\/\/thechaletexperience.com\/\"><strong>The Chalet Experience<\/strong><\/a>, pour des vacances en chalet traiteur aux Gets.[\/vc_column_text][\/vc_column_inner][\/vc_row_inner][vc_separator][vc_separator][\/vc_column][\/vc_row][vc_row][vc_column][mk_padding_divider][vc_message]Si vous avez une propri\u00e9t\u00e9 ou une entreprise que vous souhaitez annoncer (avec un \u00e9change de liens) et pensez que cela profiterait aux clients de PowderCab, veuillez <a href=\"mailto:info@powdercab.com\" target=\"_blank\" rel=\"noopener noreferrer\">contacter directement l&rsquo;\u00e9quipe PowderCab<\/a>.[\/vc_message][\/vc_column][\/vc_row]\n","protected":false},"excerpt":{"rendered":"<p>[vc_row][vc_column][vc_column_text] Vous trouverez ici une s\u00e9lection de prestataires d&rsquo;h\u00e9bergement. [\/vc_column_text][mk_padding_divider][vc_row_inner][vc_column_inner width=\u00a0\u00bb1\/4&Prime;][vc_single_image image=\u00a0\u00bb2718&Prime; img_size=\u00a0\u00bbfull\u00a0\u00bb alignment=\u00a0\u00bbcenter\u00a0\u00bb style=\u00a0\u00bbvc_box_rounded\u00a0\u00bb onclick=\u00a0\u00bbcustom_link\u00a0\u00bb img_link_target=\u00a0\u00bb_blank\u00a0\u00bb link=\u00a0\u00bbhttp:\/\/morzinestudio.co.uk\/skiapartmentfrance\/Welcome.html\u00a0\u00bb][\/vc_column_inner][vc_column_inner width=\u00a0\u00bb3\/4&Prime;][vc_column_text margin_bottom=\u00a0\u00bb20&Prime;]Pour un studio agr\u00e9able, confortable et ensoleill\u00e9 \u00e0 Morzine, ne cherchez pas plus loin. MorzineStudio.co.uk est parfaitement situ\u00e9, bien \u00e9quip\u00e9 et id\u00e9al pour une famille de 4 ou petits groupes. Il suffit de regarder cette vue [&hellip;]<\/p>\n","protected":false},"author":2,"featured_media":0,"parent":0,"menu_order":0,"comment_status":"closed","ping_status":"closed","template":"","meta":{"footnotes":""},"class_list":["post-6197","page","type-page","status-publish","hentry"],"yoast_head":"<!-- This site is optimized with the Yoast SEO plugin v26.8 - https:\/\/yoast.com\/product\/yoast-seo-wordpress\/ -->\n<title>H\u00e9bergement - PowderCab<\/title>\n<meta name=\"robots\" content=\"index, follow, max-snippet:-1, max-image-preview:large, max-video-preview:-1\" \/>\n<link rel=\"canonical\" href=\"https:\/\/powdercab.com\/fr\/hebergement\/\" \/>\n<meta property=\"og:locale\" content=\"fr_FR\" \/>\n<meta property=\"og:type\" content=\"article\" \/>\n<meta property=\"og:title\" content=\"H\u00e9bergement - PowderCab\" \/>\n<meta property=\"og:description\" content=\"[vc_row][vc_column][vc_column_text] Vous trouverez ici une s\u00e9lection de prestataires d&rsquo;h\u00e9bergement. [\/vc_column_text][mk_padding_divider][vc_row_inner][vc_column_inner width=\u00a0\u00bb1\/4&Prime;][vc_single_image image=\u00a0\u00bb2718&Prime; img_size=\u00a0\u00bbfull\u00a0\u00bb alignment=\u00a0\u00bbcenter\u00a0\u00bb style=\u00a0\u00bbvc_box_rounded\u00a0\u00bb onclick=\u00a0\u00bbcustom_link\u00a0\u00bb img_link_target=\u00a0\u00bb_blank\u00a0\u00bb link=\u00a0\u00bbhttp:\/\/morzinestudio.co.uk\/skiapartmentfrance\/Welcome.html\u00a0\u00bb][\/vc_column_inner][vc_column_inner width=\u00a0\u00bb3\/4&Prime;][vc_column_text margin_bottom=\u00a0\u00bb20&Prime;]Pour un studio agr\u00e9able, confortable et ensoleill\u00e9 \u00e0 Morzine, ne cherchez pas plus loin. MorzineStudio.co.uk est parfaitement situ\u00e9, bien \u00e9quip\u00e9 et id\u00e9al pour une famille de 4 ou petits groupes. Il suffit de regarder cette vue [&hellip;]\" \/>\n<meta property=\"og:url\" content=\"https:\/\/powdercab.com\/fr\/hebergement\/\" \/>\n<meta property=\"og:site_name\" content=\"PowderCab\" \/>\n<meta property=\"article:modified_time\" content=\"2022-02-01T10:06:03+00:00\" \/>\n<meta name=\"twitter:card\" content=\"summary_large_image\" \/>\n<meta name=\"twitter:label1\" content=\"Dur\u00e9e de lecture estim\u00e9e\" \/>\n\t<meta name=\"twitter:data1\" content=\"3 minutes\" \/>\n<script type=\"application\/ld+json\" class=\"yoast-schema-graph\">{\"@context\":\"https:\/\/schema.org\",\"@graph\":[{\"@type\":\"WebPage\",\"@id\":\"https:\/\/powdercab.com\/fr\/hebergement\/\",\"url\":\"https:\/\/powdercab.com\/fr\/hebergement\/\",\"name\":\"H\u00e9bergement - PowderCab\",\"isPartOf\":{\"@id\":\"https:\/\/powdercab.com\/fr\/#website\"},\"datePublished\":\"2020-08-14T12:59:17+00:00\",\"dateModified\":\"2022-02-01T10:06:03+00:00\",\"breadcrumb\":{\"@id\":\"https:\/\/powdercab.com\/fr\/hebergement\/#breadcrumb\"},\"inLanguage\":\"fr-FR\",\"potentialAction\":[{\"@type\":\"ReadAction\",\"target\":[\"https:\/\/powdercab.com\/fr\/hebergement\/\"]}]},{\"@type\":\"BreadcrumbList\",\"@id\":\"https:\/\/powdercab.com\/fr\/hebergement\/#breadcrumb\",\"itemListElement\":[{\"@type\":\"ListItem\",\"position\":1,\"name\":\"Home\",\"item\":\"https:\/\/powdercab.com\/fr\/\"},{\"@type\":\"ListItem\",\"position\":2,\"name\":\"H\u00e9bergement\"}]},{\"@type\":\"WebSite\",\"@id\":\"https:\/\/powdercab.com\/fr\/#website\",\"url\":\"https:\/\/powdercab.com\/fr\/\",\"name\":\"PowderCab\",\"description\":\"Alpine Resort Transfers\",\"potentialAction\":[{\"@type\":\"SearchAction\",\"target\":{\"@type\":\"EntryPoint\",\"urlTemplate\":\"https:\/\/powdercab.com\/fr\/?s={search_term_string}\"},\"query-input\":{\"@type\":\"PropertyValueSpecification\",\"valueRequired\":true,\"valueName\":\"search_term_string\"}}],\"inLanguage\":\"fr-FR\"}]}<\/script>\n<!-- \/ Yoast SEO plugin. -->","yoast_head_json":{"title":"H\u00e9bergement - PowderCab","robots":{"index":"index","follow":"follow","max-snippet":"max-snippet:-1","max-image-preview":"max-image-preview:large","max-video-preview":"max-video-preview:-1"},"canonical":"https:\/\/powdercab.com\/fr\/hebergement\/","og_locale":"fr_FR","og_type":"article","og_title":"H\u00e9bergement - PowderCab","og_description":"[vc_row][vc_column][vc_column_text] Vous trouverez ici une s\u00e9lection de prestataires d&rsquo;h\u00e9bergement. [\/vc_column_text][mk_padding_divider][vc_row_inner][vc_column_inner width=\u00a0\u00bb1\/4&Prime;][vc_single_image image=\u00a0\u00bb2718&Prime; img_size=\u00a0\u00bbfull\u00a0\u00bb alignment=\u00a0\u00bbcenter\u00a0\u00bb style=\u00a0\u00bbvc_box_rounded\u00a0\u00bb onclick=\u00a0\u00bbcustom_link\u00a0\u00bb img_link_target=\u00a0\u00bb_blank\u00a0\u00bb link=\u00a0\u00bbhttp:\/\/morzinestudio.co.uk\/skiapartmentfrance\/Welcome.html\u00a0\u00bb][\/vc_column_inner][vc_column_inner width=\u00a0\u00bb3\/4&Prime;][vc_column_text margin_bottom=\u00a0\u00bb20&Prime;]Pour un studio agr\u00e9able, confortable et ensoleill\u00e9 \u00e0 Morzine, ne cherchez pas plus loin. MorzineStudio.co.uk est parfaitement situ\u00e9, bien \u00e9quip\u00e9 et id\u00e9al pour une famille de 4 ou petits groupes. Il suffit de regarder cette vue [&hellip;]","og_url":"https:\/\/powdercab.com\/fr\/hebergement\/","og_site_name":"PowderCab","article_modified_time":"2022-02-01T10:06:03+00:00","twitter_card":"summary_large_image","twitter_misc":{"Dur\u00e9e de lecture estim\u00e9e":"3 minutes"},"schema":{"@context":"https:\/\/schema.org","@graph":[{"@type":"WebPage","@id":"https:\/\/powdercab.com\/fr\/hebergement\/","url":"https:\/\/powdercab.com\/fr\/hebergement\/","name":"H\u00e9bergement - PowderCab","isPartOf":{"@id":"https:\/\/powdercab.com\/fr\/#website"},"datePublished":"2020-08-14T12:59:17+00:00","dateModified":"2022-02-01T10:06:03+00:00","breadcrumb":{"@id":"https:\/\/powdercab.com\/fr\/hebergement\/#breadcrumb"},"inLanguage":"fr-FR","potentialAction":[{"@type":"ReadAction","target":["https:\/\/powdercab.com\/fr\/hebergement\/"]}]},{"@type":"BreadcrumbList","@id":"https:\/\/powdercab.com\/fr\/hebergement\/#breadcrumb","itemListElement":[{"@type":"ListItem","position":1,"name":"Home","item":"https:\/\/powdercab.com\/fr\/"},{"@type":"ListItem","position":2,"name":"H\u00e9bergement"}]},{"@type":"WebSite","@id":"https:\/\/powdercab.com\/fr\/#website","url":"https:\/\/powdercab.com\/fr\/","name":"PowderCab","description":"Alpine Resort Transfers","potentialAction":[{"@type":"SearchAction","target":{"@type":"EntryPoint","urlTemplate":"https:\/\/powdercab.com\/fr\/?s={search_term_string}"},"query-input":{"@type":"PropertyValueSpecification","valueRequired":true,"valueName":"search_term_string"}}],"inLanguage":"fr-FR"}]}},"_links":{"self":[{"href":"https:\/\/powdercab.com\/fr\/wp-json\/wp\/v2\/pages\/6197","targetHints":{"allow":["GET"]}}],"collection":[{"href":"https:\/\/powdercab.com\/fr\/wp-json\/wp\/v2\/pages"}],"about":[{"href":"https:\/\/powdercab.com\/fr\/wp-json\/wp\/v2\/types\/page"}],"author":[{"embeddable":true,"href":"https:\/\/powdercab.com\/fr\/wp-json\/wp\/v2\/users\/2"}],"replies":[{"embeddable":true,"href":"https:\/\/powdercab.com\/fr\/wp-json\/wp\/v2\/comments?post=6197"}],"version-history":[{"count":7,"href":"https:\/\/powdercab.com\/fr\/wp-json\/wp\/v2\/pages\/6197\/revisions"}],"predecessor-version":[{"id":6593,"href":"https:\/\/powdercab.com\/fr\/wp-json\/wp\/v2\/pages\/6197\/revisions\/6593"}],"wp:attachment":[{"href":"https:\/\/powdercab.com\/fr\/wp-json\/wp\/v2\/media?parent=6197"}],"curies":[{"name":"wp","href":"https:\/\/api.w.org\/{rel}","templated":true}]}}