{"id":6050,"date":"2020-08-12T15:21:06","date_gmt":"2020-08-12T13:21:06","guid":{"rendered":"https:\/\/powdercab.com\/covid-19-politique-de-sante-et-dhygiene\/"},"modified":"2022-01-04T18:05:24","modified_gmt":"2022-01-04T17:05:24","slug":"covid19","status":"publish","type":"page","link":"https:\/\/powdercab.com\/fr\/covid19\/","title":{"rendered":"COVID-19: Politique de sant\u00e9 et d&rsquo;hygi\u00e8ne"},"content":{"rendered":"[vc_row][vc_column][vc_column_text css=\u00a0\u00bb.vc_custom_1594717368376{margin-bottom: 0px !important;}\u00a0\u00bb]Chez PowderCab, nous faisons de notre mieux pour maintenir nos services de transport op\u00e9rationnels pendant cette p\u00e9riode difficile.<\/p>\n<p>Pour ce faire, nous devons apporter quelques modifications afin de prot\u00e9ger la sant\u00e9 de nos collaborateurs et de nos clients en int\u00e9grant les directives du gouvernement fran\u00e7ais et nos propres mesures dans nos proc\u00e9dures op\u00e9rationnelles. Nous demandons \u00e9galement \u00e0 nos clients de suivre quelques \u00e9tapes simples pour aider davantage (toutes d\u00e9taill\u00e9es ci-dessous).[\/vc_column_text][mk_padding_divider][vc_row_inner][vc_column_inner][mk_ornamental_title font_family=\u00a0\u00bbnone\u00a0\u00bb font_size=\u00a0\u00bb18&Prime; ornament_style=\u00a0\u00bbnorman-double\u00a0\u00bb ornament_color=\u00a0\u00bb#ffd801&Prime;]\n<h2>CE QUE NOUS FAISONS<\/h2>\n[\/mk_ornamental_title][\/vc_column_inner][\/vc_row_inner][\/vc_column][\/vc_row][vc_row][vc_column width=\u00a0\u00bb1\/2&Prime;][vc_column_text css=\u00a0\u00bb.vc_custom_1595245246384{margin-bottom: 0px !important;}\u00a0\u00bb]Voici quelques mesures que nous mettons en place pour vous prot\u00e9ger, vous et votre chauffeur:<\/p>\n<ul>\n<li>Tous les minibus ont maintenant un s\u00e9parateur en plexiglas install\u00e9 derri\u00e8re le conducteur.<\/li>\n<li>Votre chauffeur portera un masque \u00e0 tout moment.<\/li>\n<li>Votre chauffeur utilisera fr\u00e9quemment un d\u00e9sinfectant pour les mains.<\/li>\n<li>Nous introduisons un processus de nettoyage approfondi am\u00e9lior\u00e9 que chaque chauffeur devra effectuer entre chaque transfert. Cela comprend la d\u00e9sinfection de toutes les surfaces du v\u00e9hicule, les poign\u00e9es de porte \u00e0 l&rsquo;ext\u00e9rieur du v\u00e9hicule et l&rsquo;a\u00e9ration du v\u00e9hicule.<\/li>\n<li>Nous conduirons g\u00e9n\u00e9ralement avec les fen\u00eatres ouvertes \/ entrouvertes, si le temps le permet.<\/li>\n<\/ul>\n<p><a href=\"https:\/\/powdercab.com\/wp-content\/uploads\/2020\/05\/img_3094.jpeg\"><img loading=\"lazy\" decoding=\"async\" class=\"aligncenter size-large wp-image-5668\" src=\"https:\/\/powdercab.com\/wp-content\/uploads\/2020\/05\/img_3094-1024x633.jpeg\" alt=\"\" width=\"1024\" height=\"633\" srcset=\"https:\/\/powdercab.com\/wp-content\/uploads\/2020\/05\/img_3094-1024x633.jpeg 1024w, https:\/\/powdercab.com\/wp-content\/uploads\/2020\/05\/img_3094-300x185.jpeg 300w, https:\/\/powdercab.com\/wp-content\/uploads\/2020\/05\/img_3094-768x474.jpeg 768w\" sizes=\"auto, (max-width: 1024px) 100vw, 1024px\" \/><\/a>[\/vc_column_text][\/vc_column][vc_column width=\u00a0\u00bb1\/2&Prime;][mk_padding_divider][vc_single_image image=\u00a0\u00bb5667&Prime; img_size=\u00a0\u00bblarge\u00a0\u00bb][\/vc_column][\/vc_row][vc_row][vc_column][vc_column_text css=\u00a0\u00bb.vc_custom_1631273340510{margin-bottom: 0px !important;}\u00a0\u00bb]<strong><u>Transferts Priv\u00e9 &#8211; Hiver 2021\/22<\/u><\/strong><\/p>\n<p>Afin d&rsquo;assurer un transfert en toute s\u00e9curit\u00e9 \u00e0 nos clients et chauffeurs, nous n&rsquo;op\u00e9rerons que des transferts priv\u00e9s pour l&rsquo;hiver prochain.<\/p>\n<p>C&rsquo;est le moyen le plus rapide pour se rendre \u00e0 \/ depuis la station et c&rsquo;est notre service recommand\u00e9.[\/vc_column_text][mk_divider style=\u00a0\u00bbthin_solid\u00a0\u00bb thin_single_color=\u00a0\u00bb#ffd801&Prime;][vc_column_text css=\u00a0\u00bb.vc_custom_1608208609696{margin-bottom: 0px !important;}\u00a0\u00bb]Pour plus de d\u00e9tails sur notre politique d&rsquo;annulation sp\u00e9cifique au COVID-19, veuillez consulter la section 5 de nos <a href=\"https:\/\/powdercab.com\/fr\/conditions-generales\/\">Conditions G\u00e9n\u00e9rales<\/a>.[\/vc_column_text][mk_padding_divider][\/vc_column][\/vc_row][vc_row][vc_column][mk_ornamental_title font_family=\u00a0\u00bbnone\u00a0\u00bb font_size=\u00a0\u00bb18&Prime; ornament_style=\u00a0\u00bbnorman-double\u00a0\u00bb ornament_color=\u00a0\u00bb#ffd801&Prime;]\n<h2>CE QUE VOUS POUVEZ FAIRE<\/h2>\n[\/mk_ornamental_title][\/vc_column][\/vc_row][vc_row][vc_column][vc_column_text css=\u00a0\u00bb.vc_custom_1641315913770{margin-bottom: 0px !important;}\u00a0\u00bb]Nous avons \u00e9galement quelques nouvelles r\u00e8gles que nous demandons \u00e0 chaque client qui voyage avec nous de bien vouloir respecter:<\/p>\n<ul>\n<li><strong>Tous les passagers \u00e2g\u00e9s de 6 ans et plus doivent apporter leurs propres masques et les porter en tout temps lorsqu&rsquo;ils sont dans le v\u00e9hicule. Les passagers qui n&rsquo;ont pas de masque se verront malheureusement refuser l&rsquo;entr\u00e9e dans le v\u00e9hicule.<\/strong><\/li>\n<li><strong>Nous encourageons les clients \u00e0 apporter leur propre d\u00e9sinfectant pour les mains \u00e0 base d&rsquo;alcool, \u00e0 l&rsquo;utiliser r\u00e9guli\u00e8rement et \u00e0 se laver les mains avec du savon et de l&rsquo;eau avant de rencontrer leur chauffeur.<\/strong><\/li>\n<li>Nous demandons aux clients de se tenir \u00e0 une distance de s\u00e9curit\u00e9 (au moins 1 m\u00e8tre) de votre chauffeur afin de respecter les mesures de distanciation sociale. Contrairement \u00e0 la rencontre amicale habituelle de notre chauffeur, ils ne vous serreront pas la main.<\/li>\n<li>Les clients doivent ouvrir \/ fermer toutes les portes eux-m\u00eames.<\/li>\n<li>Votre chauffeur peut vous demander de charger \/ d\u00e9charger vos propres bagages dans le v\u00e9hicule.<\/li>\n<li>Une fois \u00e0 bord, parce que les clients doivent porter des masques en tout temps, il est interdit de manger.<\/li>\n<li>Les clients doivent retirer tous les d\u00e9chets du v\u00e9hicule.<\/li>\n<\/ul>\n[\/vc_column_text][mk_padding_divider][vc_single_image image=\u00a0\u00bb5668&Prime; img_size=\u00a0\u00bblarge\u00a0\u00bb alignment=\u00a0\u00bbcenter\u00a0\u00bb][vc_column_text css=\u00a0\u00bb.vc_custom_1641315922557{margin-bottom: 0px !important;}\u00a0\u00bb](Derni\u00e8re mise \u00e0 jour 04\/01\/2022)[\/vc_column_text][\/vc_column][\/vc_row]\n","protected":false},"excerpt":{"rendered":"<p>[vc_row][vc_column][vc_column_text css=\u00a0\u00bb.vc_custom_1594717368376{margin-bottom: 0px !important;}\u00a0\u00bb]Chez PowderCab, nous faisons de notre mieux pour maintenir nos services de transport op\u00e9rationnels pendant cette p\u00e9riode difficile. Pour ce faire, nous devons apporter quelques modifications afin de prot\u00e9ger la sant\u00e9 de nos collaborateurs et de nos clients en int\u00e9grant les directives du gouvernement fran\u00e7ais et nos propres mesures dans nos proc\u00e9dures [&hellip;]<\/p>\n","protected":false},"author":5,"featured_media":0,"parent":0,"menu_order":0,"comment_status":"closed","ping_status":"closed","template":"","meta":{"footnotes":""},"class_list":["post-6050","page","type-page","status-publish","hentry"],"yoast_head":"<!-- This site is optimized with the Yoast SEO plugin v26.8 - https:\/\/yoast.com\/product\/yoast-seo-wordpress\/ -->\n<title>COVID-19: Politique de sant\u00e9 et d&#039;hygi\u00e8ne - PowderCab<\/title>\n<meta name=\"robots\" content=\"index, follow, max-snippet:-1, max-image-preview:large, max-video-preview:-1\" \/>\n<link rel=\"canonical\" href=\"https:\/\/powdercab.com\/fr\/covid19\/\" \/>\n<meta property=\"og:locale\" content=\"fr_FR\" \/>\n<meta property=\"og:type\" content=\"article\" \/>\n<meta property=\"og:title\" content=\"COVID-19: Politique de sant\u00e9 et d&#039;hygi\u00e8ne - PowderCab\" \/>\n<meta property=\"og:description\" content=\"[vc_row][vc_column][vc_column_text css=\u00a0\u00bb.vc_custom_1594717368376{margin-bottom: 0px !important;}\u00a0\u00bb]Chez PowderCab, nous faisons de notre mieux pour maintenir nos services de transport op\u00e9rationnels pendant cette p\u00e9riode difficile. Pour ce faire, nous devons apporter quelques modifications afin de prot\u00e9ger la sant\u00e9 de nos collaborateurs et de nos clients en int\u00e9grant les directives du gouvernement fran\u00e7ais et nos propres mesures dans nos proc\u00e9dures [&hellip;]\" \/>\n<meta property=\"og:url\" content=\"https:\/\/powdercab.com\/fr\/covid19\/\" \/>\n<meta property=\"og:site_name\" content=\"PowderCab\" \/>\n<meta property=\"article:modified_time\" content=\"2022-01-04T17:05:24+00:00\" \/>\n<meta property=\"og:image\" content=\"https:\/\/powdercab.com\/wp-content\/uploads\/2020\/05\/img_3094.jpeg\" \/>\n\t<meta property=\"og:image:width\" content=\"2896\" \/>\n\t<meta property=\"og:image:height\" content=\"1789\" \/>\n\t<meta property=\"og:image:type\" content=\"image\/jpeg\" \/>\n<meta name=\"twitter:card\" content=\"summary_large_image\" \/>\n<meta name=\"twitter:label1\" content=\"Dur\u00e9e de lecture estim\u00e9e\" \/>\n\t<meta name=\"twitter:data1\" content=\"3 minutes\" \/>\n<script type=\"application\/ld+json\" class=\"yoast-schema-graph\">{\"@context\":\"https:\/\/schema.org\",\"@graph\":[{\"@type\":\"WebPage\",\"@id\":\"https:\/\/powdercab.com\/fr\/covid19\/\",\"url\":\"https:\/\/powdercab.com\/fr\/covid19\/\",\"name\":\"COVID-19: Politique de sant\u00e9 et d'hygi\u00e8ne - PowderCab\",\"isPartOf\":{\"@id\":\"https:\/\/powdercab.com\/fr\/#website\"},\"primaryImageOfPage\":{\"@id\":\"https:\/\/powdercab.com\/fr\/covid19\/#primaryimage\"},\"image\":{\"@id\":\"https:\/\/powdercab.com\/fr\/covid19\/#primaryimage\"},\"thumbnailUrl\":\"https:\/\/powdercab.com\/wp-content\/uploads\/2020\/05\/img_3094-1024x633.jpeg\",\"datePublished\":\"2020-08-12T13:21:06+00:00\",\"dateModified\":\"2022-01-04T17:05:24+00:00\",\"breadcrumb\":{\"@id\":\"https:\/\/powdercab.com\/fr\/covid19\/#breadcrumb\"},\"inLanguage\":\"fr-FR\",\"potentialAction\":[{\"@type\":\"ReadAction\",\"target\":[\"https:\/\/powdercab.com\/fr\/covid19\/\"]}]},{\"@type\":\"ImageObject\",\"inLanguage\":\"fr-FR\",\"@id\":\"https:\/\/powdercab.com\/fr\/covid19\/#primaryimage\",\"url\":\"https:\/\/powdercab.com\/wp-content\/uploads\/2020\/05\/img_3094-1024x633.jpeg\",\"contentUrl\":\"https:\/\/powdercab.com\/wp-content\/uploads\/2020\/05\/img_3094-1024x633.jpeg\"},{\"@type\":\"BreadcrumbList\",\"@id\":\"https:\/\/powdercab.com\/fr\/covid19\/#breadcrumb\",\"itemListElement\":[{\"@type\":\"ListItem\",\"position\":1,\"name\":\"Home\",\"item\":\"https:\/\/powdercab.com\/fr\/\"},{\"@type\":\"ListItem\",\"position\":2,\"name\":\"COVID-19: Politique de sant\u00e9 et d&#8217;hygi\u00e8ne\"}]},{\"@type\":\"WebSite\",\"@id\":\"https:\/\/powdercab.com\/fr\/#website\",\"url\":\"https:\/\/powdercab.com\/fr\/\",\"name\":\"PowderCab\",\"description\":\"Alpine Resort Transfers\",\"potentialAction\":[{\"@type\":\"SearchAction\",\"target\":{\"@type\":\"EntryPoint\",\"urlTemplate\":\"https:\/\/powdercab.com\/fr\/?s={search_term_string}\"},\"query-input\":{\"@type\":\"PropertyValueSpecification\",\"valueRequired\":true,\"valueName\":\"search_term_string\"}}],\"inLanguage\":\"fr-FR\"}]}<\/script>\n<!-- \/ Yoast SEO plugin. -->","yoast_head_json":{"title":"COVID-19: Politique de sant\u00e9 et d'hygi\u00e8ne - PowderCab","robots":{"index":"index","follow":"follow","max-snippet":"max-snippet:-1","max-image-preview":"max-image-preview:large","max-video-preview":"max-video-preview:-1"},"canonical":"https:\/\/powdercab.com\/fr\/covid19\/","og_locale":"fr_FR","og_type":"article","og_title":"COVID-19: Politique de sant\u00e9 et d'hygi\u00e8ne - PowderCab","og_description":"[vc_row][vc_column][vc_column_text css=\u00a0\u00bb.vc_custom_1594717368376{margin-bottom: 0px !important;}\u00a0\u00bb]Chez PowderCab, nous faisons de notre mieux pour maintenir nos services de transport op\u00e9rationnels pendant cette p\u00e9riode difficile. Pour ce faire, nous devons apporter quelques modifications afin de prot\u00e9ger la sant\u00e9 de nos collaborateurs et de nos clients en int\u00e9grant les directives du gouvernement fran\u00e7ais et nos propres mesures dans nos proc\u00e9dures [&hellip;]","og_url":"https:\/\/powdercab.com\/fr\/covid19\/","og_site_name":"PowderCab","article_modified_time":"2022-01-04T17:05:24+00:00","og_image":[{"width":2896,"height":1789,"url":"https:\/\/powdercab.com\/wp-content\/uploads\/2020\/05\/img_3094.jpeg","type":"image\/jpeg"}],"twitter_card":"summary_large_image","twitter_misc":{"Dur\u00e9e de lecture estim\u00e9e":"3 minutes"},"schema":{"@context":"https:\/\/schema.org","@graph":[{"@type":"WebPage","@id":"https:\/\/powdercab.com\/fr\/covid19\/","url":"https:\/\/powdercab.com\/fr\/covid19\/","name":"COVID-19: Politique de sant\u00e9 et d'hygi\u00e8ne - PowderCab","isPartOf":{"@id":"https:\/\/powdercab.com\/fr\/#website"},"primaryImageOfPage":{"@id":"https:\/\/powdercab.com\/fr\/covid19\/#primaryimage"},"image":{"@id":"https:\/\/powdercab.com\/fr\/covid19\/#primaryimage"},"thumbnailUrl":"https:\/\/powdercab.com\/wp-content\/uploads\/2020\/05\/img_3094-1024x633.jpeg","datePublished":"2020-08-12T13:21:06+00:00","dateModified":"2022-01-04T17:05:24+00:00","breadcrumb":{"@id":"https:\/\/powdercab.com\/fr\/covid19\/#breadcrumb"},"inLanguage":"fr-FR","potentialAction":[{"@type":"ReadAction","target":["https:\/\/powdercab.com\/fr\/covid19\/"]}]},{"@type":"ImageObject","inLanguage":"fr-FR","@id":"https:\/\/powdercab.com\/fr\/covid19\/#primaryimage","url":"https:\/\/powdercab.com\/wp-content\/uploads\/2020\/05\/img_3094-1024x633.jpeg","contentUrl":"https:\/\/powdercab.com\/wp-content\/uploads\/2020\/05\/img_3094-1024x633.jpeg"},{"@type":"BreadcrumbList","@id":"https:\/\/powdercab.com\/fr\/covid19\/#breadcrumb","itemListElement":[{"@type":"ListItem","position":1,"name":"Home","item":"https:\/\/powdercab.com\/fr\/"},{"@type":"ListItem","position":2,"name":"COVID-19: Politique de sant\u00e9 et d&#8217;hygi\u00e8ne"}]},{"@type":"WebSite","@id":"https:\/\/powdercab.com\/fr\/#website","url":"https:\/\/powdercab.com\/fr\/","name":"PowderCab","description":"Alpine Resort Transfers","potentialAction":[{"@type":"SearchAction","target":{"@type":"EntryPoint","urlTemplate":"https:\/\/powdercab.com\/fr\/?s={search_term_string}"},"query-input":{"@type":"PropertyValueSpecification","valueRequired":true,"valueName":"search_term_string"}}],"inLanguage":"fr-FR"}]}},"_links":{"self":[{"href":"https:\/\/powdercab.com\/fr\/wp-json\/wp\/v2\/pages\/6050","targetHints":{"allow":["GET"]}}],"collection":[{"href":"https:\/\/powdercab.com\/fr\/wp-json\/wp\/v2\/pages"}],"about":[{"href":"https:\/\/powdercab.com\/fr\/wp-json\/wp\/v2\/types\/page"}],"author":[{"embeddable":true,"href":"https:\/\/powdercab.com\/fr\/wp-json\/wp\/v2\/users\/5"}],"replies":[{"embeddable":true,"href":"https:\/\/powdercab.com\/fr\/wp-json\/wp\/v2\/comments?post=6050"}],"version-history":[{"count":9,"href":"https:\/\/powdercab.com\/fr\/wp-json\/wp\/v2\/pages\/6050\/revisions"}],"predecessor-version":[{"id":6578,"href":"https:\/\/powdercab.com\/fr\/wp-json\/wp\/v2\/pages\/6050\/revisions\/6578"}],"wp:attachment":[{"href":"https:\/\/powdercab.com\/fr\/wp-json\/wp\/v2\/media?parent=6050"}],"curies":[{"name":"wp","href":"https:\/\/api.w.org\/{rel}","templated":true}]}}