{"id":6047,"date":"2020-08-12T15:14:19","date_gmt":"2020-08-12T13:14:19","guid":{"rendered":"https:\/\/powdercab.com\/qui-sommes-nous\/"},"modified":"2020-08-21T16:51:04","modified_gmt":"2020-08-21T14:51:04","slug":"qui-sommes-nous","status":"publish","type":"page","link":"https:\/\/powdercab.com\/fr\/qui-sommes-nous\/","title":{"rendered":"Qui sommes nous"},"content":{"rendered":"[vc_row][vc_column][mk_title_box font_family=\u00a0\u00bbnone\u00a0\u00bb]\n<h1>\u00c0 PROPOS DES POWDERCAB ALPINE RESORT TRANSFERTS<\/h1>\n[\/mk_title_box][vc_column_text css=\u00a0\u00bb.vc_custom_1593432327969{margin-bottom: 0px !important;}\u00a0\u00bb]PowderCab Alpine Resort Transfers op\u00e8re des transferts de station \u00e0 bas prix vers Morzine, Les Gets, Avoriaz, Samo\u00ebns, Morillon et plus depuis 2005. Nous offrons des services partag\u00e9s et priv\u00e9s, porte \u00e0 porte avec des chauffeurs alpins, pr\u00e9venants et hautement qualifi\u00e9s. Nous travaillons extr\u00eamement dur au bureau et sur la route pour vous assurer de recevoir un service de haute qualit\u00e9 et un v\u00e9ritable rapport qualit\u00e9-prix.[\/vc_column_text][mk_padding_divider size=\u00a0\u00bb20&Prime;][mk_title_box font_family=\u00a0\u00bbnone\u00a0\u00bb]\n<h2>NOTRE PROMESSE \u00c0 VOUS<\/h2>\n[\/mk_title_box][vc_column_text css=\u00a0\u00bb.vc_custom_1593432317724{margin-bottom: 0px !important;}\u00a0\u00bb]Notre priorit\u00e9 est d&rsquo;assurer votre s\u00e9curit\u00e9, m\u00eame si nos transferts sont \u00e0 faible co\u00fbt. C&rsquo;est pourquoi nous s\u00e9lectionnons et recrutons soigneusement nos chauffeurs, g\u00e9rons leurs heures de mani\u00e8re responsable et les inscrivons tous dans une formation professionnelle de conduite alpine. Toute notre \u00e9quipe travaille le plus dur possible pour assurer la meilleure qualit\u00e9 de service possible.<\/p>\n<p><strong>Nous nous conformons aux lois fran\u00e7aises et suisses strictes sur les transports et sommes enti\u00e8rement agr\u00e9\u00e9s et assur\u00e9s.<\/strong><\/p>\n<p>Voici nos informations officielles sur l&rsquo;assurance et la soci\u00e9t\u00e9:<\/p>\n<div class=\"textwidget\">\n<p><strong>Assurances:<\/strong>\u00a0AXA, Morzine, FR.<br \/>\n<strong>Num\u00e9ro de siret:<\/strong>\u00a080531895300017<br \/>\n<strong>N\u00b0 Cotisant:<\/strong>\u00a0740300600573<br \/>\n<strong>Num\u00e9ro de licence:<\/strong>\u00a02014\/82\/0002271<\/p>\n<\/div>\n[\/vc_column_text][mk_padding_divider size=\u00a0\u00bb20&Prime;][mk_title_box font_family=\u00a0\u00bbnone\u00a0\u00bb]\n<h2>NOTRE \u00c9QUIPE DE CHAUFFEURS PROFESSIONNELS<\/h2>\n[\/mk_title_box][vc_column_text css=\u00a0\u00bb.vc_custom_1593432305491{margin-bottom: 0px !important;}\u00a0\u00bb]<strong>S\u00e9lection:<\/strong> Nous s\u00e9lectionnons et recrutons soigneusement nos chauffeurs, g\u00e9rons leurs heures de mani\u00e8re responsable et nous les inscrivons tous dans un cours de formation professionnelle de conduite alpine.<\/p>\n<p><strong>Service et Exp\u00e9rience:<\/strong> Ils sont tous anglophones, sympathiques et comp\u00e9tents. Ils vous accueilleront avec le sourire, vous aideront \u00e0 porter et charger vos bagages, vous conduiront de mani\u00e8re s\u00fbre, pr\u00e9venante et opportune jusqu&rsquo;\u00e0 votre destination et vous donneront des connaissances locales en cours de route. Ils connaissent diff\u00e9rents itin\u00e9raires vers l&rsquo;a\u00e9roport et nous restons en contact \u00e9troit avec eux (avec des tracqueurs de v\u00e9hicules) s&rsquo;il y a des embouteillages ou des blocages routiers et savons donc quels itin\u00e9raires alternatifs prendre. Ils sont bien form\u00e9s \u00e0 la conduite dans des conditions de neige et \u00e0 la mise en place efficace des cha\u00eenes \u00e0 neige.<\/p>\n<p><strong>Qualifications &amp; Adh\u00e9sion:<\/strong> Afin de se conformer aux nouvelles lois suisses strictes, tous nos chauffeurs doivent avoir une v\u00e9rification des ant\u00e9c\u00e9dents de la police, avoir l&rsquo;exp\u00e9rience n\u00e9cessaire ou les qualifications de conduite n\u00e9cessaires. De plus, tous nos chauffeurs sont soumis \u00e0 un examen m\u00e9dical pour respecter les lois fran\u00e7aises strictes sur les transports.[\/vc_column_text][mk_padding_divider size=\u00a0\u00bb20&Prime;][mk_title_box font_family=\u00a0\u00bbnone\u00a0\u00bb]\n<h2>LE PERSONNEL DE BUREAU<\/h2>\n[\/mk_title_box][vc_column_text css=\u00a0\u00bb.vc_custom_1593432287431{margin-bottom: 0px !important;}\u00a0\u00bb]<strong>Efficace et Convivial:<\/strong> notre personnel parlant <span style=\"text-decoration: underline;\"><strong>anglais et fran\u00e7ais<\/strong><\/span> est l\u00e0 pour vous aider. Nous travaillons tr\u00e8s dur pour vous garantir le meilleur service client possible.<\/p>\n<p><strong>Disponible: <\/strong>Nous sommes joignables 24h \/ 24 et 7j \/ 7 et nous essayons de r\u00e9pondre \u00e0 chaque appel entrant. Si nos lignes sont occup\u00e9es (+33 6 72 99 19 48), n&rsquo;h\u00e9sitez pas \u00e0 nous rappeler plus tard ou \u00e0 nous envoyer un e-mail rapide. Nous nous effor\u00e7ons de r\u00e9pondre \u00e0 chaque e-mail (info@powdercab.com) que nous recevons (g\u00e9n\u00e9ralement dans les 2 heures), donc si vous ne recevez pas de r\u00e9ponse, il se peut que nous n&rsquo;ayons pas re\u00e7u votre e-mail. Dans ce cas, n&rsquo;h\u00e9sitez pas \u00e0 nous appeler.<\/p>\n<p><strong>Suivi en Temps R\u00e9el:<\/strong> Nous suivons toutes les arriv\u00e9es de vols pour v\u00e9rifier si votre vol est \u00e0 l&rsquo;heure ou non et ajustons notre horaire aussi soigneusement et efficacement que possible. Nous suivons les conditions de circulation et nous savons o\u00f9 se produisent les bouchons et les moments de la journ\u00e9e o\u00f9 les routes sont perturb\u00e9es, et nous essayons de pr\u00e9venir les probl\u00e8mes en prenant des itin\u00e9raires ou des mesures alternatives. Nous suivons nos v\u00e9hicules pour aider \u00e0 garder nos services aussi efficaces et fluides que possible et pour aider \u00e0 emprunter des itin\u00e9raires alternatifs en cas de probl\u00e8mes sur la route (neige, accidents, circulation, \u00e9v\u00e9nements locaux, etc.). Veuillez visiter notre page Surveillance en temps r\u00e9el des services pour plus d&rsquo;informations.<\/p>\n<p><strong>Connaissances Locales:<\/strong> Nous avons beaucoup de connaissances locales \u00e9tant bas\u00e9es \u00e0 Morzine depuis plus de 15 ans et nous avons une base de donn\u00e9es tr\u00e8s compl\u00e8te d&rsquo;h\u00e9bergements et nous connaissons tr\u00e8s bien nos stations.[\/vc_column_text][mk_padding_divider size=\u00a0\u00bb20&Prime;][mk_title_box font_family=\u00a0\u00bbnone\u00a0\u00bb]\n<h2>L&rsquo;ENVIRONNEMENT<\/h2>\n[\/mk_title_box][vc_column_text css=\u00a0\u00bb.vc_custom_1598021450245{margin-bottom: 0px !important;}\u00a0\u00bb]Bien que nous ne soyons pas le plus gros op\u00e9rateur au monde, nous n\u2019avons pas la t\u00eate enfouie dans la neige. Nous comprenons l&rsquo;impact environnemental de notre entreprise et essayons de faire notre part pour limiter leurs effets.<\/p>\n<p><strong>Sur La Route:<\/strong> Tous nos v\u00e9hicules sont \u00e9quip\u00e9s de tout nouveaux moteurs \u00e9co-con\u00e7us. Nous essayons d&rsquo;ex\u00e9cuter notre horaire aussi efficacement que possible; \u00e9viter les voyages inutiles; attendre souvent pendant de longues p\u00e9riodes \u00e0 l&rsquo;a\u00e9roport (entre les d\u00e9parts du complexe et les arriv\u00e9es \u00e0 l&rsquo;a\u00e9roport) plut\u00f4t que d&rsquo;envoyer deux v\u00e9hicules s\u00e9par\u00e9s et nous n&rsquo;acceptons que des services que nous pouvons r\u00e9ellement exploiter.<\/p>\n<p><strong>Bureau:<\/strong> Notre syst\u00e8me de r\u00e9servation en ligne n\u2019utilise pas de papier. Tout papier que nous utilisons, nous le recyclons dans la mesure du possible avec d&rsquo;autres d\u00e9chets. De plus, nous essayons d&rsquo;\u00e9viter une utilisation excessive des appareils \u00e9lectriques.<\/p>\n<p><strong>Durabilit\u00e9:<\/strong> Nous sommes fiers d&rsquo;\u00eatre membre de la <a href=\"https:\/\/www.montagnevertemorzine.com\/fr\/francais\" target=\"_blank\" rel=\"noopener noreferrer\"><span style=\"text-decoration: underline;\"><strong>Fondation Montagne Verte<\/strong><\/span><\/a>, l&rsquo;un des plus grands partisans du changement environnemental positif \u00e0 Morzine et dans la r\u00e9gion environnante. Montagne Verte est une association d&rsquo;utilit\u00e9 publique \u00e0 but non lucratif qui s&rsquo;efforce d&rsquo;apporter des solutions aux habitants de la montagne, aux visiteurs et aux entreprises, afin de minimiser leur impact environnemental. Gr\u00e2ce au financement des habitants et des entreprises locales comme nous, Montagne Verte est en mesure d&#8217;employer un directeur du d\u00e9veloppement durable pour travailler \u00e0 plein temps sur tout ce qui touche au climat. En collaborant \u00e9troitement avec les parties prenantes r\u00e9gionales, ils visent \u00e0 fournir une ressource pr\u00e9cieuse qui rassemble toutes sortes d&rsquo;informations utiles et de soutien, permettant de prendre des d\u00e9cisions plus \u00e9cologiques plus rapidement. En tant que membre de Montagne Verte, nous contribuons \u00e0 l&rsquo;important processus de transformation de Morzine et de ses communes voisines en une destination touristique plus durable.<\/p>\n<p>Ensemble, nous formons un collectif, et un collectif peut faire la diff\u00e9rence.[\/vc_column_text][vc_single_image image=\u00a0\u00bb5694&Prime; img_size=\u00a0\u00bbfull\u00a0\u00bb onclick=\u00a0\u00bbcustom_link\u00a0\u00bb img_link_target=\u00a0\u00bb_blank\u00a0\u00bb link=\u00a0\u00bbhttps:\/\/www.montagnevertemorzine.com\/fr\/francais\u00a0\u00bb][\/vc_column][\/vc_row][vc_row][vc_column][mk_padding_divider][vc_btn title=\u00a0\u00bbPour un devis de transfert Gen\u00e8ve \u00e0 bas prix cliquez ici maintenant!\u00a0\u00bb color=\u00a0\u00bbpeacoc\u00a0\u00bb size=\u00a0\u00bblg\u00a0\u00bb align=\u00a0\u00bbcenter\u00a0\u00bb i_align=\u00a0\u00bbright\u00a0\u00bb i_icon_fontawesome=\u00a0\u00bb\u00a0\u00bb add_icon=\u00a0\u00bbtrue\u00a0\u00bb link=\u00a0\u00bburl:https%3A%2F%2Fpowdercab.com%2Ffr%2Freserve-maintenant%2F|||\u00a0\u00bb][mk_padding_divider][mk_image src=\u00a0\u00bbhttp:\/\/powdercab.com\/wp-content\/uploads\/2012\/09\/FaceBook-pic-of-snowboarders-Chopped-1.jpg\u00a0\u00bb el_class=\u00a0\u00bbimage-caption-large yellow-title\u00a0\u00bb][\/vc_column][\/vc_row]\n","protected":false},"excerpt":{"rendered":"<p>[vc_row][vc_column][mk_title_box font_family=\u00a0\u00bbnone\u00a0\u00bb] \u00c0 PROPOS DES POWDERCAB ALPINE RESORT TRANSFERTS [\/mk_title_box][vc_column_text css=\u00a0\u00bb.vc_custom_1593432327969{margin-bottom: 0px !important;}\u00a0\u00bb]PowderCab Alpine Resort Transfers op\u00e8re des transferts de station \u00e0 bas prix vers Morzine, Les Gets, Avoriaz, Samo\u00ebns, Morillon et plus depuis 2005. Nous offrons des services partag\u00e9s et priv\u00e9s, porte \u00e0 porte avec des chauffeurs alpins, pr\u00e9venants et hautement qualifi\u00e9s. Nous travaillons [&hellip;]<\/p>\n","protected":false},"author":2,"featured_media":0,"parent":0,"menu_order":0,"comment_status":"closed","ping_status":"closed","template":"","meta":{"footnotes":""},"class_list":["post-6047","page","type-page","status-publish","hentry"],"yoast_head":"<!-- This site is optimized with the Yoast SEO plugin v26.8 - https:\/\/yoast.com\/product\/yoast-seo-wordpress\/ -->\n<title>Qui sommes nous - PowderCab<\/title>\n<meta name=\"robots\" content=\"index, follow, max-snippet:-1, max-image-preview:large, max-video-preview:-1\" \/>\n<link rel=\"canonical\" href=\"https:\/\/powdercab.com\/fr\/qui-sommes-nous\/\" \/>\n<meta property=\"og:locale\" content=\"fr_FR\" \/>\n<meta property=\"og:type\" content=\"article\" \/>\n<meta property=\"og:title\" content=\"Qui sommes nous - PowderCab\" \/>\n<meta property=\"og:description\" content=\"[vc_row][vc_column][mk_title_box font_family=\u00a0\u00bbnone\u00a0\u00bb] \u00c0 PROPOS DES POWDERCAB ALPINE RESORT TRANSFERTS [\/mk_title_box][vc_column_text css=\u00a0\u00bb.vc_custom_1593432327969{margin-bottom: 0px !important;}\u00a0\u00bb]PowderCab Alpine Resort Transfers op\u00e8re des transferts de station \u00e0 bas prix vers Morzine, Les Gets, Avoriaz, Samo\u00ebns, Morillon et plus depuis 2005. Nous offrons des services partag\u00e9s et priv\u00e9s, porte \u00e0 porte avec des chauffeurs alpins, pr\u00e9venants et hautement qualifi\u00e9s. Nous travaillons [&hellip;]\" \/>\n<meta property=\"og:url\" content=\"https:\/\/powdercab.com\/fr\/qui-sommes-nous\/\" \/>\n<meta property=\"og:site_name\" content=\"PowderCab\" \/>\n<meta property=\"article:modified_time\" content=\"2020-08-21T14:51:04+00:00\" \/>\n<meta name=\"twitter:card\" content=\"summary_large_image\" \/>\n<meta name=\"twitter:label1\" content=\"Dur\u00e9e de lecture estim\u00e9e\" \/>\n\t<meta name=\"twitter:data1\" content=\"6 minutes\" \/>\n<script type=\"application\/ld+json\" class=\"yoast-schema-graph\">{\"@context\":\"https:\/\/schema.org\",\"@graph\":[{\"@type\":\"WebPage\",\"@id\":\"https:\/\/powdercab.com\/fr\/qui-sommes-nous\/\",\"url\":\"https:\/\/powdercab.com\/fr\/qui-sommes-nous\/\",\"name\":\"Qui sommes nous - PowderCab\",\"isPartOf\":{\"@id\":\"https:\/\/powdercab.com\/fr\/#website\"},\"datePublished\":\"2020-08-12T13:14:19+00:00\",\"dateModified\":\"2020-08-21T14:51:04+00:00\",\"breadcrumb\":{\"@id\":\"https:\/\/powdercab.com\/fr\/qui-sommes-nous\/#breadcrumb\"},\"inLanguage\":\"fr-FR\",\"potentialAction\":[{\"@type\":\"ReadAction\",\"target\":[\"https:\/\/powdercab.com\/fr\/qui-sommes-nous\/\"]}]},{\"@type\":\"BreadcrumbList\",\"@id\":\"https:\/\/powdercab.com\/fr\/qui-sommes-nous\/#breadcrumb\",\"itemListElement\":[{\"@type\":\"ListItem\",\"position\":1,\"name\":\"Home\",\"item\":\"https:\/\/powdercab.com\/fr\/\"},{\"@type\":\"ListItem\",\"position\":2,\"name\":\"Qui sommes nous\"}]},{\"@type\":\"WebSite\",\"@id\":\"https:\/\/powdercab.com\/fr\/#website\",\"url\":\"https:\/\/powdercab.com\/fr\/\",\"name\":\"PowderCab\",\"description\":\"Alpine Resort Transfers\",\"potentialAction\":[{\"@type\":\"SearchAction\",\"target\":{\"@type\":\"EntryPoint\",\"urlTemplate\":\"https:\/\/powdercab.com\/fr\/?s={search_term_string}\"},\"query-input\":{\"@type\":\"PropertyValueSpecification\",\"valueRequired\":true,\"valueName\":\"search_term_string\"}}],\"inLanguage\":\"fr-FR\"}]}<\/script>\n<!-- \/ Yoast SEO plugin. -->","yoast_head_json":{"title":"Qui sommes nous - PowderCab","robots":{"index":"index","follow":"follow","max-snippet":"max-snippet:-1","max-image-preview":"max-image-preview:large","max-video-preview":"max-video-preview:-1"},"canonical":"https:\/\/powdercab.com\/fr\/qui-sommes-nous\/","og_locale":"fr_FR","og_type":"article","og_title":"Qui sommes nous - PowderCab","og_description":"[vc_row][vc_column][mk_title_box font_family=\u00a0\u00bbnone\u00a0\u00bb] \u00c0 PROPOS DES POWDERCAB ALPINE RESORT TRANSFERTS [\/mk_title_box][vc_column_text css=\u00a0\u00bb.vc_custom_1593432327969{margin-bottom: 0px !important;}\u00a0\u00bb]PowderCab Alpine Resort Transfers op\u00e8re des transferts de station \u00e0 bas prix vers Morzine, Les Gets, Avoriaz, Samo\u00ebns, Morillon et plus depuis 2005. Nous offrons des services partag\u00e9s et priv\u00e9s, porte \u00e0 porte avec des chauffeurs alpins, pr\u00e9venants et hautement qualifi\u00e9s. Nous travaillons [&hellip;]","og_url":"https:\/\/powdercab.com\/fr\/qui-sommes-nous\/","og_site_name":"PowderCab","article_modified_time":"2020-08-21T14:51:04+00:00","twitter_card":"summary_large_image","twitter_misc":{"Dur\u00e9e de lecture estim\u00e9e":"6 minutes"},"schema":{"@context":"https:\/\/schema.org","@graph":[{"@type":"WebPage","@id":"https:\/\/powdercab.com\/fr\/qui-sommes-nous\/","url":"https:\/\/powdercab.com\/fr\/qui-sommes-nous\/","name":"Qui sommes nous - PowderCab","isPartOf":{"@id":"https:\/\/powdercab.com\/fr\/#website"},"datePublished":"2020-08-12T13:14:19+00:00","dateModified":"2020-08-21T14:51:04+00:00","breadcrumb":{"@id":"https:\/\/powdercab.com\/fr\/qui-sommes-nous\/#breadcrumb"},"inLanguage":"fr-FR","potentialAction":[{"@type":"ReadAction","target":["https:\/\/powdercab.com\/fr\/qui-sommes-nous\/"]}]},{"@type":"BreadcrumbList","@id":"https:\/\/powdercab.com\/fr\/qui-sommes-nous\/#breadcrumb","itemListElement":[{"@type":"ListItem","position":1,"name":"Home","item":"https:\/\/powdercab.com\/fr\/"},{"@type":"ListItem","position":2,"name":"Qui sommes nous"}]},{"@type":"WebSite","@id":"https:\/\/powdercab.com\/fr\/#website","url":"https:\/\/powdercab.com\/fr\/","name":"PowderCab","description":"Alpine Resort Transfers","potentialAction":[{"@type":"SearchAction","target":{"@type":"EntryPoint","urlTemplate":"https:\/\/powdercab.com\/fr\/?s={search_term_string}"},"query-input":{"@type":"PropertyValueSpecification","valueRequired":true,"valueName":"search_term_string"}}],"inLanguage":"fr-FR"}]}},"_links":{"self":[{"href":"https:\/\/powdercab.com\/fr\/wp-json\/wp\/v2\/pages\/6047","targetHints":{"allow":["GET"]}}],"collection":[{"href":"https:\/\/powdercab.com\/fr\/wp-json\/wp\/v2\/pages"}],"about":[{"href":"https:\/\/powdercab.com\/fr\/wp-json\/wp\/v2\/types\/page"}],"author":[{"embeddable":true,"href":"https:\/\/powdercab.com\/fr\/wp-json\/wp\/v2\/users\/2"}],"replies":[{"embeddable":true,"href":"https:\/\/powdercab.com\/fr\/wp-json\/wp\/v2\/comments?post=6047"}],"version-history":[{"count":6,"href":"https:\/\/powdercab.com\/fr\/wp-json\/wp\/v2\/pages\/6047\/revisions"}],"predecessor-version":[{"id":6357,"href":"https:\/\/powdercab.com\/fr\/wp-json\/wp\/v2\/pages\/6047\/revisions\/6357"}],"wp:attachment":[{"href":"https:\/\/powdercab.com\/fr\/wp-json\/wp\/v2\/media?parent=6047"}],"curies":[{"name":"wp","href":"https:\/\/api.w.org\/{rel}","templated":true}]}}