{"id":6044,"date":"2020-08-12T15:05:47","date_gmt":"2020-08-12T13:05:47","guid":{"rendered":"https:\/\/powdercab.com\/nos-destinations\/avoriaz-haut-de-station-ou-les-prodains\/"},"modified":"2020-08-24T15:58:28","modified_gmt":"2020-08-24T13:58:28","slug":"avoriaz-haut-de-station-ou-les-prodains","status":"publish","type":"page","link":"https:\/\/powdercab.com\/fr\/nos-destinations\/avoriaz-haut-de-station-ou-les-prodains\/","title":{"rendered":"Avoriaz: Haut de Station ou les Prodains ?"},"content":{"rendered":"[vc_row][vc_column][vc_column_text css=\u00a0\u00bb.vc_custom_1543574670805{margin-bottom: 0px !important;}\u00a0\u00bb]\n<h1><strong>Avoriaz (Haut de Station) ou les Prodains ?<\/strong><\/h1>\n[\/vc_column_text][mk_padding_divider size=\u00a0\u00bb20&Prime;][vc_text_separator title=\u00a0\u00bb\u00a0\u00bb color=\u00a0\u00bbcustom\u00a0\u00bb border_width=\u00a0\u00bb10&Prime; accent_color=\u00a0\u00bb#ffd801&Prime;][\/vc_column][\/vc_row][vc_row][vc_column][vc_single_image image=\u00a0\u00bb4605&Prime; img_size=\u00a0\u00bbfull\u00a0\u00bb][\/vc_column][\/vc_row][vc_row][vc_column][mk_padding_divider size=\u00a0\u00bb20&Prime;][vc_column_text css=\u00a0\u00bb.vc_custom_1565680069191{margin-bottom: 0px !important;}\u00a0\u00bb]Le village de ski d&rsquo;Avoriaz <strong>est pi\u00e9ton<\/strong>, ce qui signifie qu&rsquo;il n&rsquo;y a <strong>que deux options<\/strong> pour \u00eatre d\u00e9pos\u00e9 \/ r\u00e9cup\u00e9r\u00e9: Soit l\u2019entr\u00e9e de la station d\u2019Avoriaz ou la t\u00e9l\u00e9cabine Prodains Express.<\/p>\n<div><\/div>\n[\/vc_column_text][mk_padding_divider size=\u00a0\u00bb20&Prime;][vc_accordions][vc_accordion_tab title=\u00a0\u00bbSi Avoriaz est une ville sans voitures, comment puis-je acc\u00e9der \u00e0 mon logement?\u00a0\u00bb][vc_column_text css=\u00a0\u00bb.vc_custom_1598021613325{margin-bottom: 0px !important;}\u00a0\u00bb]De l&rsquo;endroit o\u00f9 vous choisissez d&rsquo;\u00eatre d\u00e9pos\u00e9 \/ r\u00e9cup\u00e9r\u00e9 (entr\u00e9e de la station ou Prodains), vous avez <strong>3 options<\/strong> pour vous rendre \u00e0 votre h\u00e9bergement:<\/p>\n<ol>\n<li><strong>marcher et louer un tra\u00eeneau \u00e0 bagages <\/strong><\/li>\n<li><strong>ou prendre un taxi des neiges (comme un monospace sur des chenilles de chars) <\/strong><\/li>\n<li><strong>ou prendre un cheval et un tra\u00eeneau <\/strong><\/li>\n<\/ol>\n<p>Les deux derni\u00e8res options sont payantes, le taxi des neiges \u00e9tant l&rsquo;option la moins ch\u00e8re et le cheval et le tra\u00eeneau \u00e9tant la plus romantique. Vous pouvez v\u00e9rifier si votre h\u00f4tel vous offre ces services.[\/vc_column_text][\/vc_accordion_tab][vc_accordion_tab title=\u00a0\u00bbQuelle est la diff\u00e9rence entre l\u2019entr\u00e9e de la station d\u2019Avoriaz et les Prodains?\u00a0\u00bb][vc_column_text css=\u00a0\u00bb.vc_custom_1598021641932{margin-bottom: 0px !important;}\u00a0\u00bb]La <strong>station d\u2019Avoriaz<\/strong> (<strong>1800m d&rsquo;altitude<\/strong>): Le transfert de Gen\u00e8ve \u00e0 l\u2019entr\u00e9e de la station prend environ 1 heure 40\/50 minutes route d\u00e9gag\u00e9e (pas de neige, pas de trafic, etc.).<\/p>\n<p>T\u00e9l\u00e9cabine Avoriaz <strong>Prodains Express<\/strong> (<strong>1200m d&rsquo;altitude mont\u00e9e \u00e0 1800m en 3 minutes<\/strong>): Le temps de transfert vers la t\u00e9l\u00e9cabine Prodains Express est d&rsquo;environ 1 heure 15\/25 minutes sur une route d\u00e9gag\u00e9e (pas de neige, pas de trafic, etc.).[\/vc_column_text][\/vc_accordion_tab][vc_accordion_tab title=\u00a0\u00bbAlors quelle option choisir ?\u00a0\u00bb][vc_column_text css=\u00a0\u00bb.vc_custom_1598021669133{margin-bottom: 0px !important;}\u00a0\u00bb]Le choix de l&rsquo;endroit o\u00f9 aller peut d\u00e9pendre de plusieurs facteurs tels que l&#8217;emplacement de votre logement \u00e0 Avoriaz, votre budget, votre flexibilit\u00e9, la fa\u00e7on dont vous ou les enfants voyagez sur les routes de montagne, les heures d&rsquo;ouverture de la t\u00e9l\u00e9cabine, etc.<\/p>\n<p>De plus, parfois les samedis de forte affluence, notre disponibilit\u00e9 est limit\u00e9e pour se rendre \u00e0 l\u2019entr\u00e9e de la station d\u2019Avoriaz et il se peut que nous ne soyons pas en mesure d&rsquo;offrir des services \u00e0 Prodains qu&rsquo;\u00e0 certaines heures de la journ\u00e9e.[\/vc_column_text][\/vc_accordion_tab][vc_accordion_tab title=\u00a0\u00bbInformations pratiques pour vous aider dans votre d\u00e9cision\u00a0\u00bb][vc_column_text css=\u00a0\u00bb.vc_custom_1598021723131{margin-bottom: 0px !important;}\u00a0\u00bb]\n<div dir=\"ltr\">\n<p><strong>Prodains:<\/strong> Le transfert vers la t\u00e9l\u00e9cabine Prodains Express est plus court, plus rapide, moins cher et beaucoup plus confortable car nous \u00e9vitons 19 virages en \u00e9pingle \u00e0 cheveux en remontant la route de montagne de 12 km jusqu&rsquo;\u00e0 la gare sup\u00e9rieure d&rsquo;Avoriaz. Donc, si vous ou les autres passagers n\u2019aimez pas voyager en montagne, Prodains est la meilleure option pour vous.<\/p>\n<p><strong>Prodains:<\/strong> Vous prenez la t\u00e9l\u00e9cabine Prodains en tant que passager \u00e0 pied (y compris vos bagages car ce sont des cabines ferm\u00e9es sp\u00e9cialement pour les passagers \u00e0 pied et les skieurs) et cela ne prend que 3 minutes (c&rsquo;est incroyable !!). Si vous skiez le jour de votre voyage, le prix de la t\u00e9l\u00e9cabine en tant que passager \u00e0 pied est inclus dans le forfait de ski \u00e0 la journ\u00e9e et les jeunes voyagent gratuitement.<\/p>\n<p>Un aller simple pour un adulte co\u00fbte 8,50 \u20ac et un aller-retour est de 13,90 \u20ac. Il ouvre \u00e0 07h00 tous les matins et ferme du lundi au jeudi \u00e0 21h00, du samedi au vendredi \u00e0 00h00 et le dimanche \u00e0 22h00.<\/p>\n<p><strong>Entr\u00e9e de la station d\u2019Avoriaz<\/strong>: Si vous s\u00e9journez au complexe <strong>Amara<\/strong> ou dans le <strong>quartier de la Falaise<\/strong>, ils sont situ\u00e9s juste \u00e0 c\u00f4t\u00e9 du centre d&rsquo;accueil de l\u2019entr\u00e9e de la station, donc dans ce cas, l\u2019entr\u00e9e de la station est votre meilleure option.<\/p>\n<p>En p\u00e9riode de fortes chutes de neige, la t\u00e9l\u00e9cabine Prodains peut \u00eatre la seule option le jour de toute fa\u00e7on pour la s\u00e9curit\u00e9 de tous, en raison de directives de police ou en conjonction avec nos conditions g\u00e9n\u00e9rales.<\/p>\n<\/div>\n[\/vc_column_text][\/vc_accordion_tab][vc_accordion_tab title=\u00a0\u00bbUne carte d&rsquo;Avoriaz pour donner plus de sens \u00e0 la station sans voitures\u00a0\u00bb][vc_column_text css=\u00a0\u00bb.vc_custom_1598021762503{margin-bottom: 0px !important;}\u00a0\u00bb]\n<div dir=\"ltr\">\n<p>Veuillez consulter le plan du village d&rsquo;Avoriaz ci-dessous (<a href=\"http:\/\/www.avoriaz.com\/wp-content\/uploads\/2016\/06\/plan_avoriaz.png\" target=\"_blank\" rel=\"noopener noreferrer\">ou <strong>cliquez sur cette carte interactive<\/strong> plus grande d&rsquo;Avoriaz<\/a>) pour mieux comprendre la station de ski (le lien s&rsquo;ouvrira dans une nouvelle fen\u00eatre).<\/p>\n<p>Sur la carte, le haut de la <strong>t\u00e9l\u00e9cabine Prodains<\/strong> est le point de rencontre des coins inf\u00e9rieurs des r\u00e9f\u00e9rences de grille <strong>E3<\/strong> et <strong>F3<\/strong>.<br \/>\n<strong>L\u2019entr\u00e9e de la station<\/strong> \u00abWelcome Center \/ Accueil Entr\u00e9e Station\u00bb se trouve au milieu de <strong>B2.<\/strong><\/p>\n<hr \/>\n<p><a href=\"https:\/\/powdercab.com\/wp-content\/uploads\/2017\/10\/avoriaz-map.jpg\"><img loading=\"lazy\" decoding=\"async\" class=\"alignnone size-full wp-image-4617\" src=\"https:\/\/powdercab.com\/wp-content\/uploads\/2017\/10\/avoriaz-map.jpg\" alt=\"Avoriaz Map\" width=\"794\" height=\"513\" srcset=\"https:\/\/powdercab.com\/wp-content\/uploads\/2017\/10\/avoriaz-map.jpg 794w, https:\/\/powdercab.com\/wp-content\/uploads\/2017\/10\/avoriaz-map-300x194.jpg 300w, https:\/\/powdercab.com\/wp-content\/uploads\/2017\/10\/avoriaz-map-768x496.jpg 768w\" sizes=\"auto, (max-width: 794px) 100vw, 794px\" \/><\/a><\/p>\n<p>Carte gracieuset\u00e9 de Avoriaz.com<\/p>\n<\/div>\n[\/vc_column_text][\/vc_accordion_tab][\/vc_accordions][\/vc_column][\/vc_row][vc_row][vc_column][vc_column_text]Nous esp\u00e9rons que ces informations vous aideront et si vous avez des questions, n&rsquo;h\u00e9sitez pas \u00e0 nous contacter.[\/vc_column_text][\/vc_column][\/vc_row][vc_row][vc_column][vc_single_image image=\u00a0\u00bb3481&Prime; img_size=\u00a0\u00bbfull\u00a0\u00bb add_caption=\u00a0\u00bbyes\u00a0\u00bb alignment=\u00a0\u00bbcenter\u00a0\u00bb][vc_column_text]Avoriaz en arri\u00e8re-plan lors d&rsquo;une incroyable journ\u00e9e de poudreuse avec Caro de PowderCab et Laura de GypsySnowboarding :)[\/vc_column_text][\/vc_column][\/vc_row]\n","protected":false},"excerpt":{"rendered":"<p>[vc_row][vc_column][vc_column_text css=\u00a0\u00bb.vc_custom_1543574670805{margin-bottom: 0px !important;}\u00a0\u00bb] Avoriaz (Haut de Station) ou les Prodains ? [\/vc_column_text][mk_padding_divider size=\u00a0\u00bb20&Prime;][vc_text_separator title=\u00a0\u00bb\u00a0\u00bb color=\u00a0\u00bbcustom\u00a0\u00bb border_width=\u00a0\u00bb10&Prime; accent_color=\u00a0\u00bb#ffd801&Prime;][\/vc_column][\/vc_row][vc_row][vc_column][vc_single_image image=\u00a0\u00bb4605&Prime; img_size=\u00a0\u00bbfull\u00a0\u00bb][\/vc_column][\/vc_row][vc_row][vc_column][mk_padding_divider size=\u00a0\u00bb20&Prime;][vc_column_text css=\u00a0\u00bb.vc_custom_1565680069191{margin-bottom: 0px !important;}\u00a0\u00bb]Le village de ski d&rsquo;Avoriaz est pi\u00e9ton, ce qui signifie qu&rsquo;il n&rsquo;y a que deux options pour \u00eatre d\u00e9pos\u00e9 \/ r\u00e9cup\u00e9r\u00e9: Soit l\u2019entr\u00e9e de la station d\u2019Avoriaz ou la t\u00e9l\u00e9cabine Prodains Express. [&hellip;]<\/p>\n","protected":false},"author":2,"featured_media":0,"parent":6004,"menu_order":0,"comment_status":"closed","ping_status":"closed","template":"","meta":{"footnotes":""},"class_list":["post-6044","page","type-page","status-publish","hentry"],"yoast_head":"<!-- This site is optimized with the Yoast SEO plugin v26.8 - https:\/\/yoast.com\/product\/yoast-seo-wordpress\/ -->\n<title>Avoriaz: Haut de Station ou les Prodains ? - PowderCab<\/title>\n<meta name=\"description\" content=\"Devez-vous choisir de prendre votre transfert a\u00e9roport \u00e0 Avoriaz (Haut de Station) ou \u00e0 la t\u00e9l\u00e9cabine Prodains Express? Nous avons toutes les informations dont vous avez besoin ci-dessous.\" \/>\n<meta name=\"robots\" content=\"index, follow, max-snippet:-1, max-image-preview:large, max-video-preview:-1\" \/>\n<link rel=\"canonical\" href=\"https:\/\/powdercab.com\/fr\/nos-destinations\/avoriaz-haut-de-station-ou-les-prodains\/\" \/>\n<meta property=\"og:locale\" content=\"fr_FR\" \/>\n<meta property=\"og:type\" content=\"article\" \/>\n<meta property=\"og:title\" content=\"Avoriaz: Haut de Station ou les Prodains ? - PowderCab\" \/>\n<meta property=\"og:description\" content=\"Devez-vous choisir de prendre votre transfert a\u00e9roport \u00e0 Avoriaz (Haut de Station) ou \u00e0 la t\u00e9l\u00e9cabine Prodains Express? Nous avons toutes les informations dont vous avez besoin ci-dessous.\" \/>\n<meta property=\"og:url\" content=\"https:\/\/powdercab.com\/fr\/nos-destinations\/avoriaz-haut-de-station-ou-les-prodains\/\" \/>\n<meta property=\"og:site_name\" content=\"PowderCab\" \/>\n<meta property=\"article:modified_time\" content=\"2020-08-24T13:58:28+00:00\" \/>\n<meta property=\"og:image\" content=\"https:\/\/powdercab.com\/wp-content\/uploads\/2017\/10\/avoriaz-map.jpg\" \/>\n<meta name=\"twitter:card\" content=\"summary_large_image\" \/>\n<meta name=\"twitter:label1\" content=\"Dur\u00e9e de lecture estim\u00e9e\" \/>\n\t<meta name=\"twitter:data1\" content=\"5 minutes\" \/>\n<script type=\"application\/ld+json\" class=\"yoast-schema-graph\">{\"@context\":\"https:\/\/schema.org\",\"@graph\":[{\"@type\":\"WebPage\",\"@id\":\"https:\/\/powdercab.com\/fr\/nos-destinations\/avoriaz-haut-de-station-ou-les-prodains\/\",\"url\":\"https:\/\/powdercab.com\/fr\/nos-destinations\/avoriaz-haut-de-station-ou-les-prodains\/\",\"name\":\"Avoriaz: Haut de Station ou les Prodains ? - PowderCab\",\"isPartOf\":{\"@id\":\"https:\/\/powdercab.com\/fr\/#website\"},\"primaryImageOfPage\":{\"@id\":\"https:\/\/powdercab.com\/fr\/nos-destinations\/avoriaz-haut-de-station-ou-les-prodains\/#primaryimage\"},\"image\":{\"@id\":\"https:\/\/powdercab.com\/fr\/nos-destinations\/avoriaz-haut-de-station-ou-les-prodains\/#primaryimage\"},\"thumbnailUrl\":\"https:\/\/powdercab.com\/wp-content\/uploads\/2017\/10\/avoriaz-map.jpg\",\"datePublished\":\"2020-08-12T13:05:47+00:00\",\"dateModified\":\"2020-08-24T13:58:28+00:00\",\"description\":\"Devez-vous choisir de prendre votre transfert a\u00e9roport \u00e0 Avoriaz (Haut de Station) ou \u00e0 la t\u00e9l\u00e9cabine Prodains Express? Nous avons toutes les informations dont vous avez besoin ci-dessous.\",\"breadcrumb\":{\"@id\":\"https:\/\/powdercab.com\/fr\/nos-destinations\/avoriaz-haut-de-station-ou-les-prodains\/#breadcrumb\"},\"inLanguage\":\"fr-FR\",\"potentialAction\":[{\"@type\":\"ReadAction\",\"target\":[\"https:\/\/powdercab.com\/fr\/nos-destinations\/avoriaz-haut-de-station-ou-les-prodains\/\"]}]},{\"@type\":\"ImageObject\",\"inLanguage\":\"fr-FR\",\"@id\":\"https:\/\/powdercab.com\/fr\/nos-destinations\/avoriaz-haut-de-station-ou-les-prodains\/#primaryimage\",\"url\":\"https:\/\/powdercab.com\/wp-content\/uploads\/2017\/10\/avoriaz-map.jpg\",\"contentUrl\":\"https:\/\/powdercab.com\/wp-content\/uploads\/2017\/10\/avoriaz-map.jpg\"},{\"@type\":\"BreadcrumbList\",\"@id\":\"https:\/\/powdercab.com\/fr\/nos-destinations\/avoriaz-haut-de-station-ou-les-prodains\/#breadcrumb\",\"itemListElement\":[{\"@type\":\"ListItem\",\"position\":1,\"name\":\"Home\",\"item\":\"https:\/\/powdercab.com\/fr\/\"},{\"@type\":\"ListItem\",\"position\":2,\"name\":\"Nos Destinations\",\"item\":\"https:\/\/powdercab.com\/fr\/nos-destinations\/\"},{\"@type\":\"ListItem\",\"position\":3,\"name\":\"Avoriaz: Haut de Station ou les Prodains ?\"}]},{\"@type\":\"WebSite\",\"@id\":\"https:\/\/powdercab.com\/fr\/#website\",\"url\":\"https:\/\/powdercab.com\/fr\/\",\"name\":\"PowderCab\",\"description\":\"Alpine Resort Transfers\",\"potentialAction\":[{\"@type\":\"SearchAction\",\"target\":{\"@type\":\"EntryPoint\",\"urlTemplate\":\"https:\/\/powdercab.com\/fr\/?s={search_term_string}\"},\"query-input\":{\"@type\":\"PropertyValueSpecification\",\"valueRequired\":true,\"valueName\":\"search_term_string\"}}],\"inLanguage\":\"fr-FR\"}]}<\/script>\n<!-- \/ Yoast SEO plugin. -->","yoast_head_json":{"title":"Avoriaz: Haut de Station ou les Prodains ? - PowderCab","description":"Devez-vous choisir de prendre votre transfert a\u00e9roport \u00e0 Avoriaz (Haut de Station) ou \u00e0 la t\u00e9l\u00e9cabine Prodains Express? Nous avons toutes les informations dont vous avez besoin ci-dessous.","robots":{"index":"index","follow":"follow","max-snippet":"max-snippet:-1","max-image-preview":"max-image-preview:large","max-video-preview":"max-video-preview:-1"},"canonical":"https:\/\/powdercab.com\/fr\/nos-destinations\/avoriaz-haut-de-station-ou-les-prodains\/","og_locale":"fr_FR","og_type":"article","og_title":"Avoriaz: Haut de Station ou les Prodains ? - PowderCab","og_description":"Devez-vous choisir de prendre votre transfert a\u00e9roport \u00e0 Avoriaz (Haut de Station) ou \u00e0 la t\u00e9l\u00e9cabine Prodains Express? Nous avons toutes les informations dont vous avez besoin ci-dessous.","og_url":"https:\/\/powdercab.com\/fr\/nos-destinations\/avoriaz-haut-de-station-ou-les-prodains\/","og_site_name":"PowderCab","article_modified_time":"2020-08-24T13:58:28+00:00","og_image":[{"url":"https:\/\/powdercab.com\/wp-content\/uploads\/2017\/10\/avoriaz-map.jpg","type":"","width":"","height":""}],"twitter_card":"summary_large_image","twitter_misc":{"Dur\u00e9e de lecture estim\u00e9e":"5 minutes"},"schema":{"@context":"https:\/\/schema.org","@graph":[{"@type":"WebPage","@id":"https:\/\/powdercab.com\/fr\/nos-destinations\/avoriaz-haut-de-station-ou-les-prodains\/","url":"https:\/\/powdercab.com\/fr\/nos-destinations\/avoriaz-haut-de-station-ou-les-prodains\/","name":"Avoriaz: Haut de Station ou les Prodains ? - PowderCab","isPartOf":{"@id":"https:\/\/powdercab.com\/fr\/#website"},"primaryImageOfPage":{"@id":"https:\/\/powdercab.com\/fr\/nos-destinations\/avoriaz-haut-de-station-ou-les-prodains\/#primaryimage"},"image":{"@id":"https:\/\/powdercab.com\/fr\/nos-destinations\/avoriaz-haut-de-station-ou-les-prodains\/#primaryimage"},"thumbnailUrl":"https:\/\/powdercab.com\/wp-content\/uploads\/2017\/10\/avoriaz-map.jpg","datePublished":"2020-08-12T13:05:47+00:00","dateModified":"2020-08-24T13:58:28+00:00","description":"Devez-vous choisir de prendre votre transfert a\u00e9roport \u00e0 Avoriaz (Haut de Station) ou \u00e0 la t\u00e9l\u00e9cabine Prodains Express? Nous avons toutes les informations dont vous avez besoin ci-dessous.","breadcrumb":{"@id":"https:\/\/powdercab.com\/fr\/nos-destinations\/avoriaz-haut-de-station-ou-les-prodains\/#breadcrumb"},"inLanguage":"fr-FR","potentialAction":[{"@type":"ReadAction","target":["https:\/\/powdercab.com\/fr\/nos-destinations\/avoriaz-haut-de-station-ou-les-prodains\/"]}]},{"@type":"ImageObject","inLanguage":"fr-FR","@id":"https:\/\/powdercab.com\/fr\/nos-destinations\/avoriaz-haut-de-station-ou-les-prodains\/#primaryimage","url":"https:\/\/powdercab.com\/wp-content\/uploads\/2017\/10\/avoriaz-map.jpg","contentUrl":"https:\/\/powdercab.com\/wp-content\/uploads\/2017\/10\/avoriaz-map.jpg"},{"@type":"BreadcrumbList","@id":"https:\/\/powdercab.com\/fr\/nos-destinations\/avoriaz-haut-de-station-ou-les-prodains\/#breadcrumb","itemListElement":[{"@type":"ListItem","position":1,"name":"Home","item":"https:\/\/powdercab.com\/fr\/"},{"@type":"ListItem","position":2,"name":"Nos Destinations","item":"https:\/\/powdercab.com\/fr\/nos-destinations\/"},{"@type":"ListItem","position":3,"name":"Avoriaz: Haut de Station ou les Prodains ?"}]},{"@type":"WebSite","@id":"https:\/\/powdercab.com\/fr\/#website","url":"https:\/\/powdercab.com\/fr\/","name":"PowderCab","description":"Alpine Resort Transfers","potentialAction":[{"@type":"SearchAction","target":{"@type":"EntryPoint","urlTemplate":"https:\/\/powdercab.com\/fr\/?s={search_term_string}"},"query-input":{"@type":"PropertyValueSpecification","valueRequired":true,"valueName":"search_term_string"}}],"inLanguage":"fr-FR"}]}},"_links":{"self":[{"href":"https:\/\/powdercab.com\/fr\/wp-json\/wp\/v2\/pages\/6044","targetHints":{"allow":["GET"]}}],"collection":[{"href":"https:\/\/powdercab.com\/fr\/wp-json\/wp\/v2\/pages"}],"about":[{"href":"https:\/\/powdercab.com\/fr\/wp-json\/wp\/v2\/types\/page"}],"author":[{"embeddable":true,"href":"https:\/\/powdercab.com\/fr\/wp-json\/wp\/v2\/users\/2"}],"replies":[{"embeddable":true,"href":"https:\/\/powdercab.com\/fr\/wp-json\/wp\/v2\/comments?post=6044"}],"version-history":[{"count":6,"href":"https:\/\/powdercab.com\/fr\/wp-json\/wp\/v2\/pages\/6044\/revisions"}],"predecessor-version":[{"id":6409,"href":"https:\/\/powdercab.com\/fr\/wp-json\/wp\/v2\/pages\/6044\/revisions\/6409"}],"up":[{"embeddable":true,"href":"https:\/\/powdercab.com\/fr\/wp-json\/wp\/v2\/pages\/6004"}],"wp:attachment":[{"href":"https:\/\/powdercab.com\/fr\/wp-json\/wp\/v2\/media?parent=6044"}],"curies":[{"name":"wp","href":"https:\/\/api.w.org\/{rel}","templated":true}]}}