{"id":6004,"date":"2020-07-07T17:37:56","date_gmt":"2020-07-07T15:37:56","guid":{"rendered":"https:\/\/powdercab.com\/nos-destinations\/"},"modified":"2020-08-14T15:26:24","modified_gmt":"2020-08-14T13:26:24","slug":"nos-destinations","status":"publish","type":"page","link":"https:\/\/powdercab.com\/fr\/nos-destinations\/","title":{"rendered":"Nos Destinations"},"content":{"rendered":"[vc_row padding=\u00a0\u00bb0&Prime;][vc_column][vc_column_text css=\u00a0\u00bb.vc_custom_1543575079543{margin-bottom: 0px !important;}\u00a0\u00bb]\n<h1>Nos Destinations<\/h1>\n[\/vc_column_text][vc_column_text css=\u00a0\u00bb.vc_custom_1597411579716{margin-bottom: 0px !important;}\u00a0\u00bb]Nous op\u00e9rons des transferts partag\u00e9s et priv\u00e9s vers les destinations ci-dessous avec des prix \u00e0 partir de seulement 20 \u20ac par personne. Pour plus d&rsquo;informations sur ces destinations et sur nos services, faites d\u00e9filer vers le bas et cliquez sur la station vers laquelle vous vous rendez.[\/vc_column_text][mk_padding_divider][\/vc_column][\/vc_row][vc_row padding=\u00a0\u00bb0&Prime;][vc_column][mk_fancy_title color=\u00a0\u00bb#393836&Prime; size=\u00a0\u00bb24&Prime; font_weight=\u00a0\u00bbnormal\u00a0\u00bb font_style=\u00a0\u00bbinhert\u00a0\u00bb margin_bottom=\u00a0\u00bb18&Prime; font_family=\u00a0\u00bbnone\u00a0\u00bb]Portes Du Soleil[\/mk_fancy_title][\/vc_column][\/vc_row][vc_row padding=\u00a0\u00bb0&Prime;][vc_column width=\u00a0\u00bb1\/3&Prime;][mk_image heading_title=\u00a0\u00bbMorzine\u00a0\u00bb src=\u00a0\u00bbhttps:\/\/powdercab.com\/wp-content\/uploads\/2012\/09\/morzine-town.jpg\u00a0\u00bb image_width=\u00a0\u00bb900&Prime; image_height=\u00a0\u00bb675&Prime; frame_style=\u00a0\u00bbborder_shadow\u00a0\u00bb link=\u00a0\u00bbhttps:\/\/powdercab.com\/fr\/nos-destinations\/transferts-morzine\/\u00a0\u00bb title=\u00a0\u00bb1 heure 15 minutes de Gen\u00e8ve\u00a0\u00bb align=\u00a0\u00bbcenter\u00a0\u00bb crop=\u00a0\u00bbtrue\u00a0\u00bb][\/vc_column][vc_column width=\u00a0\u00bb1\/3&Prime;][mk_image heading_title=\u00a0\u00bbLes Gets\u00a0\u00bb src=\u00a0\u00bbhttps:\/\/powdercab.com\/wp-content\/uploads\/2012\/09\/les-gets-slopes.jpg\u00a0\u00bb image_width=\u00a0\u00bb900&Prime; image_height=\u00a0\u00bb675&Prime; frame_style=\u00a0\u00bbborder_shadow\u00a0\u00bb link=\u00a0\u00bbhttps:\/\/powdercab.com\/fr\/nos-destinations\/transferts-les-gets\/\u00a0\u00bb title=\u00a0\u00bb1 heure 10 minutes de Gen\u00e8ve\u00a0\u00bb align=\u00a0\u00bbcenter\u00a0\u00bb crop=\u00a0\u00bbtrue\u00a0\u00bb][\/vc_column][vc_column width=\u00a0\u00bb1\/3&Prime;][mk_image heading_title=\u00a0\u00bbAvoriaz\u00a0\u00bb src=\u00a0\u00bbhttp:\/\/powdercab.com\/wp-content\/uploads\/2012\/09\/Avo-At-Night.jpg\u00a0\u00bb image_width=\u00a0\u00bb900&Prime; image_height=\u00a0\u00bb675&Prime; custom_lightbox=\u00a0\u00bbhttps:\/\/powdercab.com\/fr\/nos-destinations\/transferts-avoriaz\/\u00a0\u00bb frame_style=\u00a0\u00bbborder_shadow\u00a0\u00bb link=\u00a0\u00bbhttp:\/\/powdercab.com\/destinations\/geneva-avoriaz-transfers\/\u00a0\u00bb title=\u00a0\u00bb1 heure 40 minutes de Gen\u00e8ve\u00a0\u00bb align=\u00a0\u00bbcenter\u00a0\u00bb crop=\u00a0\u00bbtrue\u00a0\u00bb][\/vc_column][\/vc_row][vc_row padding=\u00a0\u00bb0&Prime;][vc_column width=\u00a0\u00bb1\/3&Prime;][mk_image heading_title=\u00a0\u00bbMontriond\u00a0\u00bb src=\u00a0\u00bbhttp:\/\/powdercab.com\/wp-content\/uploads\/2012\/09\/image_03_montriond_110.jpg\u00a0\u00bb image_width=\u00a0\u00bb900&Prime; image_height=\u00a0\u00bb675&Prime; frame_style=\u00a0\u00bbrounded\u00a0\u00bb link=\u00a0\u00bbhttps:\/\/powdercab.com\/fr\/nos-destinations\/transferts-montriond\/\u00a0\u00bb title=\u00a0\u00bb1 heure 20 minutes de Gen\u00e8ve\u00a0\u00bb align=\u00a0\u00bbcenter\u00a0\u00bb crop=\u00a0\u00bbtrue\u00a0\u00bb][\/vc_column][vc_column width=\u00a0\u00bb1\/3&Prime;][mk_image heading_title=\u00a0\u00bbSt Jean D&rsquo;Aulps\u00a0\u00bb src=\u00a0\u00bbhttp:\/\/powdercab.com\/wp-content\/uploads\/2012\/09\/image_01_st_jean_d_aulps_74.jpg\u00a0\u00bb image_width=\u00a0\u00bb900&Prime; image_height=\u00a0\u00bb675&Prime; frame_style=\u00a0\u00bbrounded\u00a0\u00bb link=\u00a0\u00bbhttps:\/\/powdercab.com\/fr\/nos-destinations\/transferts-st-jean-daulps\/\u00a0\u00bb title=\u00a0\u00bb1 heure 25 minutes de Gen\u00e8ve\u00a0\u00bb align=\u00a0\u00bbcenter\u00a0\u00bb crop=\u00a0\u00bbtrue\u00a0\u00bb][\/vc_column][vc_column width=\u00a0\u00bb1\/3&Prime;][\/vc_column][\/vc_row][vc_row padding=\u00a0\u00bb0&Prime;][vc_column][mk_padding_divider][\/vc_column][\/vc_row][vc_row padding=\u00a0\u00bb0&Prime;][vc_column][mk_padding_divider][mk_fancy_title color=\u00a0\u00bb#393836&Prime; size=\u00a0\u00bb24&Prime; font_weight=\u00a0\u00bbnormal\u00a0\u00bb font_style=\u00a0\u00bbinhert\u00a0\u00bb margin_bottom=\u00a0\u00bb18&Prime; font_family=\u00a0\u00bbnone\u00a0\u00bb]Le Grand Massif[\/mk_fancy_title][\/vc_column][\/vc_row][vc_row padding=\u00a0\u00bb0&Prime;][vc_column width=\u00a0\u00bb1\/3&Prime;][mk_image heading_title=\u00a0\u00bbMorillon\u00a0\u00bb src=\u00a0\u00bbhttp:\/\/powdercab.com\/wp-content\/uploads\/2012\/09\/1297104967_M.Martel_OTLesGets_1430_s900x6751.jpg\u00a0\u00bb image_width=\u00a0\u00bb900&Prime; image_height=\u00a0\u00bb675&Prime; frame_style=\u00a0\u00bbrounded\u00a0\u00bb link=\u00a0\u00bbhttps:\/\/powdercab.com\/fr\/nos-destinations\/transferts-morillon\/\u00a0\u00bb title=\u00a0\u00bb1 heure 5 minutes de Gen\u00e8ve\u00a0\u00bb align=\u00a0\u00bbcenter\u00a0\u00bb crop=\u00a0\u00bbtrue\u00a0\u00bb][\/vc_column][vc_column width=\u00a0\u00bb1\/3&Prime;][mk_image heading_title=\u00a0\u00bbSamo\u00ebns\u00a0\u00bb src=\u00a0\u00bbhttp:\/\/powdercab.com\/wp-content\/uploads\/2012\/09\/1297104967_M.Martel_OTLesGets_1430_s900x6751.jpg\u00a0\u00bb image_width=\u00a0\u00bb900&Prime; image_height=\u00a0\u00bb675&Prime; frame_style=\u00a0\u00bbrounded\u00a0\u00bb link=\u00a0\u00bbhttps:\/\/powdercab.com\/fr\/nos-destinations\/transferts-samoens\/\u00a0\u00bb title=\u00a0\u00bb1 heure 10 minutes de Gen\u00e8ve\u00a0\u00bb align=\u00a0\u00bbcenter\u00a0\u00bb crop=\u00a0\u00bbtrue\u00a0\u00bb][\/vc_column][vc_column width=\u00a0\u00bb1\/3&Prime;][\/vc_column][\/vc_row][vc_row padding=\u00a0\u00bb0&Prime;][vc_column][mk_padding_divider][mk_fancy_title color=\u00a0\u00bb#393836&Prime; size=\u00a0\u00bb24&Prime; font_weight=\u00a0\u00bbnormal\u00a0\u00bb font_style=\u00a0\u00bbinhert\u00a0\u00bb margin_bottom=\u00a0\u00bb18&Prime; font_family=\u00a0\u00bbnone\u00a0\u00bb]Autres[\/mk_fancy_title][\/vc_column][\/vc_row][vc_row padding=\u00a0\u00bb0&Prime;][vc_column][vc_column_text css=\u00a0\u00bb.vc_custom_1597411538533{margin-bottom: 0px !important;}\u00a0\u00bb]Nous op\u00e9rons \u00e9galement des services de transfert vers nos stations voisines de Praz De Lys, Chamonix, Flaine, Chatel, St Gervais, Meg\u00e8ve, Grand Bornand &amp; La Clusaz. <a href=\"mailto:info@powdercab.com?subject=Booking Enquiry\" target=\"_blank\" rel=\"noopener noreferrer\"><strong>Contactez-nous<\/strong> directement pour un devis sur mesure<\/a>.[\/vc_column_text][\/vc_column][\/vc_row]\n","protected":false},"excerpt":{"rendered":"<p>[vc_row padding=\u00a0\u00bb0&Prime;][vc_column][vc_column_text css=\u00a0\u00bb.vc_custom_1543575079543{margin-bottom: 0px !important;}\u00a0\u00bb] Nos Destinations [\/vc_column_text][vc_column_text css=\u00a0\u00bb.vc_custom_1597411579716{margin-bottom: 0px !important;}\u00a0\u00bb]Nous op\u00e9rons des transferts partag\u00e9s et priv\u00e9s vers les destinations ci-dessous avec des prix \u00e0 partir de seulement 20 \u20ac par personne. Pour plus d&rsquo;informations sur ces destinations et sur nos services, faites d\u00e9filer vers le bas et cliquez sur la station vers laquelle vous [&hellip;]<\/p>\n","protected":false},"author":2,"featured_media":0,"parent":0,"menu_order":0,"comment_status":"closed","ping_status":"closed","template":"","meta":{"footnotes":""},"class_list":["post-6004","page","type-page","status-publish","hentry"],"yoast_head":"<!-- This site is optimized with the Yoast SEO plugin v26.8 - https:\/\/yoast.com\/product\/yoast-seo-wordpress\/ -->\n<title>Nos Destinations - PowderCab<\/title>\n<meta name=\"robots\" content=\"index, follow, max-snippet:-1, max-image-preview:large, max-video-preview:-1\" \/>\n<link rel=\"canonical\" href=\"https:\/\/powdercab.com\/fr\/nos-destinations\/\" \/>\n<meta property=\"og:locale\" content=\"fr_FR\" \/>\n<meta property=\"og:type\" content=\"article\" \/>\n<meta property=\"og:title\" content=\"Nos Destinations - PowderCab\" \/>\n<meta property=\"og:description\" content=\"[vc_row padding=\u00a0\u00bb0&Prime;][vc_column][vc_column_text css=\u00a0\u00bb.vc_custom_1543575079543{margin-bottom: 0px !important;}\u00a0\u00bb] Nos Destinations [\/vc_column_text][vc_column_text css=\u00a0\u00bb.vc_custom_1597411579716{margin-bottom: 0px !important;}\u00a0\u00bb]Nous op\u00e9rons des transferts partag\u00e9s et priv\u00e9s vers les destinations ci-dessous avec des prix \u00e0 partir de seulement 20 \u20ac par personne. Pour plus d&rsquo;informations sur ces destinations et sur nos services, faites d\u00e9filer vers le bas et cliquez sur la station vers laquelle vous [&hellip;]\" \/>\n<meta property=\"og:url\" content=\"https:\/\/powdercab.com\/fr\/nos-destinations\/\" \/>\n<meta property=\"og:site_name\" content=\"PowderCab\" \/>\n<meta property=\"article:modified_time\" content=\"2020-08-14T13:26:24+00:00\" \/>\n<meta name=\"twitter:card\" content=\"summary_large_image\" \/>\n<meta name=\"twitter:label1\" content=\"Dur\u00e9e de lecture estim\u00e9e\" \/>\n\t<meta name=\"twitter:data1\" content=\"3 minutes\" \/>\n<script type=\"application\/ld+json\" class=\"yoast-schema-graph\">{\"@context\":\"https:\/\/schema.org\",\"@graph\":[{\"@type\":\"WebPage\",\"@id\":\"https:\/\/powdercab.com\/fr\/nos-destinations\/\",\"url\":\"https:\/\/powdercab.com\/fr\/nos-destinations\/\",\"name\":\"Nos Destinations - PowderCab\",\"isPartOf\":{\"@id\":\"https:\/\/powdercab.com\/fr\/#website\"},\"datePublished\":\"2020-07-07T15:37:56+00:00\",\"dateModified\":\"2020-08-14T13:26:24+00:00\",\"breadcrumb\":{\"@id\":\"https:\/\/powdercab.com\/fr\/nos-destinations\/#breadcrumb\"},\"inLanguage\":\"fr-FR\",\"potentialAction\":[{\"@type\":\"ReadAction\",\"target\":[\"https:\/\/powdercab.com\/fr\/nos-destinations\/\"]}]},{\"@type\":\"BreadcrumbList\",\"@id\":\"https:\/\/powdercab.com\/fr\/nos-destinations\/#breadcrumb\",\"itemListElement\":[{\"@type\":\"ListItem\",\"position\":1,\"name\":\"Home\",\"item\":\"https:\/\/powdercab.com\/fr\/\"},{\"@type\":\"ListItem\",\"position\":2,\"name\":\"Nos Destinations\"}]},{\"@type\":\"WebSite\",\"@id\":\"https:\/\/powdercab.com\/fr\/#website\",\"url\":\"https:\/\/powdercab.com\/fr\/\",\"name\":\"PowderCab\",\"description\":\"Alpine Resort Transfers\",\"potentialAction\":[{\"@type\":\"SearchAction\",\"target\":{\"@type\":\"EntryPoint\",\"urlTemplate\":\"https:\/\/powdercab.com\/fr\/?s={search_term_string}\"},\"query-input\":{\"@type\":\"PropertyValueSpecification\",\"valueRequired\":true,\"valueName\":\"search_term_string\"}}],\"inLanguage\":\"fr-FR\"}]}<\/script>\n<!-- \/ Yoast SEO plugin. -->","yoast_head_json":{"title":"Nos Destinations - PowderCab","robots":{"index":"index","follow":"follow","max-snippet":"max-snippet:-1","max-image-preview":"max-image-preview:large","max-video-preview":"max-video-preview:-1"},"canonical":"https:\/\/powdercab.com\/fr\/nos-destinations\/","og_locale":"fr_FR","og_type":"article","og_title":"Nos Destinations - PowderCab","og_description":"[vc_row padding=\u00a0\u00bb0&Prime;][vc_column][vc_column_text css=\u00a0\u00bb.vc_custom_1543575079543{margin-bottom: 0px !important;}\u00a0\u00bb] Nos Destinations [\/vc_column_text][vc_column_text css=\u00a0\u00bb.vc_custom_1597411579716{margin-bottom: 0px !important;}\u00a0\u00bb]Nous op\u00e9rons des transferts partag\u00e9s et priv\u00e9s vers les destinations ci-dessous avec des prix \u00e0 partir de seulement 20 \u20ac par personne. Pour plus d&rsquo;informations sur ces destinations et sur nos services, faites d\u00e9filer vers le bas et cliquez sur la station vers laquelle vous [&hellip;]","og_url":"https:\/\/powdercab.com\/fr\/nos-destinations\/","og_site_name":"PowderCab","article_modified_time":"2020-08-14T13:26:24+00:00","twitter_card":"summary_large_image","twitter_misc":{"Dur\u00e9e de lecture estim\u00e9e":"3 minutes"},"schema":{"@context":"https:\/\/schema.org","@graph":[{"@type":"WebPage","@id":"https:\/\/powdercab.com\/fr\/nos-destinations\/","url":"https:\/\/powdercab.com\/fr\/nos-destinations\/","name":"Nos Destinations - PowderCab","isPartOf":{"@id":"https:\/\/powdercab.com\/fr\/#website"},"datePublished":"2020-07-07T15:37:56+00:00","dateModified":"2020-08-14T13:26:24+00:00","breadcrumb":{"@id":"https:\/\/powdercab.com\/fr\/nos-destinations\/#breadcrumb"},"inLanguage":"fr-FR","potentialAction":[{"@type":"ReadAction","target":["https:\/\/powdercab.com\/fr\/nos-destinations\/"]}]},{"@type":"BreadcrumbList","@id":"https:\/\/powdercab.com\/fr\/nos-destinations\/#breadcrumb","itemListElement":[{"@type":"ListItem","position":1,"name":"Home","item":"https:\/\/powdercab.com\/fr\/"},{"@type":"ListItem","position":2,"name":"Nos Destinations"}]},{"@type":"WebSite","@id":"https:\/\/powdercab.com\/fr\/#website","url":"https:\/\/powdercab.com\/fr\/","name":"PowderCab","description":"Alpine Resort Transfers","potentialAction":[{"@type":"SearchAction","target":{"@type":"EntryPoint","urlTemplate":"https:\/\/powdercab.com\/fr\/?s={search_term_string}"},"query-input":{"@type":"PropertyValueSpecification","valueRequired":true,"valueName":"search_term_string"}}],"inLanguage":"fr-FR"}]}},"_links":{"self":[{"href":"https:\/\/powdercab.com\/fr\/wp-json\/wp\/v2\/pages\/6004","targetHints":{"allow":["GET"]}}],"collection":[{"href":"https:\/\/powdercab.com\/fr\/wp-json\/wp\/v2\/pages"}],"about":[{"href":"https:\/\/powdercab.com\/fr\/wp-json\/wp\/v2\/types\/page"}],"author":[{"embeddable":true,"href":"https:\/\/powdercab.com\/fr\/wp-json\/wp\/v2\/users\/2"}],"replies":[{"embeddable":true,"href":"https:\/\/powdercab.com\/fr\/wp-json\/wp\/v2\/comments?post=6004"}],"version-history":[{"count":5,"href":"https:\/\/powdercab.com\/fr\/wp-json\/wp\/v2\/pages\/6004\/revisions"}],"predecessor-version":[{"id":6218,"href":"https:\/\/powdercab.com\/fr\/wp-json\/wp\/v2\/pages\/6004\/revisions\/6218"}],"wp:attachment":[{"href":"https:\/\/powdercab.com\/fr\/wp-json\/wp\/v2\/media?parent=6004"}],"curies":[{"name":"wp","href":"https:\/\/api.w.org\/{rel}","templated":true}]}}